{"id":1403,"date":"2023-11-10T16:27:42","date_gmt":"2023-11-10T19:27:42","guid":{"rendered":"https:\/\/www.medideal.com.br\/?post_type=product&#038;p=1403"},"modified":"2024-01-12T17:30:03","modified_gmt":"2024-01-12T20:30:03","slug":"joelheira-com-orificio-e-reforco-kestal","status":"publish","type":"product","link":"https:\/\/www.medideal.com.br\/en\/joelheira-com-orificio-e-reforco-kestal\/","title":{"rendered":"Joelheira Com Orif\u00edcio e Refor\u00e7o &#8211; Kestal"},"content":{"rendered":"<div class=\"product-description\">\n<p>A Joelheira com Orif\u00edcio e Refor\u00e7o Patelar Kestal possui corte anat\u00f4mico que confere maior suporte e compress\u00e3o. O orif\u00edcio refor\u00e7ado mant\u00e9m a patela centralizada protegida.<\/p>\n<p>Atua na prevenc\u0327\u00e3o e recupera\u00e7\u00e3o de les\u00f5es musculares: contus\u00f5es, entorses, tendinites, condromal\u00e1cia, luxac\u0327\u00f5es e bursites. Uso ortop\u00e9dico ou para a pr\u00e1tica esportiva.<\/p>\n<p><strong>Tamanhos:<\/strong><br \/>\n33cm x 35cm (PP)<br \/>\n35cm x 38cm (P)<br \/>\n38cm x 41cm (M)<br \/>\n41cm x 44cm (G)<br \/>\n44cm x 46cm (GG)<\/p>\n<p><strong>Composi\u00e7\u00e3o:<\/strong><br \/>\nBorracha de cloropreno revestida com tecido 100% Poliamida.<\/p>\n<\/div>\n<section class=\"product-information\">\u00a0<\/section>","protected":false},"excerpt":{"rendered":"<p>Atua na prevenc\u0327\u00e3o e recupera\u00e7\u00e3o de les\u00f5es musculares: contus\u00f5es, entorses, tendinites, condromal\u00e1cia, luxac\u0327\u00f5es e bursites. Uso ortop\u00e9dico ou para a pr\u00e1tica esportiva.<\/p>","protected":false},"featured_media":1409,"comment_status":"open","ping_status":"closed","template":"","meta":{"_joinchat":[]},"product_brand":[],"product_cat":[25],"product_tag":[],"class_list":{"0":"post-1403","1":"product","2":"type-product","3":"status-publish","4":"has-post-thumbnail","6":"product_cat-ortopedia","8":"first","9":"instock","10":"shipping-taxable","11":"purchasable","12":"product-type-variable"},"_links":{"self":[{"href":"https:\/\/www.medideal.com.br\/en\/wp-json\/wp\/v2\/product\/1403","targetHints":{"allow":["GET"]}}],"collection":[{"href":"https:\/\/www.medideal.com.br\/en\/wp-json\/wp\/v2\/product"}],"about":[{"href":"https:\/\/www.medideal.com.br\/en\/wp-json\/wp\/v2\/types\/product"}],"replies":[{"embeddable":true,"href":"https:\/\/www.medideal.com.br\/en\/wp-json\/wp\/v2\/comments?post=1403"}],"wp:featuredmedia":[{"embeddable":true,"href":"https:\/\/www.medideal.com.br\/en\/wp-json\/wp\/v2\/media\/1409"}],"wp:attachment":[{"href":"https:\/\/www.medideal.com.br\/en\/wp-json\/wp\/v2\/media?parent=1403"}],"wp:term":[{"taxonomy":"product_brand","embeddable":true,"href":"https:\/\/www.medideal.com.br\/en\/wp-json\/wp\/v2\/product_brand?post=1403"},{"taxonomy":"product_cat","embeddable":true,"href":"https:\/\/www.medideal.com.br\/en\/wp-json\/wp\/v2\/product_cat?post=1403"},{"taxonomy":"product_tag","embeddable":true,"href":"https:\/\/www.medideal.com.br\/en\/wp-json\/wp\/v2\/product_tag?post=1403"}],"curies":[{"name":"wp","href":"https:\/\/api.w.org\/{rel}","templated":true}]}}