{"id":1395,"date":"2023-11-10T16:05:22","date_gmt":"2023-11-10T19:05:22","guid":{"rendered":"https:\/\/www.medideal.com.br\/?post_type=product&#038;p=1395"},"modified":"2024-01-25T10:57:12","modified_gmt":"2024-01-25T13:57:12","slug":"cinta-modeladora-standard-hidrolight","status":"publish","type":"product","link":"https:\/\/www.medideal.com.br\/en\/cinta-modeladora-standard-hidrolight\/","title":{"rendered":"Cinta Modeladora Standard &#8211; Hidrolight"},"content":{"rendered":"<p><strong>\u2714<\/strong>\u00a0Reduz medidas instantaneamente;<\/p>\n<p><strong>\u2714<\/strong>\u00a0Afina a cintura, valorizando a silhueta;<\/p>\n<p><strong>\u2714<\/strong>\u00a0F\u00e1cil posicionamento e ajuste;<\/p>\n<p><strong>\u2714<\/strong>\u00a0Oferece diferentes n\u00edveis de compress\u00e3o;<\/p>\n<p><strong>\u2714<\/strong>\u00a0El\u00e1stico remov\u00edvel que intensifica o efeito;<\/p>\n<p><strong>\u2714<\/strong>\u00a0Modela o tecido adiposo;<\/p>\n<p><strong>\u2714<\/strong>\u00a0Possui\u00a0<em>design<\/em>\u00a0anat\u00f4mico;<\/p>\n<p><strong>\u2714<\/strong>\u00a0Auxilia na corre\u00e7\u00e3o postural;<\/p>\n<p><strong>\u2714<\/strong>\u00a0Estimula a circula\u00e7\u00e3o, favorecendo a queima de gordura;<\/p>\n<p><strong>\u2714<\/strong>\u00a0Ajuda a aliviar dores lombares.<\/p>\n<table class=\"pattern__wrapper\">\n<tbody>\n<tr>\n<td>\n<h2 class=\"subline\">Tamanhos<\/h2>\n<p>P: 60 &#8211; 70cm | M: 71 &#8211; 82cm | G: 83 &#8211; 93cm | GG: 94 &#8211; 105cm | XGG: 106 &#8211; 125cm (Medir a circunfer\u00eancia abdominal na altura do umbigo)<\/td>\n<\/tr>\n<tr>\n<td>\n<h2 class=\"subline\">Indica\u00e7\u00f5es<\/h2>\n<p>A cinta \u00e9 at\u00f3xica, lav\u00e1vel e pode ser utilizada na pr\u00e1tica de exerc\u00edcios f\u00edsicos, pois aumenta a circula\u00e7\u00e3o sangu\u00ednea na regi\u00e3o, ocasionando a transpira\u00e7\u00e3o local e favorecendo a queima de gordura.<\/p>\n<p>Promove a redu\u00e7\u00e3o de medidas instantaneamente, afina a cintura valorizando a silhueta. Al\u00e9m disso, oferece excelente compress\u00e3o, modelando o tecido adiposo. Ainda auxilia na corre\u00e7\u00e3o da postura e ajuda a aliviar dores lombares.<\/td>\n<\/tr>\n<tr>\n<td>\n<h2 class=\"subline\">Instru\u00e7\u00f5es de Uso<\/h2>\n<p>Abra as abas do el\u00e1stico externo e as abas da cinta. Posicione-a na regi\u00e3o lombar e puxe suas abas e feche-as em torno do abd\u00f4men. Caso ache necess\u00e1rio, use o el\u00e1stico externo a fim de garantir maior compress\u00e3o.<\/td>\n<\/tr>\n<tr>\n<td>\n<h2 class=\"subline\">Composi\u00e7\u00e3o<\/h2>\n<p>80% BORRACHA DE POLICLOROPRENO, 10% EL\u00c1STICO, 2% PVC E 8% NYLON.<\/td>\n<\/tr>\n<\/tbody>\n<\/table>","protected":false},"excerpt":{"rendered":"<p>Promove a redu\u00e7\u00e3o de medidas instantaneamente, afina a cintura valorizando a silhueta. Al\u00e9m disso, oferece excelente compress\u00e3o, modelando o tecido adiposo. Ainda auxilia na corre\u00e7\u00e3o da postura e ajuda a aliviar dores lombares.<\/p>","protected":false},"featured_media":1396,"comment_status":"open","ping_status":"closed","template":"","meta":{"_joinchat":[]},"product_brand":[],"product_cat":[117],"product_tag":[],"class_list":{"0":"post-1395","1":"product","2":"type-product","3":"status-publish","4":"has-post-thumbnail","6":"product_cat-faixa-elastica","8":"first","9":"instock","10":"shipping-taxable","11":"purchasable","12":"product-type-variable"},"_links":{"self":[{"href":"https:\/\/www.medideal.com.br\/en\/wp-json\/wp\/v2\/product\/1395","targetHints":{"allow":["GET"]}}],"collection":[{"href":"https:\/\/www.medideal.com.br\/en\/wp-json\/wp\/v2\/product"}],"about":[{"href":"https:\/\/www.medideal.com.br\/en\/wp-json\/wp\/v2\/types\/product"}],"replies":[{"embeddable":true,"href":"https:\/\/www.medideal.com.br\/en\/wp-json\/wp\/v2\/comments?post=1395"}],"wp:featuredmedia":[{"embeddable":true,"href":"https:\/\/www.medideal.com.br\/en\/wp-json\/wp\/v2\/media\/1396"}],"wp:attachment":[{"href":"https:\/\/www.medideal.com.br\/en\/wp-json\/wp\/v2\/media?parent=1395"}],"wp:term":[{"taxonomy":"product_brand","embeddable":true,"href":"https:\/\/www.medideal.com.br\/en\/wp-json\/wp\/v2\/product_brand?post=1395"},{"taxonomy":"product_cat","embeddable":true,"href":"https:\/\/www.medideal.com.br\/en\/wp-json\/wp\/v2\/product_cat?post=1395"},{"taxonomy":"product_tag","embeddable":true,"href":"https:\/\/www.medideal.com.br\/en\/wp-json\/wp\/v2\/product_tag?post=1395"}],"curies":[{"name":"wp","href":"https:\/\/api.w.org\/{rel}","templated":true}]}}