{"id":1388,"date":"2023-11-10T15:52:56","date_gmt":"2023-11-10T18:52:56","guid":{"rendered":"https:\/\/www.medideal.com.br\/?post_type=product&#038;p=1388"},"modified":"2024-01-25T10:57:39","modified_gmt":"2024-01-25T13:57:39","slug":"cinta-abdominal-hidrolight","status":"publish","type":"product","link":"https:\/\/www.medideal.com.br\/en\/cinta-abdominal-hidrolight\/","title":{"rendered":"Cinta Abdominal &#8211; Hidrolight"},"content":{"rendered":"<p>\u2714\u00a0Suporte e compress\u00e3o na regi\u00e3o do abd\u00f4men e lombar;<\/p>\n<p>\u2714\u00a0Promove al\u00edvio das tens\u00f5es musculares;<\/p>\n<p>\u2714\u00a0Fecho aderente ajusta a compress\u00e3o conforme a sua necessidade;<\/p>\n<p>\u2714\u00a0Ret\u00e9m o calor devido ao material em neoprene;<\/p>\n<p>\u2714\u00a0Auxilia no al\u00edvio da dor.<\/p>\n<table class=\"pattern__wrapper\">\n<tbody>\n<tr>\n<td>\n<h2 class=\"subline\">Tamanhos<\/h2>\n<p>P &#8211; 100cm x 20cm | M &#8211; 130cm x 25cm | G &#8211; 130cm x 30cm<\/td>\n<\/tr>\n<tr>\n<td>\n<h2 class=\"subline\">Indica\u00e7\u00f5es<\/h2>\n<p>Combate \u00e0 flacidez abdominal; Uso no p\u00f3s-parto e p\u00f3s-cir\u00fargico; Preven\u00e7\u00e3o de les\u00f5es durante a pr\u00e1tica de exerc\u00edcios. CONSULTE UM ESPECIALISTA.<\/td>\n<\/tr>\n<tr>\n<td>\n<h2 class=\"subline\">Instru\u00e7\u00f5es de Uso<\/h2>\n<p>Posicione a cinta na regi\u00e3o do abd\u00f4men de forma que as abas fechem no corpo, ajustando atrav\u00e9s das abas de fecho aderente.<\/td>\n<\/tr>\n<tr>\n<td>\n<h2 class=\"subline\">Composi\u00e7\u00e3o<\/h2>\n<p>Borracha de cloropreno revestida com tecido 100% poliamida.<\/td>\n<\/tr>\n<\/tbody>\n<\/table>","protected":false},"excerpt":{"rendered":"<p>Combate \u00e0 flacidez abdominal; Uso no p\u00f3s-parto e p\u00f3s-cir\u00fargico; Preven\u00e7\u00e3o de les\u00f5es durante a pr\u00e1tica de exerc\u00edcios.<\/p>","protected":false},"featured_media":1389,"comment_status":"open","ping_status":"closed","template":"","meta":{"_joinchat":[]},"product_brand":[],"product_cat":[117],"product_tag":[],"class_list":{"0":"post-1388","1":"product","2":"type-product","3":"status-publish","4":"has-post-thumbnail","6":"product_cat-faixa-elastica","8":"first","9":"instock","10":"shipping-taxable","11":"purchasable","12":"product-type-variable"},"_links":{"self":[{"href":"https:\/\/www.medideal.com.br\/en\/wp-json\/wp\/v2\/product\/1388","targetHints":{"allow":["GET"]}}],"collection":[{"href":"https:\/\/www.medideal.com.br\/en\/wp-json\/wp\/v2\/product"}],"about":[{"href":"https:\/\/www.medideal.com.br\/en\/wp-json\/wp\/v2\/types\/product"}],"replies":[{"embeddable":true,"href":"https:\/\/www.medideal.com.br\/en\/wp-json\/wp\/v2\/comments?post=1388"}],"wp:featuredmedia":[{"embeddable":true,"href":"https:\/\/www.medideal.com.br\/en\/wp-json\/wp\/v2\/media\/1389"}],"wp:attachment":[{"href":"https:\/\/www.medideal.com.br\/en\/wp-json\/wp\/v2\/media?parent=1388"}],"wp:term":[{"taxonomy":"product_brand","embeddable":true,"href":"https:\/\/www.medideal.com.br\/en\/wp-json\/wp\/v2\/product_brand?post=1388"},{"taxonomy":"product_cat","embeddable":true,"href":"https:\/\/www.medideal.com.br\/en\/wp-json\/wp\/v2\/product_cat?post=1388"},{"taxonomy":"product_tag","embeddable":true,"href":"https:\/\/www.medideal.com.br\/en\/wp-json\/wp\/v2\/product_tag?post=1388"}],"curies":[{"name":"wp","href":"https:\/\/api.w.org\/{rel}","templated":true}]}}