{"id":1385,"date":"2023-11-10T15:46:30","date_gmt":"2023-11-10T18:46:30","guid":{"rendered":"https:\/\/www.medideal.com.br\/?post_type=product&#038;p=1385"},"modified":"2024-01-12T17:19:08","modified_gmt":"2024-01-12T20:19:08","slug":"almofada-conforto-plantar-hidrolight","status":"publish","type":"product","link":"https:\/\/www.medideal.com.br\/en\/almofada-conforto-plantar-hidrolight\/","title":{"rendered":"Almofada Conforto Plantar &#8211; Hidrolight"},"content":{"rendered":"<p>\u2714\u00a0Reduz Impacto;<\/p>\n<p>\u2714\u00a0Anat\u00f4mico;<\/p>\n<p>\u2714\u00a0Cabe Dentro do Cal\u00e7ado;<\/p>\n<p>\u2714\u00a0Para Metatarsalgia;<\/p>\n<p>\u2714\u00a0Textura Massageadora.<\/p>\n<table class=\"pattern__wrapper\">\n<tbody>\n<tr>\n<td>\n<h2 class=\"subline\">Tamanhos<\/h2>\n<p>\u00danico<\/td>\n<\/tr>\n<tr>\n<td>\n<h2 class=\"subline\">Indica\u00e7\u00f5es<\/h2>\n<p>Indicada para dor na regi\u00e3o Metatarsalgia. Auxilia a absor\u00e7\u00e3o do impacto ao caminhar. Possui toque macio e textura que promove massagem. Pode ser utilizada em cal\u00e7ados fechados ou abertos e em salto alto.<\/td>\n<\/tr>\n<tr>\n<td>\n<h2 class=\"subline\">Instru\u00e7\u00f5es de Uso<\/h2>\n<p>Retire a prote\u00e7\u00e3o da almofada e posicione na regi\u00e3o plantar do cal\u00e7ado.<\/td>\n<\/tr>\n<tr>\n<td>\n<h2 class=\"subline\">Composi\u00e7\u00e3o<\/h2>\n<p>100% Gel Pol\u00edmero (sebs)<\/td>\n<\/tr>\n<\/tbody>\n<\/table>\n<p>&nbsp;<\/p>","protected":false},"excerpt":{"rendered":"<p>Indicada para dor na regi\u00e3o Metatarsalgia. Auxilia a absor\u00e7\u00e3o do impacto ao caminhar. Possui toque macio e textura que promove massagem. Pode ser utilizada em cal\u00e7ados fechados ou abertos e em salto alto.<\/p>","protected":false},"featured_media":1386,"comment_status":"open","ping_status":"closed","template":"","meta":{"_joinchat":[]},"product_brand":[],"product_cat":[25],"product_tag":[],"class_list":{"0":"post-1385","1":"product","2":"type-product","3":"status-publish","4":"has-post-thumbnail","6":"product_cat-ortopedia","8":"first","9":"instock","10":"shipping-taxable","11":"purchasable","12":"product-type-simple"},"_links":{"self":[{"href":"https:\/\/www.medideal.com.br\/en\/wp-json\/wp\/v2\/product\/1385","targetHints":{"allow":["GET"]}}],"collection":[{"href":"https:\/\/www.medideal.com.br\/en\/wp-json\/wp\/v2\/product"}],"about":[{"href":"https:\/\/www.medideal.com.br\/en\/wp-json\/wp\/v2\/types\/product"}],"replies":[{"embeddable":true,"href":"https:\/\/www.medideal.com.br\/en\/wp-json\/wp\/v2\/comments?post=1385"}],"wp:featuredmedia":[{"embeddable":true,"href":"https:\/\/www.medideal.com.br\/en\/wp-json\/wp\/v2\/media\/1386"}],"wp:attachment":[{"href":"https:\/\/www.medideal.com.br\/en\/wp-json\/wp\/v2\/media?parent=1385"}],"wp:term":[{"taxonomy":"product_brand","embeddable":true,"href":"https:\/\/www.medideal.com.br\/en\/wp-json\/wp\/v2\/product_brand?post=1385"},{"taxonomy":"product_cat","embeddable":true,"href":"https:\/\/www.medideal.com.br\/en\/wp-json\/wp\/v2\/product_cat?post=1385"},{"taxonomy":"product_tag","embeddable":true,"href":"https:\/\/www.medideal.com.br\/en\/wp-json\/wp\/v2\/product_tag?post=1385"}],"curies":[{"name":"wp","href":"https:\/\/api.w.org\/{rel}","templated":true}]}}