{"id":1384,"date":"2023-11-10T15:43:20","date_gmt":"2023-11-10T18:43:20","guid":{"rendered":"https:\/\/www.medideal.com.br\/?post_type=product&#038;p=1384"},"modified":"2024-01-12T17:20:54","modified_gmt":"2024-01-12T20:20:54","slug":"almofada-plantar-g-gg-hidrolight","status":"publish","type":"product","link":"https:\/\/www.medideal.com.br\/en\/almofada-plantar-g-gg-hidrolight\/","title":{"rendered":"Almofada Plantar G\/GG &#8211; Hidrolight"},"content":{"rendered":"<p>\u2714\u00a0Reduz Impacto;<\/p>\n<p>\u2714\u00a0Anat\u00f4mico;<\/p>\n<p>\u2714\u00a0Para Metatarsalgia.<\/p>\n<table class=\"pattern__wrapper\">\n<tbody>\n<tr>\n<td>\n<h2 class=\"subline\">Tamanhos<\/h2>\n<p>P\/M | G\/GG<\/td>\n<\/tr>\n<tr>\n<td>\n<h2 class=\"subline\">Indica\u00e7\u00f5es<\/h2>\n<p>Al\u00edvio de dores na regi\u00e3o metat\u00e1rsica, fascite plantar, calosidade entre outros. Possui almofada confort\u00e1vel em gel, que absorve o impacto ao caminhar.<\/td>\n<\/tr>\n<tr>\n<td>\n<h2 class=\"subline\">Instru\u00e7\u00f5es de Uso<\/h2>\n<p>Vista a almofada e ap\u00f3s, vista o seu cal\u00e7ado.<\/td>\n<\/tr>\n<tr>\n<td>\n<h2 class=\"subline\">Composi\u00e7\u00e3o<\/h2>\n<p>94% poliamida, 6% elastodieno + almofada 100% gel pol\u00edmero (sebs)<\/td>\n<\/tr>\n<\/tbody>\n<\/table>","protected":false},"excerpt":{"rendered":"<p>Al\u00edvio de dores na regi\u00e3o metat\u00e1rsica, fascite plantar, calosidade entre outros. Possui almofada confort\u00e1vel em gel, que absorve o impacto ao caminhar.<\/p>","protected":false},"featured_media":1380,"comment_status":"open","ping_status":"closed","template":"","meta":{"_joinchat":[]},"product_brand":[],"product_cat":[25],"product_tag":[],"class_list":{"0":"post-1384","1":"product","2":"type-product","3":"status-publish","4":"has-post-thumbnail","6":"product_cat-ortopedia","8":"first","9":"instock","10":"shipping-taxable","11":"purchasable","12":"product-type-simple"},"_links":{"self":[{"href":"https:\/\/www.medideal.com.br\/en\/wp-json\/wp\/v2\/product\/1384","targetHints":{"allow":["GET"]}}],"collection":[{"href":"https:\/\/www.medideal.com.br\/en\/wp-json\/wp\/v2\/product"}],"about":[{"href":"https:\/\/www.medideal.com.br\/en\/wp-json\/wp\/v2\/types\/product"}],"replies":[{"embeddable":true,"href":"https:\/\/www.medideal.com.br\/en\/wp-json\/wp\/v2\/comments?post=1384"}],"wp:featuredmedia":[{"embeddable":true,"href":"https:\/\/www.medideal.com.br\/en\/wp-json\/wp\/v2\/media\/1380"}],"wp:attachment":[{"href":"https:\/\/www.medideal.com.br\/en\/wp-json\/wp\/v2\/media?parent=1384"}],"wp:term":[{"taxonomy":"product_brand","embeddable":true,"href":"https:\/\/www.medideal.com.br\/en\/wp-json\/wp\/v2\/product_brand?post=1384"},{"taxonomy":"product_cat","embeddable":true,"href":"https:\/\/www.medideal.com.br\/en\/wp-json\/wp\/v2\/product_cat?post=1384"},{"taxonomy":"product_tag","embeddable":true,"href":"https:\/\/www.medideal.com.br\/en\/wp-json\/wp\/v2\/product_tag?post=1384"}],"curies":[{"name":"wp","href":"https:\/\/api.w.org\/{rel}","templated":true}]}}