{"id":1377,"date":"2023-11-10T15:38:56","date_gmt":"2023-11-10T18:38:56","guid":{"rendered":"https:\/\/www.medideal.com.br\/?post_type=product&#038;p=1377"},"modified":"2024-01-12T17:16:59","modified_gmt":"2024-01-12T20:16:59","slug":"band-de-resistencia-para-dedos-em-silicone-hidrolight","status":"publish","type":"product","link":"https:\/\/www.medideal.com.br\/en\/band-de-resistencia-para-dedos-em-silicone-hidrolight\/","title":{"rendered":"Band de Resist\u00eancia para Dedos em Silicone &#8211; Hidrolight"},"content":{"rendered":"<p>\u2714\u00a0Fortalece os m\u00fasculos dos dedos, m\u00e3os e antebra\u00e7os;<\/p>\n<p>\u2714\u00a0Melhora o desempenho com instrumentos musicais;<\/p>\n<p>\u2714\u00a0Confeccionado em silicone;<\/p>\n<p>\u2714\u00a0Leve, pequeno e f\u00e1cil de transportar.<\/p>\n<table class=\"pattern__wrapper\">\n<tbody>\n<tr>\n<td>\n<h2 class=\"subline\">Indica\u00e7\u00f5es<\/h2>\n<p>Treinamento para esportes (t\u00eanis, squash, v\u00f4lei, etc.); Reabilita\u00e7\u00e3o de A.V.E. (Acidente Vascular Encef\u00e1lico); L.E.R. (Les\u00f5es por Esfor\u00e7os Repetitivos) e D.O.R.T. (Dist\u00farbios Osteomusculares Relacionados ao Trabalho); Artrose e Artrite Reumatoide; Parkinson e demais doen\u00e7as que afetam as m\u00e3os.<\/td>\n<\/tr>\n<tr>\n<td>\n<h2 class=\"subline\">Composi\u00e7\u00e3o<\/h2>\n<p>Silicone de 2mm de espessura.<\/td>\n<\/tr>\n<\/tbody>\n<\/table>","protected":false},"excerpt":{"rendered":"<p>Treinamento para esportes (t\u00eanis, squash, v\u00f4lei, etc.); Reabilita\u00e7\u00e3o de A.V.E. (Acidente Vascular Encef\u00e1lico); L.E.R. (Les\u00f5es por Esfor\u00e7os Repetitivos) e D.O.R.T. (Dist\u00farbios Osteomusculares Relacionados ao Trabalho); Artrose e Artrite Reumatoide; Parkinson e demais doen\u00e7as que afetam as m\u00e3os.<\/p>","protected":false},"featured_media":1378,"comment_status":"open","ping_status":"closed","template":"","meta":{"_joinchat":[]},"product_brand":[],"product_cat":[25],"product_tag":[],"class_list":{"0":"post-1377","1":"product","2":"type-product","3":"status-publish","4":"has-post-thumbnail","6":"product_cat-ortopedia","8":"first","9":"instock","10":"shipping-taxable","11":"purchasable","12":"product-type-simple"},"_links":{"self":[{"href":"https:\/\/www.medideal.com.br\/en\/wp-json\/wp\/v2\/product\/1377","targetHints":{"allow":["GET"]}}],"collection":[{"href":"https:\/\/www.medideal.com.br\/en\/wp-json\/wp\/v2\/product"}],"about":[{"href":"https:\/\/www.medideal.com.br\/en\/wp-json\/wp\/v2\/types\/product"}],"replies":[{"embeddable":true,"href":"https:\/\/www.medideal.com.br\/en\/wp-json\/wp\/v2\/comments?post=1377"}],"wp:featuredmedia":[{"embeddable":true,"href":"https:\/\/www.medideal.com.br\/en\/wp-json\/wp\/v2\/media\/1378"}],"wp:attachment":[{"href":"https:\/\/www.medideal.com.br\/en\/wp-json\/wp\/v2\/media?parent=1377"}],"wp:term":[{"taxonomy":"product_brand","embeddable":true,"href":"https:\/\/www.medideal.com.br\/en\/wp-json\/wp\/v2\/product_brand?post=1377"},{"taxonomy":"product_cat","embeddable":true,"href":"https:\/\/www.medideal.com.br\/en\/wp-json\/wp\/v2\/product_cat?post=1377"},{"taxonomy":"product_tag","embeddable":true,"href":"https:\/\/www.medideal.com.br\/en\/wp-json\/wp\/v2\/product_tag?post=1377"}],"curies":[{"name":"wp","href":"https:\/\/api.w.org\/{rel}","templated":true}]}}