{"id":1375,"date":"2023-11-10T15:37:15","date_gmt":"2023-11-10T18:37:15","guid":{"rendered":"https:\/\/www.medideal.com.br\/?post_type=product&#038;p=1375"},"modified":"2024-01-12T17:16:22","modified_gmt":"2024-01-12T20:16:22","slug":"bola-de-massagem-9-cm-hidrolight","status":"publish","type":"product","link":"https:\/\/www.medideal.com.br\/en\/bola-de-massagem-9-cm-hidrolight\/","title":{"rendered":"Bola de Massagem 9 cm &#8211; Hidrolight"},"content":{"rendered":"<p><strong>\u2714\u00a0<\/strong>Atua no fortalecimento dos m\u00fasculos das m\u00e3os e antebra\u00e7os;<\/p>\n<p><strong>\u2714\u00a0<\/strong>Recomendado para massagem nas m\u00e3os, p\u00e9s e costas;<\/p>\n<p><strong>\u2714\u00a0<\/strong>Estimula a circula\u00e7\u00e3o sangu\u00ednea e relaxamento muscular.<\/p>\n<table class=\"pattern__wrapper\">\n<tbody>\n<tr>\n<td>\n<h2 class=\"subline\">Tamanhos<\/h2>\n<p>9cm de di\u00e2metro<\/td>\n<\/tr>\n<tr>\n<td>\n<h2 class=\"subline\">Indica\u00e7\u00f5es<\/h2>\n<p>Fortalecimento e relaxamento muscular.<\/td>\n<\/tr>\n<tr>\n<td>\n<h2 class=\"subline\">Composi\u00e7\u00e3o<\/h2>\n<p>PVC<\/td>\n<\/tr>\n<\/tbody>\n<\/table>","protected":false},"excerpt":{"rendered":"<p>Atua no fortalecimento dos m\u00fasculos das m\u00e3os e antebra\u00e7os<\/p>","protected":false},"featured_media":1376,"comment_status":"open","ping_status":"closed","template":"","meta":{"_joinchat":[]},"product_brand":[],"product_cat":[114],"product_tag":[],"class_list":{"0":"post-1375","1":"product","2":"type-product","3":"status-publish","4":"has-post-thumbnail","6":"product_cat-fisioterapia-fitness","8":"first","9":"instock","10":"shipping-taxable","11":"purchasable","12":"product-type-simple"},"_links":{"self":[{"href":"https:\/\/www.medideal.com.br\/en\/wp-json\/wp\/v2\/product\/1375","targetHints":{"allow":["GET"]}}],"collection":[{"href":"https:\/\/www.medideal.com.br\/en\/wp-json\/wp\/v2\/product"}],"about":[{"href":"https:\/\/www.medideal.com.br\/en\/wp-json\/wp\/v2\/types\/product"}],"replies":[{"embeddable":true,"href":"https:\/\/www.medideal.com.br\/en\/wp-json\/wp\/v2\/comments?post=1375"}],"wp:featuredmedia":[{"embeddable":true,"href":"https:\/\/www.medideal.com.br\/en\/wp-json\/wp\/v2\/media\/1376"}],"wp:attachment":[{"href":"https:\/\/www.medideal.com.br\/en\/wp-json\/wp\/v2\/media?parent=1375"}],"wp:term":[{"taxonomy":"product_brand","embeddable":true,"href":"https:\/\/www.medideal.com.br\/en\/wp-json\/wp\/v2\/product_brand?post=1375"},{"taxonomy":"product_cat","embeddable":true,"href":"https:\/\/www.medideal.com.br\/en\/wp-json\/wp\/v2\/product_cat?post=1375"},{"taxonomy":"product_tag","embeddable":true,"href":"https:\/\/www.medideal.com.br\/en\/wp-json\/wp\/v2\/product_tag?post=1375"}],"curies":[{"name":"wp","href":"https:\/\/api.w.org\/{rel}","templated":true}]}}