{"id":1373,"date":"2023-11-10T15:35:22","date_gmt":"2023-11-10T18:35:22","guid":{"rendered":"https:\/\/www.medideal.com.br\/?post_type=product&#038;p=1373"},"modified":"2024-01-12T17:15:24","modified_gmt":"2024-01-12T20:15:24","slug":"disco-de-equilibrio-inflavel-hidrolight","status":"publish","type":"product","link":"https:\/\/www.medideal.com.br\/en\/disco-de-equilibrio-inflavel-hidrolight\/","title":{"rendered":"Disco de Equil\u00edbrio Infl\u00e1vel &#8211; Hidrolight"},"content":{"rendered":"<p>\u2714\u00a0 Auxilia na melhora do equil\u00edbrio, postura, propriocep\u00e7\u00e3o, fortalecimento e coordena\u00e7\u00e3o motora;<\/p>\n<p>\u2714\u00a0 Possibilita massagem e relaxamento muscular;<\/p>\n<p>\u2714\u00a0 Melhora da forma f\u00edsica e reabilita\u00e7\u00e3o.<\/p>\n<p><strong>Peso suportado:<\/strong>\u00a0at\u00e9 100 kg<\/p>\n<table class=\"pattern__wrapper\">\n<tbody>\n<tr>\n<td>\n<h2 class=\"subline\">Tamanhos<\/h2>\n<p>33cm de di\u00e2metro<\/td>\n<\/tr>\n<tr>\n<td>\n<h2 class=\"subline\">Indica\u00e7\u00f5es<\/h2>\n<p>Pr\u00e1tica de exerc\u00edcios funcionais, pilates, fisioterapia, ganho de for\u00e7a, flexibilidade e equil\u00edbrio.<\/td>\n<\/tr>\n<tr>\n<td>\n<h2 class=\"subline\">Composi\u00e7\u00e3o<\/h2>\n<p>Disco: PVC. Pump de enchimento: PP.<\/td>\n<\/tr>\n<\/tbody>\n<\/table>","protected":false},"excerpt":{"rendered":"<p>Pr\u00e1tica de exerc\u00edcios funcionais, pilates, fisioterapia, ganho de for\u00e7a, flexibilidade e equil\u00edbrio.<\/p>","protected":false},"featured_media":1374,"comment_status":"open","ping_status":"closed","template":"","meta":{"_joinchat":[]},"product_brand":[],"product_cat":[114],"product_tag":[],"class_list":{"0":"post-1373","1":"product","2":"type-product","3":"status-publish","4":"has-post-thumbnail","6":"product_cat-fisioterapia-fitness","8":"first","9":"instock","10":"shipping-taxable","11":"purchasable","12":"product-type-simple"},"_links":{"self":[{"href":"https:\/\/www.medideal.com.br\/en\/wp-json\/wp\/v2\/product\/1373","targetHints":{"allow":["GET"]}}],"collection":[{"href":"https:\/\/www.medideal.com.br\/en\/wp-json\/wp\/v2\/product"}],"about":[{"href":"https:\/\/www.medideal.com.br\/en\/wp-json\/wp\/v2\/types\/product"}],"replies":[{"embeddable":true,"href":"https:\/\/www.medideal.com.br\/en\/wp-json\/wp\/v2\/comments?post=1373"}],"wp:featuredmedia":[{"embeddable":true,"href":"https:\/\/www.medideal.com.br\/en\/wp-json\/wp\/v2\/media\/1374"}],"wp:attachment":[{"href":"https:\/\/www.medideal.com.br\/en\/wp-json\/wp\/v2\/media?parent=1373"}],"wp:term":[{"taxonomy":"product_brand","embeddable":true,"href":"https:\/\/www.medideal.com.br\/en\/wp-json\/wp\/v2\/product_brand?post=1373"},{"taxonomy":"product_cat","embeddable":true,"href":"https:\/\/www.medideal.com.br\/en\/wp-json\/wp\/v2\/product_cat?post=1373"},{"taxonomy":"product_tag","embeddable":true,"href":"https:\/\/www.medideal.com.br\/en\/wp-json\/wp\/v2\/product_tag?post=1373"}],"curies":[{"name":"wp","href":"https:\/\/api.w.org\/{rel}","templated":true}]}}