{"id":1367,"date":"2023-11-10T15:33:23","date_gmt":"2023-11-10T18:33:23","guid":{"rendered":"https:\/\/www.medideal.com.br\/?post_type=product&#038;p=1367"},"modified":"2024-01-12T17:14:40","modified_gmt":"2024-01-12T20:14:40","slug":"tala-imobilizadora-para-dedos-hidrolight","status":"publish","type":"product","link":"https:\/\/www.medideal.com.br\/en\/tala-imobilizadora-para-dedos-hidrolight\/","title":{"rendered":"Tala Imobilizadora para Dedos &#8211; Hidrolight"},"content":{"rendered":"<p>Produto desenvolvido para estabiliza\u00e7\u00e3o e\/ou imobiliza\u00e7\u00e3o dos dedos da m\u00e3o. Possui tala em alum\u00ednio mold\u00e1vel e tiras de fixa\u00e7\u00e3o que podem ser ajustadas conforme o tamanho da m\u00e3o e\/ou tipo de imobiliza\u00e7\u00e3o, seja de um dedo, dois ou at\u00e9 tr\u00eas dedos juntos. Ap\u00f3s o ajuste confort\u00e1vel, as sobras das tiras podem ser cortadas com uma tesoura.<\/p>\n<table class=\"pattern__wrapper\">\n<tbody>\n<tr>\n<td>\n<h2 class=\"subline\">Tamanhos<\/h2>\n<p>\u00danico<\/td>\n<\/tr>\n<tr>\n<td>\n<h2 class=\"subline\">Indica\u00e7\u00f5es<\/h2>\n<p>Entorses, luxa\u00e7\u00f5es, tendinites, les\u00f5es ligamentares e tend\u00edneas, recupera\u00e7\u00e3o de fraturas, entre outras les\u00f5es que necessitem de estabiliza\u00e7\u00e3o.<\/td>\n<\/tr>\n<tr>\n<td>\n<h2 class=\"subline\">Instru\u00e7\u00f5es de Uso<\/h2>\n<p>Solte as tiras de ajuste, encaixe a tala no dedo lesionado e usando as tiras fa\u00e7a a fixa\u00e7\u00e3o abrangendo os dedos vizinhos ao lesionado, garantindo assim uma imobiliza\u00e7\u00e3o mais segura. Por fim, ainda \u00e9 poss\u00edvel cortar as sobras de tiras, tornando o produto perfeitamente ajust\u00e1vel ao usu\u00e1rio.<\/td>\n<\/tr>\n<tr>\n<td>\n<h2 class=\"subline\">Composi\u00e7\u00e3o<\/h2>\n<p>35% Alum\u00ednio, 35% Poli\u00e9ster, 10% Poliamida, 10% Elastano, 5% TPE, 5% Nylon<\/td>\n<\/tr>\n<\/tbody>\n<\/table>","protected":false},"excerpt":{"rendered":"<p>Entorses, luxa\u00e7\u00f5es, tendinites, les\u00f5es ligamentares e tend\u00edneas, recupera\u00e7\u00e3o de fraturas, entre outras les\u00f5es que necessitem de estabiliza\u00e7\u00e3o.<\/p>","protected":false},"featured_media":1368,"comment_status":"open","ping_status":"closed","template":"","meta":{"_joinchat":[]},"product_brand":[],"product_cat":[25],"product_tag":[],"class_list":{"0":"post-1367","1":"product","2":"type-product","3":"status-publish","4":"has-post-thumbnail","6":"product_cat-ortopedia","8":"first","9":"instock","10":"shipping-taxable","11":"purchasable","12":"product-type-simple"},"_links":{"self":[{"href":"https:\/\/www.medideal.com.br\/en\/wp-json\/wp\/v2\/product\/1367","targetHints":{"allow":["GET"]}}],"collection":[{"href":"https:\/\/www.medideal.com.br\/en\/wp-json\/wp\/v2\/product"}],"about":[{"href":"https:\/\/www.medideal.com.br\/en\/wp-json\/wp\/v2\/types\/product"}],"replies":[{"embeddable":true,"href":"https:\/\/www.medideal.com.br\/en\/wp-json\/wp\/v2\/comments?post=1367"}],"wp:featuredmedia":[{"embeddable":true,"href":"https:\/\/www.medideal.com.br\/en\/wp-json\/wp\/v2\/media\/1368"}],"wp:attachment":[{"href":"https:\/\/www.medideal.com.br\/en\/wp-json\/wp\/v2\/media?parent=1367"}],"wp:term":[{"taxonomy":"product_brand","embeddable":true,"href":"https:\/\/www.medideal.com.br\/en\/wp-json\/wp\/v2\/product_brand?post=1367"},{"taxonomy":"product_cat","embeddable":true,"href":"https:\/\/www.medideal.com.br\/en\/wp-json\/wp\/v2\/product_cat?post=1367"},{"taxonomy":"product_tag","embeddable":true,"href":"https:\/\/www.medideal.com.br\/en\/wp-json\/wp\/v2\/product_tag?post=1367"}],"curies":[{"name":"wp","href":"https:\/\/api.w.org\/{rel}","templated":true}]}}