{"id":1365,"date":"2023-11-10T15:30:28","date_gmt":"2023-11-10T18:30:28","guid":{"rendered":"https:\/\/www.medideal.com.br\/?post_type=product&#038;p=1365"},"modified":"2024-01-12T17:10:39","modified_gmt":"2024-01-12T20:10:39","slug":"corda-de-pular-pvc-hidrolight","status":"publish","type":"product","link":"https:\/\/www.medideal.com.br\/en\/corda-de-pular-pvc-hidrolight\/","title":{"rendered":"Corda de Pular PVC &#8211; Hidrolight"},"content":{"rendered":"<p>A\u00a0<strong>Corda de Pular PVC Hidrolight\u00a0<\/strong>proporciona o fortalecimento dos m\u00fasculos dos membros inferiores, al\u00e9m de melhorar a coordena\u00e7\u00e3o motora, equil\u00edbrio e<br \/>\nresist\u00eancia.<\/p>\n<table class=\"pattern__wrapper\">\n<tbody>\n<tr>\n<td>\n<h2 class=\"subline\">Tamanhos<\/h2>\n<p>275cm de comprimento<\/td>\n<\/tr>\n<tr>\n<td>\n<h2 class=\"subline\">Composi\u00e7\u00e3o<\/h2>\n<p>Corda: PVC. Pegador: polipropileno<\/td>\n<\/tr>\n<\/tbody>\n<\/table>","protected":false},"excerpt":{"rendered":"<p>A\u00a0<strong>Corda de Pular PVC Hidrolight\u00a0<\/strong>proporciona o fortalecimento dos m\u00fasculos dos membros inferiores, al\u00e9m de melhorar a coordena\u00e7\u00e3o motora, equil\u00edbrio e<br \/>\nresist\u00eancia.<\/p>","protected":false},"featured_media":1366,"comment_status":"open","ping_status":"closed","template":"","meta":{"_joinchat":[]},"product_brand":[],"product_cat":[114],"product_tag":[],"class_list":{"0":"post-1365","1":"product","2":"type-product","3":"status-publish","4":"has-post-thumbnail","6":"product_cat-fisioterapia-fitness","8":"first","9":"instock","10":"shipping-taxable","11":"purchasable","12":"product-type-simple"},"_links":{"self":[{"href":"https:\/\/www.medideal.com.br\/en\/wp-json\/wp\/v2\/product\/1365","targetHints":{"allow":["GET"]}}],"collection":[{"href":"https:\/\/www.medideal.com.br\/en\/wp-json\/wp\/v2\/product"}],"about":[{"href":"https:\/\/www.medideal.com.br\/en\/wp-json\/wp\/v2\/types\/product"}],"replies":[{"embeddable":true,"href":"https:\/\/www.medideal.com.br\/en\/wp-json\/wp\/v2\/comments?post=1365"}],"wp:featuredmedia":[{"embeddable":true,"href":"https:\/\/www.medideal.com.br\/en\/wp-json\/wp\/v2\/media\/1366"}],"wp:attachment":[{"href":"https:\/\/www.medideal.com.br\/en\/wp-json\/wp\/v2\/media?parent=1365"}],"wp:term":[{"taxonomy":"product_brand","embeddable":true,"href":"https:\/\/www.medideal.com.br\/en\/wp-json\/wp\/v2\/product_brand?post=1365"},{"taxonomy":"product_cat","embeddable":true,"href":"https:\/\/www.medideal.com.br\/en\/wp-json\/wp\/v2\/product_cat?post=1365"},{"taxonomy":"product_tag","embeddable":true,"href":"https:\/\/www.medideal.com.br\/en\/wp-json\/wp\/v2\/product_tag?post=1365"}],"curies":[{"name":"wp","href":"https:\/\/api.w.org\/{rel}","templated":true}]}}