{"id":1356,"date":"2023-11-10T15:21:26","date_gmt":"2023-11-10T18:21:26","guid":{"rendered":"https:\/\/www.medideal.com.br\/?post_type=product&#038;p=1356"},"modified":"2024-01-12T17:09:17","modified_gmt":"2024-01-12T20:09:17","slug":"cotoveleira-lisa-hidrolight","status":"publish","type":"product","link":"https:\/\/www.medideal.com.br\/en\/cotoveleira-lisa-hidrolight\/","title":{"rendered":"Cotoveleira Lisa &#8211; Hidrolight"},"content":{"rendered":"<p>\u2714\u00a0Compress\u00e3o em torno da articula\u00e7\u00e3o do cotovelo;<\/p>\n<p>\u2714\u00a0Melhora a sensa\u00e7\u00e3o de estabilidade;<\/p>\n<p>\u2714\u00a0Ret\u00e9m o calor devido ao material em neoprene;<\/p>\n<p>\u2714\u00a0Auxilia no al\u00edvio da dor.<\/p>\n<table class=\"pattern__wrapper\">\n<tbody>\n<tr>\n<td>\n<h2 class=\"subline\">Tamanhos<\/h2>\n<p>PP 22cm &#8211; 24cm | P 24cm &#8211; 26cm | M 26cm &#8211; 28cm | G 28cm &#8211; 32cm | GG 32cm &#8211; 35cm<\/td>\n<\/tr>\n<tr>\n<td>\n<h2 class=\"subline\">Indica\u00e7\u00f5es<\/h2>\n<p>Preven\u00e7\u00e3o de les\u00f5es durante a pr\u00e1tica de exerc\u00edcios; tratamento de les\u00f5es agudas ou cr\u00f4nicas; Tendinite, epicondilite, epitrocleite; L.E.R. (les\u00e3o por esfor\u00e7o repetitivo) e D.O.R.T. (dist\u00farbios osteomusculares relacionados ao trabalho); Processos inflamat\u00f3rios; Aux\u00edlio no tratamento fisioterap\u00eautico. CONSULTE UM ESPECIALISTA.<\/td>\n<\/tr>\n<tr>\n<td>\n<h2 class=\"subline\">Instru\u00e7\u00f5es de Uso<\/h2>\n<p>Vista o produto pelo di\u00e2metro maior at\u00e9 o cotovelo de forma que fique confort\u00e1vel e permita a movimenta\u00e7\u00e3o.<\/td>\n<\/tr>\n<tr>\n<td>\n<h2 class=\"subline\">Composi\u00e7\u00e3o<\/h2>\n<p>Borracha de cloropreno revestida com tecido 100% poliamida.<\/td>\n<\/tr>\n<\/tbody>\n<\/table>","protected":false},"excerpt":{"rendered":"<p>Preven\u00e7\u00e3o de les\u00f5es durante a pr\u00e1tica de exerc\u00edcios; tratamento de les\u00f5es agudas ou cr\u00f4nicas; Tendinite, epicondilite, epitrocleite; L.E.R. (les\u00e3o por esfor\u00e7o repetitivo) e D.O.R.T. (dist\u00farbios osteomusculares relacionados ao trabalho); Processos inflamat\u00f3rios; Aux\u00edlio no tratamento fisioterap\u00eautico.<\/p>","protected":false},"featured_media":1357,"comment_status":"open","ping_status":"closed","template":"","meta":{"_joinchat":[]},"product_brand":[],"product_cat":[25],"product_tag":[],"class_list":{"0":"post-1356","1":"product","2":"type-product","3":"status-publish","4":"has-post-thumbnail","6":"product_cat-ortopedia","8":"first","9":"instock","10":"shipping-taxable","11":"purchasable","12":"product-type-variable"},"_links":{"self":[{"href":"https:\/\/www.medideal.com.br\/en\/wp-json\/wp\/v2\/product\/1356","targetHints":{"allow":["GET"]}}],"collection":[{"href":"https:\/\/www.medideal.com.br\/en\/wp-json\/wp\/v2\/product"}],"about":[{"href":"https:\/\/www.medideal.com.br\/en\/wp-json\/wp\/v2\/types\/product"}],"replies":[{"embeddable":true,"href":"https:\/\/www.medideal.com.br\/en\/wp-json\/wp\/v2\/comments?post=1356"}],"wp:featuredmedia":[{"embeddable":true,"href":"https:\/\/www.medideal.com.br\/en\/wp-json\/wp\/v2\/media\/1357"}],"wp:attachment":[{"href":"https:\/\/www.medideal.com.br\/en\/wp-json\/wp\/v2\/media?parent=1356"}],"wp:term":[{"taxonomy":"product_brand","embeddable":true,"href":"https:\/\/www.medideal.com.br\/en\/wp-json\/wp\/v2\/product_brand?post=1356"},{"taxonomy":"product_cat","embeddable":true,"href":"https:\/\/www.medideal.com.br\/en\/wp-json\/wp\/v2\/product_cat?post=1356"},{"taxonomy":"product_tag","embeddable":true,"href":"https:\/\/www.medideal.com.br\/en\/wp-json\/wp\/v2\/product_tag?post=1356"}],"curies":[{"name":"wp","href":"https:\/\/api.w.org\/{rel}","templated":true}]}}