{"id":1348,"date":"2023-11-10T15:11:48","date_gmt":"2023-11-10T18:11:48","guid":{"rendered":"https:\/\/www.medideal.com.br\/?post_type=product&#038;p=1348"},"modified":"2024-01-12T17:01:56","modified_gmt":"2024-01-12T20:01:56","slug":"joelheira-articulada-hidrolight","status":"publish","type":"product","link":"https:\/\/www.medideal.com.br\/en\/joelheira-articulada-hidrolight\/","title":{"rendered":"Joelheira Articulada &#8211; Hidrolight"},"content":{"rendered":"<p>\u2714\u00a0Compress\u00e3o e maior estabilidade na regi\u00e3o do joelho;<\/p>\n<p>\u2714\u00a0Refor\u00e7o extra atrav\u00e9s de duas articula\u00e7\u00f5es, uma de cada lado;<\/p>\n<p>\u2714\u00a0Proporciona mais seguran\u00e7a aos seus movimentos;<\/p>\n<p>\u2714\u00a0Maior compress\u00e3o atrav\u00e9s de duas faixas aderentes;<\/p>\n<p>\u2714\u00a0Ret\u00e9m o calor devido ao material em neoprene;<\/p>\n<p>\u2714\u00a0Auxilia no al\u00edvio da dor.<\/p>\n<table class=\"pattern__wrapper\">\n<tbody>\n<tr>\n<td>\n<h2 class=\"subline\">Tamanhos<\/h2>\n<p>PP 33cm &#8211; 35cm | P 35cm &#8211; 37cm | M 37cm &#8211; 41cm | G 41cm &#8211; 45cm | GG 45cm &#8211; 47cm<\/td>\n<\/tr>\n<tr>\n<td>\n<h2 class=\"subline\">Indica\u00e7\u00f5es<\/h2>\n<p>Preven\u00e7\u00e3o e tratamento de les\u00f5es graves na regi\u00e3o do joelho; Preven\u00e7\u00e3o da recorr\u00eancia de les\u00f5es durante a pr\u00e1tica de exerc\u00edcios; Aux\u00edlio no tratamento fisioterap\u00eautico; Per\u00edodo pr\u00e9 e p\u00f3s-operat\u00f3rio; Entorses, contus\u00f5es, instabilidade rotat\u00f3ria, luxa\u00e7\u00f5es, reabilita\u00e7\u00e3o de fraturas, les\u00f5es de ligamentos e tend\u00f5es, artrite reumatoide, entre outras. CONSULTE UM ESPECIALISTA.<\/td>\n<\/tr>\n<tr>\n<td>\n<h2 class=\"subline\">Instru\u00e7\u00f5es de Uso<\/h2>\n<p>Vista o produto com as al\u00e7as soltas, posicione o orificio na r\u00f3tula da patela de forma que fique confort\u00e1vel. Envolva as al\u00e7as em paralelo na circunfer\u00eancia da perna e feche no fecho aderente para ficar refor\u00e7ada.<\/td>\n<\/tr>\n<tr>\n<td>\n<h2 class=\"subline\">Composi\u00e7\u00e3o<\/h2>\n<p>Borracha de cloropreno revestida com 100% poliamida.<\/td>\n<\/tr>\n<\/tbody>\n<\/table>","protected":false},"excerpt":{"rendered":"<p>Preven\u00e7\u00e3o e tratamento de les\u00f5es graves na regi\u00e3o do joelho; Preven\u00e7\u00e3o da recorr\u00eancia de les\u00f5es durante a pr\u00e1tica de exerc\u00edcios; Aux\u00edlio no tratamento fisioterap\u00eautico; Per\u00edodo pr\u00e9 e p\u00f3s-operat\u00f3rio; Entorses, contus\u00f5es, instabilidade rotat\u00f3ria, luxa\u00e7\u00f5es, reabilita\u00e7\u00e3o de fraturas, les\u00f5es de ligamentos e tend\u00f5es, artrite reumatoide, entre outras.<\/p>","protected":false},"featured_media":1349,"comment_status":"open","ping_status":"closed","template":"","meta":{"_joinchat":[]},"product_brand":[],"product_cat":[25],"product_tag":[],"class_list":{"0":"post-1348","1":"product","2":"type-product","3":"status-publish","4":"has-post-thumbnail","6":"product_cat-ortopedia","8":"first","9":"instock","10":"shipping-taxable","11":"purchasable","12":"product-type-variable"},"_links":{"self":[{"href":"https:\/\/www.medideal.com.br\/en\/wp-json\/wp\/v2\/product\/1348","targetHints":{"allow":["GET"]}}],"collection":[{"href":"https:\/\/www.medideal.com.br\/en\/wp-json\/wp\/v2\/product"}],"about":[{"href":"https:\/\/www.medideal.com.br\/en\/wp-json\/wp\/v2\/types\/product"}],"replies":[{"embeddable":true,"href":"https:\/\/www.medideal.com.br\/en\/wp-json\/wp\/v2\/comments?post=1348"}],"wp:featuredmedia":[{"embeddable":true,"href":"https:\/\/www.medideal.com.br\/en\/wp-json\/wp\/v2\/media\/1349"}],"wp:attachment":[{"href":"https:\/\/www.medideal.com.br\/en\/wp-json\/wp\/v2\/media?parent=1348"}],"wp:term":[{"taxonomy":"product_brand","embeddable":true,"href":"https:\/\/www.medideal.com.br\/en\/wp-json\/wp\/v2\/product_brand?post=1348"},{"taxonomy":"product_cat","embeddable":true,"href":"https:\/\/www.medideal.com.br\/en\/wp-json\/wp\/v2\/product_cat?post=1348"},{"taxonomy":"product_tag","embeddable":true,"href":"https:\/\/www.medideal.com.br\/en\/wp-json\/wp\/v2\/product_tag?post=1348"}],"curies":[{"name":"wp","href":"https:\/\/api.w.org\/{rel}","templated":true}]}}