{"id":1336,"date":"2023-11-10T15:01:22","date_gmt":"2023-11-10T18:01:22","guid":{"rendered":"https:\/\/www.medideal.com.br\/?post_type=product&#038;p=1336"},"modified":"2024-01-12T16:55:08","modified_gmt":"2024-01-12T19:55:08","slug":"colar-cervical-hidrolight","status":"publish","type":"product","link":"https:\/\/www.medideal.com.br\/en\/colar-cervical-hidrolight\/","title":{"rendered":"Colar Cervical &#8211; Hidrolight"},"content":{"rendered":"<p>\u2714\u00a0Estabiliza\u00e7\u00e3o da coluna cervical;<\/p>\n<p>\u2714\u00a0Mant\u00e9m uma postura adequada;<\/p>\n<p>\u2714\u00a0Design anat\u00f4mico que proporciona maior conforto;<\/p>\n<p>\u2714\u00a0Confeccionado em espuma de alta qualidade.<\/p>\n<table class=\"pattern__wrapper\">\n<tbody>\n<tr>\n<td>\n<h2 class=\"subline\">Tamanhos<\/h2>\n<p>Circunfer\u00eancia de pesco\u00e7o: P 32 &#8211; 37 cm | M 38 &#8211; 41 cm | G 42 &#8211; 45 cm<\/td>\n<\/tr>\n<tr>\n<td>\n<h2 class=\"subline\">Indica\u00e7\u00f5es<\/h2>\n<p>Indicado para cuidados especiais em traumatismos, torcicolos, artrites, estabiliza\u00e7\u00e3o da coluna, artrose e outras afec\u00e7\u00f5es da coluna cervical. CONSULTE UM ESPECIALISTA.<\/td>\n<\/tr>\n<tr>\n<td>\n<h2 class=\"subline\">Instru\u00e7\u00f5es de Uso<\/h2>\n<p>Posicione o colar em torno do pesco\u00e7o de maneira que o fechamento aderente fique posicionado na nuca.<\/td>\n<\/tr>\n<tr>\n<td>\n<h2 class=\"subline\">Composi\u00e7\u00e3o<\/h2>\n<p>Espuma de l\u00e1tex, copol\u00edmeros de etileno e acetato de vinila, tecido de algod\u00e3o e poliamida, fecho em nylon.<\/td>\n<\/tr>\n<\/tbody>\n<\/table>","protected":false},"excerpt":{"rendered":"<p>Indicado para cuidados especiais em traumatismos, torcicolos, artrites, estabiliza\u00e7\u00e3o da coluna, artrose e outras afec\u00e7\u00f5es da coluna cervical.<\/p>","protected":false},"featured_media":1337,"comment_status":"closed","ping_status":"closed","template":"","meta":{"_joinchat":[]},"product_brand":[],"product_cat":[25],"product_tag":[],"class_list":{"0":"post-1336","1":"product","2":"type-product","3":"status-publish","4":"has-post-thumbnail","6":"product_cat-ortopedia","8":"first","9":"instock","10":"shipping-taxable","11":"purchasable","12":"product-type-variable"},"_links":{"self":[{"href":"https:\/\/www.medideal.com.br\/en\/wp-json\/wp\/v2\/product\/1336","targetHints":{"allow":["GET"]}}],"collection":[{"href":"https:\/\/www.medideal.com.br\/en\/wp-json\/wp\/v2\/product"}],"about":[{"href":"https:\/\/www.medideal.com.br\/en\/wp-json\/wp\/v2\/types\/product"}],"replies":[{"embeddable":true,"href":"https:\/\/www.medideal.com.br\/en\/wp-json\/wp\/v2\/comments?post=1336"}],"wp:featuredmedia":[{"embeddable":true,"href":"https:\/\/www.medideal.com.br\/en\/wp-json\/wp\/v2\/media\/1337"}],"wp:attachment":[{"href":"https:\/\/www.medideal.com.br\/en\/wp-json\/wp\/v2\/media?parent=1336"}],"wp:term":[{"taxonomy":"product_brand","embeddable":true,"href":"https:\/\/www.medideal.com.br\/en\/wp-json\/wp\/v2\/product_brand?post=1336"},{"taxonomy":"product_cat","embeddable":true,"href":"https:\/\/www.medideal.com.br\/en\/wp-json\/wp\/v2\/product_cat?post=1336"},{"taxonomy":"product_tag","embeddable":true,"href":"https:\/\/www.medideal.com.br\/en\/wp-json\/wp\/v2\/product_tag?post=1336"}],"curies":[{"name":"wp","href":"https:\/\/api.w.org\/{rel}","templated":true}]}}