{"id":1329,"date":"2023-11-10T14:55:49","date_gmt":"2023-11-10T17:55:49","guid":{"rendered":"https:\/\/www.medideal.com.br\/?post_type=product&#038;p=1329"},"modified":"2024-01-12T16:50:26","modified_gmt":"2024-01-12T19:50:26","slug":"calcanheira-para-esporao-com-ponto-azul-hidrolight","status":"publish","type":"product","link":"https:\/\/www.medideal.com.br\/en\/calcanheira-para-esporao-com-ponto-azul-hidrolight\/","title":{"rendered":"Calcanheira para Espor\u00e3o com Ponto Azul &#8211; Hidrolight"},"content":{"rendered":"<p>\u2714\u00a0Absorve Impacto;<\/p>\n<p>\u2714\u00a0Anat\u00f4mico;<\/p>\n<p>\u2714\u00a0Ponto Azul;<\/p>\n<p>\u2714\u00a0Prote\u00e7\u00e3o para Espor\u00e3o.<\/p>\n<table class=\"pattern__wrapper\">\n<tbody>\n<tr>\n<td>\n<h2 class=\"subline\">Tamanhos<\/h2>\n<p>P 35-37<\/p>\n<p>M 38-40<\/p>\n<p>G 41-44<\/td>\n<\/tr>\n<tr>\n<td>\n<h2 class=\"subline\">Indica\u00e7\u00f5es<\/h2>\n<p>Indicada para espor\u00e3o de calc\u00e2neo, fascite plantar, tendinite, bursite, artralgia, etc.<\/td>\n<\/tr>\n<tr>\n<td>\n<h2 class=\"subline\">Instru\u00e7\u00f5es de Uso<\/h2>\n<p>Insira a calcanheira no seu cal\u00e7ado.<\/td>\n<\/tr>\n<tr>\n<td>\n<h2 class=\"subline\">Composi\u00e7\u00e3o<\/h2>\n<p>100% Silicone<\/td>\n<\/tr>\n<\/tbody>\n<\/table>","protected":false},"excerpt":{"rendered":"<p>Indicada para espor\u00e3o de calc\u00e2neo, fascite plantar, tendinite, bursite, artralgia, etc.<\/p>","protected":false},"featured_media":1330,"comment_status":"open","ping_status":"closed","template":"","meta":{"_joinchat":[]},"product_brand":[],"product_cat":[25],"product_tag":[],"class_list":{"0":"post-1329","1":"product","2":"type-product","3":"status-publish","4":"has-post-thumbnail","6":"product_cat-ortopedia","8":"first","9":"outofstock","10":"shipping-taxable","11":"purchasable","12":"product-type-variable"},"_links":{"self":[{"href":"https:\/\/www.medideal.com.br\/en\/wp-json\/wp\/v2\/product\/1329","targetHints":{"allow":["GET"]}}],"collection":[{"href":"https:\/\/www.medideal.com.br\/en\/wp-json\/wp\/v2\/product"}],"about":[{"href":"https:\/\/www.medideal.com.br\/en\/wp-json\/wp\/v2\/types\/product"}],"replies":[{"embeddable":true,"href":"https:\/\/www.medideal.com.br\/en\/wp-json\/wp\/v2\/comments?post=1329"}],"wp:featuredmedia":[{"embeddable":true,"href":"https:\/\/www.medideal.com.br\/en\/wp-json\/wp\/v2\/media\/1330"}],"wp:attachment":[{"href":"https:\/\/www.medideal.com.br\/en\/wp-json\/wp\/v2\/media?parent=1329"}],"wp:term":[{"taxonomy":"product_brand","embeddable":true,"href":"https:\/\/www.medideal.com.br\/en\/wp-json\/wp\/v2\/product_brand?post=1329"},{"taxonomy":"product_cat","embeddable":true,"href":"https:\/\/www.medideal.com.br\/en\/wp-json\/wp\/v2\/product_cat?post=1329"},{"taxonomy":"product_tag","embeddable":true,"href":"https:\/\/www.medideal.com.br\/en\/wp-json\/wp\/v2\/product_tag?post=1329"}],"curies":[{"name":"wp","href":"https:\/\/api.w.org\/{rel}","templated":true}]}}