{"id":1316,"date":"2023-11-10T14:36:33","date_gmt":"2023-11-10T17:36:33","guid":{"rendered":"https:\/\/www.medideal.com.br\/?post_type=product&#038;p=1316"},"modified":"2024-01-12T16:39:37","modified_gmt":"2024-01-12T19:39:37","slug":"tornozeleira-elastica-bamboo-preta-hidrolight","status":"publish","type":"product","link":"https:\/\/www.medideal.com.br\/en\/tornozeleira-elastica-bamboo-preta-hidrolight\/","title":{"rendered":"Tornozeleira El\u00e1stica Bamboo (Preta) &#8211; Hidrolight"},"content":{"rendered":"<p>\u2714\u00a0Prote\u00e7\u00e3o e conforto durante a pr\u00e1tica de atividades f\u00edsicas;<\/p>\n<p>\u2714\u00a0Compress\u00e3o na regi\u00e3o do tornozelo;<\/p>\n<p>\u2714\u00a0Melhora a sensa\u00e7\u00e3o de estabilidade;<\/p>\n<p>\u2714\u00a0Fibra antibacteriana: bamboo \u00e9 repelente natural de bact\u00e9rias, mantendo o produto mais higi\u00eanico e fresco;<\/p>\n<p>\u2714\u00a0M\u00e1quina de lavar: tec\u00eddo h\u00edbrido de carv\u00e3o de bamboo dur\u00e1vel e resistente \u00e0 lavagem em m\u00e1quinas de lavar roupas.<\/p>\n<table class=\"pattern__wrapper\">\n<tbody>\n<tr>\n<td>\n<h2 class=\"subline\">Tamanhos<\/h2>\n<p>P 22cm &#8211; 24cm | M 24cm &#8211; 26cm | G 26cm &#8211; 28cm<\/td>\n<\/tr>\n<tr>\n<td>\n<h2 class=\"subline\">Indica\u00e7\u00f5es<\/h2>\n<p>Preven\u00e7\u00e3o de les\u00f5es durante as atividades f\u00edsicas, protegendo a articula\u00e7\u00e3o do tornozelo.<\/td>\n<\/tr>\n<tr>\n<td>\n<h2 class=\"subline\">Instru\u00e7\u00f5es de Uso<\/h2>\n<p>Cal\u00e7ar o produto atrav\u00e9s do orif\u00edcio superior, puxando-o para o tornozelo at\u00e9 que o orif\u00edcio do meio fique no calcanhar de maneira confort\u00e1vel.<\/td>\n<\/tr>\n<tr>\n<td>\n<h2 class=\"subline\">Composi\u00e7\u00e3o<\/h2>\n<p>40% poli\u00e9ster. 20% Nylon. 30% Borracha. 10% Elastano.<\/td>\n<\/tr>\n<\/tbody>\n<\/table>","protected":false},"excerpt":{"rendered":"<p>Preven\u00e7\u00e3o de les\u00f5es durante as atividades f\u00edsicas, protegendo a articula\u00e7\u00e3o do tornozelo.<\/p>","protected":false},"featured_media":1320,"comment_status":"closed","ping_status":"closed","template":"","meta":{"_joinchat":[]},"product_brand":[],"product_cat":[25],"product_tag":[],"class_list":{"0":"post-1316","1":"product","2":"type-product","3":"status-publish","4":"has-post-thumbnail","6":"product_cat-ortopedia","8":"first","9":"instock","10":"shipping-taxable","11":"purchasable","12":"product-type-variable"},"_links":{"self":[{"href":"https:\/\/www.medideal.com.br\/en\/wp-json\/wp\/v2\/product\/1316","targetHints":{"allow":["GET"]}}],"collection":[{"href":"https:\/\/www.medideal.com.br\/en\/wp-json\/wp\/v2\/product"}],"about":[{"href":"https:\/\/www.medideal.com.br\/en\/wp-json\/wp\/v2\/types\/product"}],"replies":[{"embeddable":true,"href":"https:\/\/www.medideal.com.br\/en\/wp-json\/wp\/v2\/comments?post=1316"}],"wp:featuredmedia":[{"embeddable":true,"href":"https:\/\/www.medideal.com.br\/en\/wp-json\/wp\/v2\/media\/1320"}],"wp:attachment":[{"href":"https:\/\/www.medideal.com.br\/en\/wp-json\/wp\/v2\/media?parent=1316"}],"wp:term":[{"taxonomy":"product_brand","embeddable":true,"href":"https:\/\/www.medideal.com.br\/en\/wp-json\/wp\/v2\/product_brand?post=1316"},{"taxonomy":"product_cat","embeddable":true,"href":"https:\/\/www.medideal.com.br\/en\/wp-json\/wp\/v2\/product_cat?post=1316"},{"taxonomy":"product_tag","embeddable":true,"href":"https:\/\/www.medideal.com.br\/en\/wp-json\/wp\/v2\/product_tag?post=1316"}],"curies":[{"name":"wp","href":"https:\/\/api.w.org\/{rel}","templated":true}]}}