{"id":1312,"date":"2023-11-10T14:34:09","date_gmt":"2023-11-10T17:34:09","guid":{"rendered":"https:\/\/www.medideal.com.br\/?post_type=product&#038;p=1312"},"modified":"2024-01-12T16:32:54","modified_gmt":"2024-01-12T19:32:54","slug":"tala-punho-comfort-air-longa-esquerda-hidrolight","status":"publish","type":"product","link":"https:\/\/www.medideal.com.br\/en\/tala-punho-comfort-air-longa-esquerda-hidrolight\/","title":{"rendered":"Tala Punho Comfort Air Longa (Esquerda) &#8211; Hidrolight"},"content":{"rendered":"<p>\u2714\u00a0Proporciona estabilidade e conforto;<\/p>\n<p>\u2714\u00a0Confeccionada em material de alta qualidade, que permite a transpira\u00e7\u00e3o;<\/p>\n<p>\u2714\u00a0Possui uma tala em PVC r\u00edgido;<\/p>\n<p>\u2714\u00a0Seu bolso interno auxilia a vestir a \u00f3rtese com facilidade;<\/p>\n<p>\u2714\u00a0Disp\u00f5e de tira em el\u00e1stico que refor\u00e7a a imobiliza\u00e7\u00e3o.<\/p>\n<table class=\"pattern__wrapper\">\n<tbody>\n<tr>\n<td>\n<h2 class=\"subline\">Tamanhos<\/h2>\n<p>Circunfer\u00eancia do punho: P &#8211; de 14cm at\u00e9 17cm | M &#8211; de 17cm at\u00e9 20cm | G &#8211; de 20cm at\u00e9 23cm<\/td>\n<\/tr>\n<tr>\n<td>\n<h2 class=\"subline\">Indica\u00e7\u00f5es<\/h2>\n<p>Imobiliza\u00e7\u00e3o e alinhamento da articula\u00e7\u00e3o; Per\u00edodo pr\u00e9 e p\u00f3s-operat\u00f3rio; Reabilita\u00e7\u00e3o de fraturas de punho; L.E.R. (les\u00f5es por esfor\u00e7os repetitivos) e D.O.R.T. (dist\u00farbios osteomusculares relacionados ao trabalho); Tendinites, tenossinovites, les\u00f5es ligamentares e S\u00edndrome do t\u00fanel do carpo. CONSULTE UM ESPECIALISTA.<\/td>\n<\/tr>\n<tr>\n<td>\n<h2 class=\"subline\">Instru\u00e7\u00f5es de Uso<\/h2>\n<p>Solte o el\u00e1stico e as quatro tiras aderentes e vista a \u00f3rtese no punho. Ap\u00f3s, ajuste as tiras aderentes e, por fim, o el\u00e1stico conforme sua necessidade e conforto.<\/td>\n<\/tr>\n<tr>\n<td>\n<h2 class=\"subline\">Composi\u00e7\u00e3o<\/h2>\n<p>35% poli\u00e9ster, 35% algod\u00e3o, 15% nylon, 10% elastano e 5% A\u00e7o.<\/td>\n<\/tr>\n<\/tbody>\n<\/table>","protected":false},"excerpt":{"rendered":"<p>Imobiliza\u00e7\u00e3o e alinhamento da articula\u00e7\u00e3o; Per\u00edodo pr\u00e9 e p\u00f3s-operat\u00f3rio; Reabilita\u00e7\u00e3o de fraturas de punho; L.E.R. (les\u00f5es por esfor\u00e7os repetitivos) e D.O.R.T. (dist\u00farbios osteomusculares relacionados ao trabalho); Tendinites, tenossinovites, les\u00f5es ligamentares e S\u00edndrome do t\u00fanel do carpo.<\/p>","protected":false},"featured_media":1301,"comment_status":"open","ping_status":"closed","template":"","meta":{"_joinchat":[]},"product_brand":[],"product_cat":[25],"product_tag":[],"class_list":{"0":"post-1312","1":"product","2":"type-product","3":"status-publish","4":"has-post-thumbnail","6":"product_cat-ortopedia","8":"first","9":"instock","10":"shipping-taxable","11":"purchasable","12":"product-type-variable"},"_links":{"self":[{"href":"https:\/\/www.medideal.com.br\/en\/wp-json\/wp\/v2\/product\/1312","targetHints":{"allow":["GET"]}}],"collection":[{"href":"https:\/\/www.medideal.com.br\/en\/wp-json\/wp\/v2\/product"}],"about":[{"href":"https:\/\/www.medideal.com.br\/en\/wp-json\/wp\/v2\/types\/product"}],"replies":[{"embeddable":true,"href":"https:\/\/www.medideal.com.br\/en\/wp-json\/wp\/v2\/comments?post=1312"}],"wp:featuredmedia":[{"embeddable":true,"href":"https:\/\/www.medideal.com.br\/en\/wp-json\/wp\/v2\/media\/1301"}],"wp:attachment":[{"href":"https:\/\/www.medideal.com.br\/en\/wp-json\/wp\/v2\/media?parent=1312"}],"wp:term":[{"taxonomy":"product_brand","embeddable":true,"href":"https:\/\/www.medideal.com.br\/en\/wp-json\/wp\/v2\/product_brand?post=1312"},{"taxonomy":"product_cat","embeddable":true,"href":"https:\/\/www.medideal.com.br\/en\/wp-json\/wp\/v2\/product_cat?post=1312"},{"taxonomy":"product_tag","embeddable":true,"href":"https:\/\/www.medideal.com.br\/en\/wp-json\/wp\/v2\/product_tag?post=1312"}],"curies":[{"name":"wp","href":"https:\/\/api.w.org\/{rel}","templated":true}]}}