{"id":1305,"date":"2023-11-10T14:33:42","date_gmt":"2023-11-10T17:33:42","guid":{"rendered":"https:\/\/www.medideal.com.br\/?post_type=product&#038;p=1305"},"modified":"2024-01-12T16:34:40","modified_gmt":"2024-01-12T19:34:40","slug":"suporte-de-compressao-para-panturrilha-hidrolight","status":"publish","type":"product","link":"https:\/\/www.medideal.com.br\/en\/suporte-de-compressao-para-panturrilha-hidrolight\/","title":{"rendered":"Suporte de Compress\u00e3o para Panturrilha &#8211; Hidrolight"},"content":{"rendered":"<p>\u2714\u00a0Maior performance do atleta na pr\u00e1tica esportiva;<\/p>\n<p>\u2714\u00a0Contribui para o retorno venoso durante a atividade f\u00edsica;<\/p>\n<p>\u2714\u00a0Previne a c\u00e3ibra e a canelite;<\/p>\n<p>\u2714\u00a0Compress\u00e3o em torno da panturrilha;<\/p>\n<p>\u2714\u00a0Melhora a sensa\u00e7\u00e3o de estabilidade;<\/p>\n<p>\u2714\u00a0Ret\u00e9m o calor devido ao material em neoprene;<\/p>\n<p>\u2714\u00a0Permite a transpira\u00e7\u00e3o;<\/p>\n<p>\u2714\u00a0Auxilia no al\u00edvio da dor.<\/p>\n<table class=\"pattern__wrapper\">\n<tbody>\n<tr>\n<td>\n<h2 class=\"subline\">Tamanhos<\/h2>\n<p>PP &#8211; 32cm &#8211; 34cm | P 34cm &#8211; 37cm | M 37cm &#8211; 40cm | G 40cm &#8211; 44cm | GG 44cm &#8211; 48cm<\/td>\n<\/tr>\n<tr>\n<td>\n<h2 class=\"subline\">Indica\u00e7\u00f5es<\/h2>\n<p>Preven\u00e7\u00e3o e tratamento de les\u00f5es e inflama\u00e7\u00f5es na regi\u00e3o da perna; Compress\u00e3o dos m\u00fasculos da panturrilha e tibial anterior; Al\u00edvio de dores agudas e cr\u00f4nicas durante a pr\u00e1tica de exerc\u00edcios f\u00edsicos; Melhora da circula\u00e7\u00e3o sangu\u00ednea. CONSULTE UM ESPECIALISTA.<\/td>\n<\/tr>\n<tr>\n<td>\n<h2 class=\"subline\">Instru\u00e7\u00f5es de Uso<\/h2>\n<p>Puxe o suporte pela abertura maior e a posicione na perna de modo que fique confort\u00e1vel. Cont\u00e9m 1 par.<\/td>\n<\/tr>\n<tr>\n<td>\n<h2 class=\"subline\">Composi\u00e7\u00e3o<\/h2>\n<p>Borracha de cloropreno revestida com tecido 100% poliamida.<\/td>\n<\/tr>\n<\/tbody>\n<\/table>","protected":false},"excerpt":{"rendered":"<p>Preven\u00e7\u00e3o e tratamento de les\u00f5es e inflama\u00e7\u00f5es na regi\u00e3o da perna; Compress\u00e3o dos m\u00fasculos da panturrilha e tibial anterior; Al\u00edvio de dores agudas e cr\u00f4nicas durante a pr\u00e1tica de exerc\u00edcios f\u00edsicos; Melhora da circula\u00e7\u00e3o sangu\u00ednea.<\/p>","protected":false},"featured_media":1306,"comment_status":"open","ping_status":"closed","template":"","meta":{"_joinchat":[]},"product_brand":[],"product_cat":[25],"product_tag":[],"class_list":{"0":"post-1305","1":"product","2":"type-product","3":"status-publish","4":"has-post-thumbnail","6":"product_cat-ortopedia","8":"first","9":"instock","10":"shipping-taxable","11":"purchasable","12":"product-type-variable"},"_links":{"self":[{"href":"https:\/\/www.medideal.com.br\/en\/wp-json\/wp\/v2\/product\/1305","targetHints":{"allow":["GET"]}}],"collection":[{"href":"https:\/\/www.medideal.com.br\/en\/wp-json\/wp\/v2\/product"}],"about":[{"href":"https:\/\/www.medideal.com.br\/en\/wp-json\/wp\/v2\/types\/product"}],"replies":[{"embeddable":true,"href":"https:\/\/www.medideal.com.br\/en\/wp-json\/wp\/v2\/comments?post=1305"}],"wp:featuredmedia":[{"embeddable":true,"href":"https:\/\/www.medideal.com.br\/en\/wp-json\/wp\/v2\/media\/1306"}],"wp:attachment":[{"href":"https:\/\/www.medideal.com.br\/en\/wp-json\/wp\/v2\/media?parent=1305"}],"wp:term":[{"taxonomy":"product_brand","embeddable":true,"href":"https:\/\/www.medideal.com.br\/en\/wp-json\/wp\/v2\/product_brand?post=1305"},{"taxonomy":"product_cat","embeddable":true,"href":"https:\/\/www.medideal.com.br\/en\/wp-json\/wp\/v2\/product_cat?post=1305"},{"taxonomy":"product_tag","embeddable":true,"href":"https:\/\/www.medideal.com.br\/en\/wp-json\/wp\/v2\/product_tag?post=1305"}],"curies":[{"name":"wp","href":"https:\/\/api.w.org\/{rel}","templated":true}]}}