{"id":1278,"date":"2023-11-10T12:54:44","date_gmt":"2023-11-10T15:54:44","guid":{"rendered":"https:\/\/www.medideal.com.br\/?post_type=product&#038;p=1278"},"modified":"2023-11-10T12:54:44","modified_gmt":"2023-11-10T15:54:44","slug":"munhequeira-bumerangue-hidrolight","status":"publish","type":"product","link":"https:\/\/www.medideal.com.br\/en\/munhequeira-bumerangue-hidrolight\/","title":{"rendered":"Munhequeira Bumerangue &#8211; Hidrolight"},"content":{"rendered":"<p>\u2714\u00a0Oferece compress\u00e3o em torno do punho;<\/p>\n<p>\u2714\u00a0Melhora a sensa\u00e7\u00e3o de estabilidade da articula\u00e7\u00e3o;<\/p>\n<p>\u2714\u00a0Ajuste conforme a sua necessidade;<\/p>\n<p>\u2714\u00a0O orif\u00edcio para polegar facilita o posicionamento do produto;<\/p>\n<p>\u2714\u00a0Ret\u00e9m o calor devido ao material em neoprene;<\/p>\n<p>\u2714\u00a0Auxilia no al\u00edvio da dor.<\/p>\n<table class=\"pattern__wrapper\">\n<tbody>\n<tr>\n<td>\n<h2 class=\"subline\">Tamanhos<\/h2>\n<p>\u00danico Ajust\u00e1vel<\/td>\n<\/tr>\n<tr>\n<td>\n<h2 class=\"subline\">Indica\u00e7\u00f5es<\/h2>\n<p>Preven\u00e7\u00e3o e tratamento de contus\u00f5es, distens\u00f5es e tendinites; Al\u00edvio de dores agudas e cr\u00f4nicas; Preven\u00e7\u00e3o de les\u00f5es durante a pr\u00e1tica de exerc\u00edcios; Aux\u00edlio no tratamento fisioterap\u00eautico; L.E.R. (les\u00f5es por esfor\u00e7os repetitivos) e D.O.R.T. (dist\u00farbios osteomusculares relacionados ao trabalho). CONSULTE UM ESPECIALISTA.<\/td>\n<\/tr>\n<tr>\n<td>\n<h2 class=\"subline\">Instru\u00e7\u00f5es de Uso<\/h2>\n<p>Posicione o orif\u00edcio da munhequeira no polegar e passe as abas em torno do punho. Ajuste atrav\u00e9s das tiras em nylon com fecho aderente no plush do produto com compress\u00e3o adequada ao seu conforto.<\/td>\n<\/tr>\n<tr>\n<td>\n<h2 class=\"subline\">Composi\u00e7\u00e3o<\/h2>\n<p>Borracha de cloropreno revestida com tecido 100% poliamida.<\/td>\n<\/tr>\n<\/tbody>\n<\/table>","protected":false},"excerpt":{"rendered":"<p>Preven\u00e7\u00e3o e tratamento de contus\u00f5es, distens\u00f5es e tendinites; Al\u00edvio de dores agudas e cr\u00f4nicas; Preven\u00e7\u00e3o de les\u00f5es durante a pr\u00e1tica de exerc\u00edcios; Aux\u00edlio no tratamento fisioterap\u00eautico; L.E.R. (les\u00f5es por esfor\u00e7os repetitivos) e D.O.R.T. (dist\u00farbios osteomusculares relacionados ao trabalho).<\/p>","protected":false},"featured_media":1279,"comment_status":"open","ping_status":"closed","template":"","meta":{"_joinchat":[]},"product_brand":[],"product_cat":[25],"product_tag":[],"class_list":{"0":"post-1278","1":"product","2":"type-product","3":"status-publish","4":"has-post-thumbnail","6":"product_cat-ortopedia","8":"first","9":"outofstock","10":"shipping-taxable","11":"purchasable","12":"product-type-simple"},"_links":{"self":[{"href":"https:\/\/www.medideal.com.br\/en\/wp-json\/wp\/v2\/product\/1278","targetHints":{"allow":["GET"]}}],"collection":[{"href":"https:\/\/www.medideal.com.br\/en\/wp-json\/wp\/v2\/product"}],"about":[{"href":"https:\/\/www.medideal.com.br\/en\/wp-json\/wp\/v2\/types\/product"}],"replies":[{"embeddable":true,"href":"https:\/\/www.medideal.com.br\/en\/wp-json\/wp\/v2\/comments?post=1278"}],"wp:featuredmedia":[{"embeddable":true,"href":"https:\/\/www.medideal.com.br\/en\/wp-json\/wp\/v2\/media\/1279"}],"wp:attachment":[{"href":"https:\/\/www.medideal.com.br\/en\/wp-json\/wp\/v2\/media?parent=1278"}],"wp:term":[{"taxonomy":"product_brand","embeddable":true,"href":"https:\/\/www.medideal.com.br\/en\/wp-json\/wp\/v2\/product_brand?post=1278"},{"taxonomy":"product_cat","embeddable":true,"href":"https:\/\/www.medideal.com.br\/en\/wp-json\/wp\/v2\/product_cat?post=1278"},{"taxonomy":"product_tag","embeddable":true,"href":"https:\/\/www.medideal.com.br\/en\/wp-json\/wp\/v2\/product_tag?post=1278"}],"curies":[{"name":"wp","href":"https:\/\/api.w.org\/{rel}","templated":true}]}}