{"id":1267,"date":"2023-11-10T12:34:03","date_gmt":"2023-11-10T15:34:03","guid":{"rendered":"https:\/\/www.medideal.com.br\/?post_type=product&#038;p=1267"},"modified":"2024-01-12T16:04:07","modified_gmt":"2024-01-12T19:04:07","slug":"joelheira-com-reforco-patelar-hidrolight","status":"publish","type":"product","link":"https:\/\/www.medideal.com.br\/en\/joelheira-com-reforco-patelar-hidrolight\/","title":{"rendered":"Joelheira com Refor\u00e7o Patelar &#8211; Hidrolight"},"content":{"rendered":"<p>\u2714\u00a0Compress\u00e3o em torno do joelho;<\/p>\n<p>\u2714\u00a0Melhora a sensa\u00e7\u00e3o de estabilidade da articula\u00e7\u00e3o;<\/p>\n<p>\u2714\u00a0Refor\u00e7o patelar que auxilia na prote\u00e7\u00e3o;<\/p>\n<p>\u2714\u00a0Ret\u00e9m o calor devido ao material em neoprene;<\/p>\n<p>\u2714\u00a0Auxilia no al\u00edvio da dor.<\/p>\n<table class=\"pattern__wrapper\">\n<tbody>\n<tr>\n<td>\n<h2 class=\"subline\">Tamanhos<\/h2>\n<p>PP 33cm &#8211; 35cm | P 35cm &#8211; 37cm | M 37cm &#8211; 41cm | G 41cm &#8211; 45cm | GG 45cm &#8211; 47cm<\/td>\n<\/tr>\n<tr>\n<td>\n<h2 class=\"subline\">Indica\u00e7\u00f5es<\/h2>\n<p>Preven\u00e7\u00e3o e tratamento de les\u00f5es m\u00e9dias na regi\u00e3o do joelho; Preven\u00e7\u00e3o de les\u00f5es durante a pr\u00e1tica de exerc\u00edcios; Aux\u00edlio no tratamento fisioterap\u00eautico; Entorses, contus\u00f5es, condromal\u00e1cia, edemas, distens\u00f5es, tendinites, bursites, instabilidade patelar, luxa\u00e7\u00f5es, periartrite, entre outras. CONSULTE UM ESPECIALISTA.<\/td>\n<\/tr>\n<tr>\n<td>\n<h2 class=\"subline\">Instru\u00e7\u00f5es de Uso<\/h2>\n<p>Vista o produto pelo di\u00e2metro maior e posicione o orif\u00edcio no centro do joelho de modo que fique confort\u00e1vel e permita tranquila movimenta\u00e7\u00e3o.<\/td>\n<\/tr>\n<tr>\n<td>\n<h2 class=\"subline\">Composi\u00e7\u00e3o<\/h2>\n<p>Borracha de cloropreno revestida com tecido 100% poliamida.<\/td>\n<\/tr>\n<\/tbody>\n<\/table>","protected":false},"excerpt":{"rendered":"<p>Preven\u00e7\u00e3o e tratamento de les\u00f5es m\u00e9dias na regi\u00e3o do joelho; Preven\u00e7\u00e3o de les\u00f5es durante a pr\u00e1tica de exerc\u00edcios; Aux\u00edlio no tratamento fisioterap\u00eautico; Entorses, contus\u00f5es, condromal\u00e1cia, edemas, distens\u00f5es, tendinites, bursites, instabilidade patelar, luxa\u00e7\u00f5es, periartrite, entre outras. CONSULTE UM ESPECIALISTA.<\/p>","protected":false},"featured_media":1268,"comment_status":"open","ping_status":"closed","template":"","meta":{"_joinchat":[]},"product_brand":[],"product_cat":[25],"product_tag":[],"class_list":{"0":"post-1267","1":"product","2":"type-product","3":"status-publish","4":"has-post-thumbnail","6":"product_cat-ortopedia","8":"first","9":"instock","10":"shipping-taxable","11":"purchasable","12":"product-type-variable"},"_links":{"self":[{"href":"https:\/\/www.medideal.com.br\/en\/wp-json\/wp\/v2\/product\/1267","targetHints":{"allow":["GET"]}}],"collection":[{"href":"https:\/\/www.medideal.com.br\/en\/wp-json\/wp\/v2\/product"}],"about":[{"href":"https:\/\/www.medideal.com.br\/en\/wp-json\/wp\/v2\/types\/product"}],"replies":[{"embeddable":true,"href":"https:\/\/www.medideal.com.br\/en\/wp-json\/wp\/v2\/comments?post=1267"}],"wp:featuredmedia":[{"embeddable":true,"href":"https:\/\/www.medideal.com.br\/en\/wp-json\/wp\/v2\/media\/1268"}],"wp:attachment":[{"href":"https:\/\/www.medideal.com.br\/en\/wp-json\/wp\/v2\/media?parent=1267"}],"wp:term":[{"taxonomy":"product_brand","embeddable":true,"href":"https:\/\/www.medideal.com.br\/en\/wp-json\/wp\/v2\/product_brand?post=1267"},{"taxonomy":"product_cat","embeddable":true,"href":"https:\/\/www.medideal.com.br\/en\/wp-json\/wp\/v2\/product_cat?post=1267"},{"taxonomy":"product_tag","embeddable":true,"href":"https:\/\/www.medideal.com.br\/en\/wp-json\/wp\/v2\/product_tag?post=1267"}],"curies":[{"name":"wp","href":"https:\/\/api.w.org\/{rel}","templated":true}]}}