{"id":1263,"date":"2023-11-10T12:25:49","date_gmt":"2023-11-10T15:25:49","guid":{"rendered":"https:\/\/www.medideal.com.br\/?post_type=product&#038;p=1263"},"modified":"2024-01-12T15:45:10","modified_gmt":"2024-01-12T18:45:10","slug":"faixa-sub-patelar-hidrolight","status":"publish","type":"product","link":"https:\/\/www.medideal.com.br\/en\/faixa-sub-patelar-hidrolight\/","title":{"rendered":"Faixa Sub Patelar &#8211; Hidrolight"},"content":{"rendered":"<p>\u2714\u00a0Melhora a sensa\u00e7\u00e3o de estabilidade da articula\u00e7\u00e3o;<\/p>\n<p>\u2714\u00a0As abas com fecho aderente ajustam a compress\u00e3o conforme a sua necessidade;<\/p>\n<p>\u2714\u00a0Suporte em tubo proporciona al\u00edvio da tens\u00e3o patelar;<\/p>\n<p>\u2714\u00a0Ret\u00e9m o calor devido ao material em neoprene;<\/p>\n<p>\u2714\u00a0Auxilia no al\u00edvio da dor.<\/p>\n<table class=\"pattern__wrapper\">\n<tbody>\n<tr>\n<td>\n<h2 class=\"subline\">Tamanhos<\/h2>\n<p>\u00danico &#8211; Ajust\u00e1vel<\/td>\n<\/tr>\n<tr>\n<td>\n<h2 class=\"subline\">Indica\u00e7\u00f5es<\/h2>\n<p>Preven\u00e7\u00e3o e tratamento de les\u00f5es m\u00e9dias na regi\u00e3o do joelho; S\u00edndrome de Osgood Schlater; Preven\u00e7\u00e3o de les\u00f5es durante a pr\u00e1tica de exerc\u00edcios; Aux\u00edlio no tratamento fisioterap\u00eautico; Contus\u00f5es, condromal\u00e1cia, edemas, distens\u00f5es, tendinite patelar, bursites, periartrite, entre outras. CONSULTE UM ESPECIALISTA.<\/td>\n<\/tr>\n<tr>\n<td>\n<h2 class=\"subline\">Instru\u00e7\u00f5es de Uso<\/h2>\n<p>Posicione o produto abaixo da patela (r\u00f3tula) do joelho e puxe as extremidades ao redor da perna, fixando-as com o fecho aderente na parte posterior do joelho. Certifique-se de que a \u00e1rea refor\u00e7ada esteja posicionada abaixo da regi\u00e3o patelar. Se necess\u00e1rio, ajuste ocasionalmente durante o uso.<\/td>\n<\/tr>\n<tr>\n<td>\n<h2 class=\"subline\">Composi\u00e7\u00e3o<\/h2>\n<p>Borracha de cloropreno revestida com tecido 100% poliamida.<\/td>\n<\/tr>\n<\/tbody>\n<\/table>","protected":false},"excerpt":{"rendered":"<p>Preven\u00e7\u00e3o e tratamento de les\u00f5es m\u00e9dias na regi\u00e3o do joelho; S\u00edndrome de Osgood Schlater; Preven\u00e7\u00e3o de les\u00f5es durante a pr\u00e1tica de exerc\u00edcios; Aux\u00edlio no tratamento fisioterap\u00eautico; Contus\u00f5es, condromal\u00e1cia, edemas, distens\u00f5es, tendinite patelar, bursites, periartrite, entre outras.<\/p>","protected":false},"featured_media":1264,"comment_status":"open","ping_status":"closed","template":"","meta":{"_joinchat":[]},"product_brand":[],"product_cat":[25],"product_tag":[],"class_list":{"0":"post-1263","1":"product","2":"type-product","3":"status-publish","4":"has-post-thumbnail","6":"product_cat-ortopedia","8":"first","9":"outofstock","10":"shipping-taxable","11":"purchasable","12":"product-type-simple"},"_links":{"self":[{"href":"https:\/\/www.medideal.com.br\/en\/wp-json\/wp\/v2\/product\/1263","targetHints":{"allow":["GET"]}}],"collection":[{"href":"https:\/\/www.medideal.com.br\/en\/wp-json\/wp\/v2\/product"}],"about":[{"href":"https:\/\/www.medideal.com.br\/en\/wp-json\/wp\/v2\/types\/product"}],"replies":[{"embeddable":true,"href":"https:\/\/www.medideal.com.br\/en\/wp-json\/wp\/v2\/comments?post=1263"}],"wp:featuredmedia":[{"embeddable":true,"href":"https:\/\/www.medideal.com.br\/en\/wp-json\/wp\/v2\/media\/1264"}],"wp:attachment":[{"href":"https:\/\/www.medideal.com.br\/en\/wp-json\/wp\/v2\/media?parent=1263"}],"wp:term":[{"taxonomy":"product_brand","embeddable":true,"href":"https:\/\/www.medideal.com.br\/en\/wp-json\/wp\/v2\/product_brand?post=1263"},{"taxonomy":"product_cat","embeddable":true,"href":"https:\/\/www.medideal.com.br\/en\/wp-json\/wp\/v2\/product_cat?post=1263"},{"taxonomy":"product_tag","embeddable":true,"href":"https:\/\/www.medideal.com.br\/en\/wp-json\/wp\/v2\/product_tag?post=1263"}],"curies":[{"name":"wp","href":"https:\/\/api.w.org\/{rel}","templated":true}]}}