{"id":1256,"date":"2023-11-10T12:22:31","date_gmt":"2023-11-10T15:22:31","guid":{"rendered":"https:\/\/www.medideal.com.br\/?post_type=product&#038;p=1256"},"modified":"2024-01-12T15:44:16","modified_gmt":"2024-01-12T18:44:16","slug":"estabilizador-de-tornozelo-hidrolight","status":"publish","type":"product","link":"https:\/\/www.medideal.com.br\/en\/estabilizador-de-tornozelo-hidrolight\/","title":{"rendered":"Estabilizador de Tornozelo &#8211; Hidrolight"},"content":{"rendered":"<p>\u2714\u00a0Compress\u00e3o na regi\u00e3o do tornozelo;<\/p>\n<p>\u2714\u00a0Melhora a sensa\u00e7\u00e3o de estabilidade da articula\u00e7\u00e3o;<\/p>\n<p>\u2714\u00a0Talas laterais proporcionam mais seguran\u00e7a aos seus movimentos;<\/p>\n<p>\u2714\u00a0Possui faixas el\u00e1sticas que ampliam seu efeito;<\/p>\n<p>\u2714\u00a0Ajuste conforme a sua necessidade;<\/p>\n<p>\u2714\u00a0Ret\u00e9m o calor devido ao material em neoprene;<\/p>\n<p>\u2714\u00a0Auxilia no al\u00edvio da dor.<\/p>\n<table class=\"pattern__wrapper\">\n<tbody>\n<tr>\n<td>\n<h2 class=\"subline\">Tamanhos<\/h2>\n<p>PP 22cm &#8211; 24cm | P 24cm &#8211; 26cm | M 27cm &#8211; 30cm | G 29cm &#8211; 31cm | GG 31cm &#8211; 33cm<\/td>\n<\/tr>\n<tr>\n<td>\n<h2 class=\"subline\">Indica\u00e7\u00f5es<\/h2>\n<p>Tratamento de les\u00f5es no tornozelo; Reabilita\u00e7\u00e3o de fraturas; Preven\u00e7\u00e3o de entorse e contus\u00f5es; Aux\u00edlio no tratamento fisioterap\u00eautico; Tendinites, bursites e artrites reumatoides. CONSULTE UM ESPECIALISTA.<\/td>\n<\/tr>\n<tr>\n<td>\n<h2 class=\"subline\">Instru\u00e7\u00f5es de Uso<\/h2>\n<p>1. Posicione o produto de modo que o calcanhar fique no orif\u00edcio e uma tala em cada lado do tornozelo;<br \/>\n2. Feche a aba maior pela frente da canela, ajustando a compress\u00e3o necess\u00e1ria;<br \/>\n3. Puxe a faixa el\u00e1stica menor por cima do peito do p\u00e9 e fixe ao velcro do lado contr\u00e1rio, de modo que fique confort\u00e1vel;<br \/>\n4. Segure as duas faixas el\u00e1sticas maiores (uma em cada m\u00e3o). Depois, cruze-as por cima do p\u00e9 e as troque de m\u00e3o. Puxe cada faixa para tr\u00e1s, aderindo uma \u00e0 outra.<\/td>\n<\/tr>\n<tr>\n<td>\n<h2 class=\"subline\">Composi\u00e7\u00e3o<\/h2>\n<p>Borracha de cloropreno revestida com tecido 100% poliamida.<\/td>\n<\/tr>\n<\/tbody>\n<\/table>","protected":false},"excerpt":{"rendered":"<p>Tratamento de les\u00f5es no tornozelo; Reabilita\u00e7\u00e3o de fraturas; Preven\u00e7\u00e3o de entorse e contus\u00f5es; Aux\u00edlio no tratamento fisioterap\u00eautico; Tendinites, bursites e artrites reumatoides.<\/p>","protected":false},"featured_media":1257,"comment_status":"open","ping_status":"closed","template":"","meta":{"_joinchat":[]},"product_brand":[],"product_cat":[25],"product_tag":[],"class_list":{"0":"post-1256","1":"product","2":"type-product","3":"status-publish","4":"has-post-thumbnail","6":"product_cat-ortopedia","8":"first","9":"instock","10":"shipping-taxable","11":"purchasable","12":"product-type-variable"},"_links":{"self":[{"href":"https:\/\/www.medideal.com.br\/en\/wp-json\/wp\/v2\/product\/1256","targetHints":{"allow":["GET"]}}],"collection":[{"href":"https:\/\/www.medideal.com.br\/en\/wp-json\/wp\/v2\/product"}],"about":[{"href":"https:\/\/www.medideal.com.br\/en\/wp-json\/wp\/v2\/types\/product"}],"replies":[{"embeddable":true,"href":"https:\/\/www.medideal.com.br\/en\/wp-json\/wp\/v2\/comments?post=1256"}],"wp:featuredmedia":[{"embeddable":true,"href":"https:\/\/www.medideal.com.br\/en\/wp-json\/wp\/v2\/media\/1257"}],"wp:attachment":[{"href":"https:\/\/www.medideal.com.br\/en\/wp-json\/wp\/v2\/media?parent=1256"}],"wp:term":[{"taxonomy":"product_brand","embeddable":true,"href":"https:\/\/www.medideal.com.br\/en\/wp-json\/wp\/v2\/product_brand?post=1256"},{"taxonomy":"product_cat","embeddable":true,"href":"https:\/\/www.medideal.com.br\/en\/wp-json\/wp\/v2\/product_cat?post=1256"},{"taxonomy":"product_tag","embeddable":true,"href":"https:\/\/www.medideal.com.br\/en\/wp-json\/wp\/v2\/product_tag?post=1256"}],"curies":[{"name":"wp","href":"https:\/\/api.w.org\/{rel}","templated":true}]}}