{"id":1249,"date":"2023-11-10T12:18:55","date_gmt":"2023-11-10T15:18:55","guid":{"rendered":"https:\/\/www.medideal.com.br\/?post_type=product&#038;p=1249"},"modified":"2024-01-12T15:42:29","modified_gmt":"2024-01-12T18:42:29","slug":"suporte-para-ombro-hidrolight","status":"publish","type":"product","link":"https:\/\/www.medideal.com.br\/en\/suporte-para-ombro-hidrolight\/","title":{"rendered":"Suporte para Ombro &#8211; Hidrolight"},"content":{"rendered":"<p><strong>Seus benef\u00edcios<\/strong><\/p>\n<p><strong>\u2714<\/strong>\u00a0Oferece compress\u00e3o na regi\u00e3o do ombro;<\/p>\n<p><strong>\u2714\u00a0<\/strong>Melhora a estabilidade da articula\u00e7\u00e3o;<\/p>\n<p><strong>\u2714<\/strong>\u00a0Ret\u00e9m o calor devido ao material em neoprene, auxiliando no al\u00edvio da dor.<\/p>\n<p>&nbsp;<\/p>\n<p><strong>\u00c9 pr\u00e1tico<\/strong><\/p>\n<p><strong>\u2714\u00a0<\/strong>Produto bilateral: pode ser utilizado tanto no ombro direito quanto no esquerdo;<\/p>\n<p><strong>\u2714\u00a0<\/strong>As al\u00e7as (anterior e posterior) auxiliam na regulagem de acordo com a sua necessidade.<\/p>\n<p>&nbsp;<\/p>\n<p><strong>Mais eficiente<\/strong><\/p>\n<p><strong>\u2714<\/strong>\u00a0O tamanho da pe\u00e7a est\u00e1 maior, o que proporciona uma fixa\u00e7\u00e3o e um ajuste mais preciso ao corpo;<\/p>\n<p><strong>\u2714<\/strong>\u00a0Seu velcro liso em toda extens\u00e3o possibilita um ajuste completo, de ponta a ponta.<\/p>\n<p>&nbsp;<\/p>\n<p><strong>O conforto que voc\u00ea precisa<\/strong><\/p>\n<p><strong>\u2714<\/strong>\u00a0Todas as costuras do produto foram projetadas para proporcionar ainda mais conforto \u2013 sem perder sua efici\u00eancia;<\/p>\n<p><strong>\u2714<\/strong>\u00a0A al\u00e7a foi anatomicamente desenhada: \u00e9 mais fina na parte do ajuste e mais larga onde o corpo exige maior tens\u00e3o.<\/p>\n<p>&nbsp;<\/p>\n<p><strong>Tamanhos:<\/strong><\/p>\n<p><strong>Circunfer\u00eancia do Bra\u00e7o:<\/strong><\/p>\n<ul>\n<li>PP 22 at\u00e9 28cm.<\/li>\n<li>P 24 at\u00e9 32cm.<\/li>\n<li>M 26 at\u00e9 34cm.<\/li>\n<li>G 28 at\u00e9 36cm<\/li>\n<li>GG 31 at\u00e9 38cm.<\/li>\n<\/ul>\n<p><strong>Circunfer\u00eancia do T\u00f3rax:<\/strong><\/p>\n<ul>\n<li>PP 70 at\u00e9 95cm.<\/li>\n<li>P 70 at\u00e9 100cm.<\/li>\n<li>M 84 at\u00e9 110cm<\/li>\n<li>G 90 at\u00e9 120<\/li>\n<li>GG 104 at\u00e9 140cm.<\/li>\n<\/ul>","protected":false},"excerpt":{"rendered":"<p>Produto bilateral: pode ser utilizado tanto no ombro direito quanto no esquerdo;<\/p>","protected":false},"featured_media":1250,"comment_status":"open","ping_status":"closed","template":"","meta":{"_joinchat":[]},"product_brand":[],"product_cat":[25],"product_tag":[],"class_list":{"0":"post-1249","1":"product","2":"type-product","3":"status-publish","4":"has-post-thumbnail","6":"product_cat-ortopedia","8":"first","9":"instock","10":"shipping-taxable","11":"purchasable","12":"product-type-variable"},"_links":{"self":[{"href":"https:\/\/www.medideal.com.br\/en\/wp-json\/wp\/v2\/product\/1249","targetHints":{"allow":["GET"]}}],"collection":[{"href":"https:\/\/www.medideal.com.br\/en\/wp-json\/wp\/v2\/product"}],"about":[{"href":"https:\/\/www.medideal.com.br\/en\/wp-json\/wp\/v2\/types\/product"}],"replies":[{"embeddable":true,"href":"https:\/\/www.medideal.com.br\/en\/wp-json\/wp\/v2\/comments?post=1249"}],"wp:featuredmedia":[{"embeddable":true,"href":"https:\/\/www.medideal.com.br\/en\/wp-json\/wp\/v2\/media\/1250"}],"wp:attachment":[{"href":"https:\/\/www.medideal.com.br\/en\/wp-json\/wp\/v2\/media?parent=1249"}],"wp:term":[{"taxonomy":"product_brand","embeddable":true,"href":"https:\/\/www.medideal.com.br\/en\/wp-json\/wp\/v2\/product_brand?post=1249"},{"taxonomy":"product_cat","embeddable":true,"href":"https:\/\/www.medideal.com.br\/en\/wp-json\/wp\/v2\/product_cat?post=1249"},{"taxonomy":"product_tag","embeddable":true,"href":"https:\/\/www.medideal.com.br\/en\/wp-json\/wp\/v2\/product_tag?post=1249"}],"curies":[{"name":"wp","href":"https:\/\/api.w.org\/{rel}","templated":true}]}}