{"id":1237,"date":"2023-11-10T12:05:29","date_gmt":"2023-11-10T15:05:29","guid":{"rendered":"https:\/\/www.medideal.com.br\/?post_type=product&#038;p=1237"},"modified":"2024-01-12T15:37:17","modified_gmt":"2024-01-12T18:37:17","slug":"tornozeleira-com-ziper-hidrolight","status":"publish","type":"product","link":"https:\/\/www.medideal.com.br\/en\/tornozeleira-com-ziper-hidrolight\/","title":{"rendered":"Tornozeleira com Z\u00edper &#8211; Hidrolight"},"content":{"rendered":"<p>\u2714\u00a0Compress\u00e3o na regi\u00e3o do tornozelo;<\/p>\n<p>\u2714\u00a0Melhora a sensa\u00e7\u00e3o de estabilidade da articula\u00e7\u00e3o;<\/p>\n<p>\u2714\u00a0Possui z\u00edper que facilita sua coloca\u00e7\u00e3o;<\/p>\n<p>\u2714\u00a0Ret\u00e9m o calor devido ao material em neoprene;<\/p>\n<p>\u2714\u00a0Auxilia no al\u00edvio da dor.<\/p>\n<table class=\"pattern__wrapper\">\n<tbody>\n<tr>\n<td>\n<h2 class=\"subline\">Tamanhos<\/h2>\n<p>PP 20cm &#8211; 22cm | P 22cm &#8211; 24cm | M 24cm &#8211; 26cm | G 26cm &#8211; 28cm | GG 28cm &#8211; 30cm<\/td>\n<\/tr>\n<tr>\n<td>\n<h2 class=\"subline\">Indica\u00e7\u00f5es<\/h2>\n<p>Tratamentos de les\u00f5es agudas e cr\u00f4nicas; Entorses e contus\u00f5es; Preven\u00e7\u00e3o de les\u00f5es durante a pr\u00e1tica de exerc\u00edcios; Instabilidade articular e ligamentar; Tendinites, luxa\u00e7\u00f5es, estresse muscular; Reabilita\u00e7\u00e3o de fraturas; Aux\u00edlio no tratamento fisioterap\u00eautico. CONSULTE UM ESPECIALISTA.<\/td>\n<\/tr>\n<tr>\n<td>\n<h2 class=\"subline\">Instru\u00e7\u00f5es de Uso<\/h2>\n<p>Abra o z\u00edper e vista o produto mantendo o calcanhar encaixado na abertura. Posicione de modo que fique confort\u00e1vel, permitindo a movimenta\u00e7\u00e3o e feche o z\u00edper.<\/td>\n<\/tr>\n<tr>\n<td>\n<h2 class=\"subline\">Composi\u00e7\u00e3o<\/h2>\n<p>Borracha de cloropreno revestida com tecido 100% poliamida.<\/td>\n<\/tr>\n<\/tbody>\n<\/table>","protected":false},"excerpt":{"rendered":"<p>Tratamentos de les\u00f5es agudas e cr\u00f4nicas; Entorses e contus\u00f5es; Preven\u00e7\u00e3o de les\u00f5es durante a pr\u00e1tica de exerc\u00edcios; Instabilidade articular e ligamentar; Tendinites, luxa\u00e7\u00f5es, estresse muscular; Reabilita\u00e7\u00e3o de fraturas; Aux\u00edlio no tratamento fisioterap\u00eautico.<\/p>","protected":false},"featured_media":1238,"comment_status":"open","ping_status":"closed","template":"","meta":{"_joinchat":[]},"product_brand":[],"product_cat":[25],"product_tag":[],"class_list":{"0":"post-1237","1":"product","2":"type-product","3":"status-publish","4":"has-post-thumbnail","6":"product_cat-ortopedia","8":"first","9":"instock","10":"shipping-taxable","11":"purchasable","12":"product-type-variable"},"_links":{"self":[{"href":"https:\/\/www.medideal.com.br\/en\/wp-json\/wp\/v2\/product\/1237","targetHints":{"allow":["GET"]}}],"collection":[{"href":"https:\/\/www.medideal.com.br\/en\/wp-json\/wp\/v2\/product"}],"about":[{"href":"https:\/\/www.medideal.com.br\/en\/wp-json\/wp\/v2\/types\/product"}],"replies":[{"embeddable":true,"href":"https:\/\/www.medideal.com.br\/en\/wp-json\/wp\/v2\/comments?post=1237"}],"wp:featuredmedia":[{"embeddable":true,"href":"https:\/\/www.medideal.com.br\/en\/wp-json\/wp\/v2\/media\/1238"}],"wp:attachment":[{"href":"https:\/\/www.medideal.com.br\/en\/wp-json\/wp\/v2\/media?parent=1237"}],"wp:term":[{"taxonomy":"product_brand","embeddable":true,"href":"https:\/\/www.medideal.com.br\/en\/wp-json\/wp\/v2\/product_brand?post=1237"},{"taxonomy":"product_cat","embeddable":true,"href":"https:\/\/www.medideal.com.br\/en\/wp-json\/wp\/v2\/product_cat?post=1237"},{"taxonomy":"product_tag","embeddable":true,"href":"https:\/\/www.medideal.com.br\/en\/wp-json\/wp\/v2\/product_tag?post=1237"}],"curies":[{"name":"wp","href":"https:\/\/api.w.org\/{rel}","templated":true}]}}