{"id":1233,"date":"2023-11-10T11:57:25","date_gmt":"2023-11-10T14:57:25","guid":{"rendered":"https:\/\/www.medideal.com.br\/?post_type=product&#038;p=1233"},"modified":"2024-01-12T15:32:41","modified_gmt":"2024-01-12T18:32:41","slug":"tennis-elbow-ajustavel-hidrolight","status":"publish","type":"product","link":"https:\/\/www.medideal.com.br\/en\/tennis-elbow-ajustavel-hidrolight\/","title":{"rendered":"Tennis Elbow Ajust\u00e1vel &#8211; Hidrolight"},"content":{"rendered":"<p>\u2714\u00a0Oferece compress\u00e3o na regi\u00e3o do punho e cotovelo;<br \/>\n\u2714\u00a0Melhora a sensa\u00e7\u00e3o de estabilidade;<br \/>\n\u2714\u00a0Reduz a tens\u00e3o sobre os tend\u00f5es e m\u00fasculos;<br \/>\n\u2714\u00a0Disco de TPE interno para press\u00e3o local;<br \/>\n\u2714\u00a0Ajuste conforme a sua necessidade;<br \/>\n\u2714\u00a0Ret\u00e9m o calor devido ao material em neoprene;<br \/>\n\u2714\u00a0Auxilia no al\u00edvio da dor.<\/p>\n<table class=\"pattern__wrapper\">\n<tbody>\n<tr>\n<td>\n<h2 class=\"subline\">Tamanhos<\/h2>\n<p>\u00danico<\/td>\n<\/tr>\n<tr>\n<td>\n<h2 class=\"subline\">Indica\u00e7\u00f5es<\/h2>\n<p>Pr\u00e1tica de exerc\u00edcios f\u00edsicos; Processos inflamat\u00f3rios; Dores agudas e cr\u00f4nicas: tendinite, epicondilite, L.E.R. (Les\u00e3o por Esfor\u00e7o Repetitivo) e D.O.R.T. (Dist\u00farbio Osteomuscular Relacionado ao Trabalho); Aux\u00edlio no tratamento fisioterap\u00eautico.<\/td>\n<\/tr>\n<tr>\n<td>\n<h2 class=\"subline\">Instru\u00e7\u00f5es de Uso<\/h2>\n<p>Afrouxe o velcro e vista a \u00f3rtese de maneira que o disco interno de TPE fique posicionado no local da dor. Ajuste a compress\u00e3o atrav\u00e9s da aba com fecho aderente de modo que fique confort\u00e1vel e o logotipo fique posicionado para fora.<\/td>\n<\/tr>\n<tr>\n<td>\n<h2 class=\"subline\">Composi\u00e7\u00e3o<\/h2>\n<p>Borracha de cloropreno revestida com tecido 100% poliamida.<\/td>\n<\/tr>\n<\/tbody>\n<\/table>","protected":false},"excerpt":{"rendered":"<p>Pr\u00e1tica de exerc\u00edcios f\u00edsicos; Processos inflamat\u00f3rios; Dores agudas e cr\u00f4nicas: tendinite, epicondilite, L.E.R. (Les\u00e3o por Esfor\u00e7o Repetitivo) e D.O.R.T. (Dist\u00farbio Osteomuscular Relacionado ao Trabalho); Aux\u00edlio no tratamento fisioterap\u00eautico.<\/p>","protected":false},"featured_media":1234,"comment_status":"open","ping_status":"closed","template":"","meta":{"_joinchat":[]},"product_brand":[],"product_cat":[25],"product_tag":[],"class_list":{"0":"post-1233","1":"product","2":"type-product","3":"status-publish","4":"has-post-thumbnail","6":"product_cat-ortopedia","8":"first","9":"outofstock","10":"shipping-taxable","11":"purchasable","12":"product-type-simple"},"_links":{"self":[{"href":"https:\/\/www.medideal.com.br\/en\/wp-json\/wp\/v2\/product\/1233","targetHints":{"allow":["GET"]}}],"collection":[{"href":"https:\/\/www.medideal.com.br\/en\/wp-json\/wp\/v2\/product"}],"about":[{"href":"https:\/\/www.medideal.com.br\/en\/wp-json\/wp\/v2\/types\/product"}],"replies":[{"embeddable":true,"href":"https:\/\/www.medideal.com.br\/en\/wp-json\/wp\/v2\/comments?post=1233"}],"wp:featuredmedia":[{"embeddable":true,"href":"https:\/\/www.medideal.com.br\/en\/wp-json\/wp\/v2\/media\/1234"}],"wp:attachment":[{"href":"https:\/\/www.medideal.com.br\/en\/wp-json\/wp\/v2\/media?parent=1233"}],"wp:term":[{"taxonomy":"product_brand","embeddable":true,"href":"https:\/\/www.medideal.com.br\/en\/wp-json\/wp\/v2\/product_brand?post=1233"},{"taxonomy":"product_cat","embeddable":true,"href":"https:\/\/www.medideal.com.br\/en\/wp-json\/wp\/v2\/product_cat?post=1233"},{"taxonomy":"product_tag","embeddable":true,"href":"https:\/\/www.medideal.com.br\/en\/wp-json\/wp\/v2\/product_tag?post=1233"}],"curies":[{"name":"wp","href":"https:\/\/api.w.org\/{rel}","templated":true}]}}