{"id":1222,"date":"2023-11-10T11:15:18","date_gmt":"2023-11-10T14:15:18","guid":{"rendered":"https:\/\/www.medideal.com.br\/?post_type=product&#038;p=1222"},"modified":"2024-01-12T15:23:50","modified_gmt":"2024-01-12T18:23:50","slug":"caneleiras-de-peso-05kg-unidade-hidrolight-copia","status":"publish","type":"product","link":"https:\/\/www.medideal.com.br\/en\/caneleiras-de-peso-05kg-unidade-hidrolight-copia\/","title":{"rendered":"Caneleiras de Peso 1kg (unidade) &#8211; Hidrolight"},"content":{"rendered":"<p>Realiza\u00e7\u00e3o de exerc\u00edcios no conforto do seu lar.<\/p>\n<p>Fechamento em velcro de alta qualidade.<\/p>\n<p>Simples de vestir e ajustar.<\/p>\n<p>Confeccionada em nylon \u2013 material f\u00e1cil de higienizar.<\/p>\n<table class=\"pattern__wrapper\">\n<tbody>\n<tr>\n<td>\n<h2 class=\"subline\">Tamanhos<\/h2>\n<p>Comprimento: em torno de 50 cm<\/td>\n<\/tr>\n<tr>\n<td>\n<h2 class=\"subline\">Indica\u00e7\u00f5es<\/h2>\n<p>Ganho de for\u00e7a muscular; Defini\u00e7\u00e3o muscular; Condicionamento f\u00edsico; Intensifica\u00e7\u00e3o de exerc\u00edcios funcionais; Exerc\u00edcios fisioterap\u00eauticos &#8211; reabilita\u00e7\u00e3o.<\/td>\n<\/tr>\n<tr>\n<td>\n<h2 class=\"subline\">Instru\u00e7\u00f5es de Uso<\/h2>\n<p>Solte o fecho aderente &#8211; posicione o produto em torno do membro \u2013 ajuste de maneira que fique confort\u00e1vel.<\/td>\n<\/tr>\n<\/tbody>\n<\/table>","protected":false},"excerpt":{"rendered":"<p>Ganho de for\u00e7a muscular; Defini\u00e7\u00e3o muscular; Condicionamento f\u00edsico; Intensifica\u00e7\u00e3o de exerc\u00edcios funcionais; Exerc\u00edcios fisioterap\u00eauticos &#8211; reabilita\u00e7\u00e3o.<\/p>","protected":false},"featured_media":1224,"comment_status":"open","ping_status":"closed","template":"","meta":{"_joinchat":[]},"product_brand":[],"product_cat":[114],"product_tag":[],"class_list":{"0":"post-1222","1":"product","2":"type-product","3":"status-publish","4":"has-post-thumbnail","6":"product_cat-fisioterapia-fitness","8":"first","9":"instock","10":"shipping-taxable","11":"purchasable","12":"product-type-simple"},"_links":{"self":[{"href":"https:\/\/www.medideal.com.br\/en\/wp-json\/wp\/v2\/product\/1222","targetHints":{"allow":["GET"]}}],"collection":[{"href":"https:\/\/www.medideal.com.br\/en\/wp-json\/wp\/v2\/product"}],"about":[{"href":"https:\/\/www.medideal.com.br\/en\/wp-json\/wp\/v2\/types\/product"}],"replies":[{"embeddable":true,"href":"https:\/\/www.medideal.com.br\/en\/wp-json\/wp\/v2\/comments?post=1222"}],"wp:featuredmedia":[{"embeddable":true,"href":"https:\/\/www.medideal.com.br\/en\/wp-json\/wp\/v2\/media\/1224"}],"wp:attachment":[{"href":"https:\/\/www.medideal.com.br\/en\/wp-json\/wp\/v2\/media?parent=1222"}],"wp:term":[{"taxonomy":"product_brand","embeddable":true,"href":"https:\/\/www.medideal.com.br\/en\/wp-json\/wp\/v2\/product_brand?post=1222"},{"taxonomy":"product_cat","embeddable":true,"href":"https:\/\/www.medideal.com.br\/en\/wp-json\/wp\/v2\/product_cat?post=1222"},{"taxonomy":"product_tag","embeddable":true,"href":"https:\/\/www.medideal.com.br\/en\/wp-json\/wp\/v2\/product_tag?post=1222"}],"curies":[{"name":"wp","href":"https:\/\/api.w.org\/{rel}","templated":true}]}}