{"id":1212,"date":"2023-11-10T10:44:57","date_gmt":"2023-11-10T13:44:57","guid":{"rendered":"https:\/\/www.medideal.com.br\/?post_type=product&#038;p=1212"},"modified":"2024-01-12T15:21:10","modified_gmt":"2024-01-12T18:21:10","slug":"cinta-modeladora-slim-waist-hidrolight","status":"publish","type":"product","link":"https:\/\/www.medideal.com.br\/en\/cinta-modeladora-slim-waist-hidrolight\/","title":{"rendered":"Cinta Modeladora Slim Waist &#8211; Hidrolight"},"content":{"rendered":"<p>A Cinta Modeladora Slim Waist foi pensada para modelar a silhueta feminina e acelerar o processo da queima de gordura da regi\u00e3o abdominal durante atividades aer\u00f3bicas.<\/p>\n<p>\u00c9 acinturada e as suas hastes flex\u00edveis de sustenta\u00e7\u00e3o ajudam a modelar e ainda d\u00e3o suporte \u00e1 lombar, auxiliando tamb\u00e9m na postura. Possui tr\u00eas varia\u00e7\u00f5es de ajuste em cada tamanho, aumentando o tempo de utilidade da Cinta Slim Waist, que diminui junto com a circunfer\u00eancia abdominal da usu\u00e1ria. A compress\u00e3o do velcro el\u00e1stico remov\u00edvel, acentua as curvas da cintura favorecendo a silhueta. \u00c9 confort\u00e1vel e n\u00e3o limita os movimentos, podendo ser utilizada nas atividades f\u00edsicas bem como nas atividades di\u00e1rias.<\/p>\n<table class=\"pattern__wrapper\">\n<tbody>\n<tr>\n<td>\n<h2 class=\"subline\">Tamanhos<\/h2>\n<p>P: 64 &#8211; 74cm | M: 75 &#8211; 81cm | G: 82 &#8211; 92cm | GG: 93 &#8211; 110cm | XGG: 111 &#8211; 121cm (Medir a circunfer\u00eancia abdominal na altura do umbigo)<\/td>\n<\/tr>\n<tr>\n<td>\n<h2 class=\"subline\">Indica\u00e7\u00f5es<\/h2>\n<p>A cinta \u00e9 at\u00f3xica, lav\u00e1vel e pode ser utilizada na pr\u00e1tica de exerc\u00edcios f\u00edsicos, pois aumenta a circula\u00e7\u00e3o sangu\u00ednea na regi\u00e3o, ocasionando a transpira\u00e7\u00e3o local e favorecendo a queima de gordura.<\/p>\n<p>Promove a redu\u00e7\u00e3o de medidas instantaneamente, afina a cintura valorizando a silhueta. Al\u00e9m disso, oferece excelente compress\u00e3o, modelando o tecido adiposo. Ainda auxilia na corre\u00e7\u00e3o da postura e ajuda a aliviar dores lombares.<\/td>\n<\/tr>\n<tr>\n<td>\n<h2 class=\"subline\">Instru\u00e7\u00f5es de Uso<\/h2>\n<p>Descubra o seu tamanho<\/p>\n<p>Fa\u00e7a o seguinte teste: vista a cinta e tente fech\u00e1-la no primeiro z\u00edper sem esfor\u00e7o. Se conseguir, voc\u00ea deve optar por um tamanho menor. Caso tenha que fazer for\u00e7a ao puxar o neoprene para que alcance o primeiro z\u00edper, indica que \u00e9 o tamanho perfeito para seu corpo.<\/td>\n<\/tr>\n<tr>\n<td>\n<h2 class=\"subline\">Composi\u00e7\u00e3o<\/h2>\n<p>80% Borracha de cloropreno, 10% El\u00e1stico, 3% Hastes em a\u00e7o flex\u00edveis E 7% Nylon 70.<\/td>\n<\/tr>\n<\/tbody>\n<\/table>","protected":false},"excerpt":{"rendered":"<p>Promove a redu\u00e7\u00e3o de medidas instantaneamente, afina a cintura valorizando a silhueta. Al\u00e9m disso, oferece excelente compress\u00e3o, modelando o tecido adiposo. Ainda auxilia na corre\u00e7\u00e3o da postura e ajuda a aliviar dores lombares.<\/p>","protected":false},"featured_media":1213,"comment_status":"closed","ping_status":"closed","template":"","meta":{"_joinchat":[]},"product_brand":[],"product_cat":[25],"product_tag":[],"class_list":{"0":"post-1212","1":"product","2":"type-product","3":"status-publish","4":"has-post-thumbnail","6":"product_cat-ortopedia","8":"first","9":"instock","10":"shipping-taxable","11":"purchasable","12":"product-type-variable"},"_links":{"self":[{"href":"https:\/\/www.medideal.com.br\/en\/wp-json\/wp\/v2\/product\/1212","targetHints":{"allow":["GET"]}}],"collection":[{"href":"https:\/\/www.medideal.com.br\/en\/wp-json\/wp\/v2\/product"}],"about":[{"href":"https:\/\/www.medideal.com.br\/en\/wp-json\/wp\/v2\/types\/product"}],"replies":[{"embeddable":true,"href":"https:\/\/www.medideal.com.br\/en\/wp-json\/wp\/v2\/comments?post=1212"}],"wp:featuredmedia":[{"embeddable":true,"href":"https:\/\/www.medideal.com.br\/en\/wp-json\/wp\/v2\/media\/1213"}],"wp:attachment":[{"href":"https:\/\/www.medideal.com.br\/en\/wp-json\/wp\/v2\/media?parent=1212"}],"wp:term":[{"taxonomy":"product_brand","embeddable":true,"href":"https:\/\/www.medideal.com.br\/en\/wp-json\/wp\/v2\/product_brand?post=1212"},{"taxonomy":"product_cat","embeddable":true,"href":"https:\/\/www.medideal.com.br\/en\/wp-json\/wp\/v2\/product_cat?post=1212"},{"taxonomy":"product_tag","embeddable":true,"href":"https:\/\/www.medideal.com.br\/en\/wp-json\/wp\/v2\/product_tag?post=1212"}],"curies":[{"name":"wp","href":"https:\/\/api.w.org\/{rel}","templated":true}]}}