{"id":1210,"date":"2023-11-10T10:36:43","date_gmt":"2023-11-10T13:36:43","guid":{"rendered":"https:\/\/www.medideal.com.br\/?post_type=product&#038;p=1210"},"modified":"2024-01-12T15:15:38","modified_gmt":"2024-01-12T18:15:38","slug":"rolo-de-liberacao-miofascial-hidrolight","status":"publish","type":"product","link":"https:\/\/www.medideal.com.br\/en\/rolo-de-liberacao-miofascial-hidrolight\/","title":{"rendered":"Rolo de Libera\u00e7\u00e3o Miofascial &#8211; Hidrolight"},"content":{"rendered":"<p>\u2714\u00a0Alivia a tens\u00e3o muscular;<\/p>\n<p>\u2714\u00a0Promove o relaxamento;<\/p>\n<p>\u2714\u00a0Fortalecimento abdominal;<\/p>\n<p>\u2714\u00a0Ajuda no ganho de resist\u00eancia e flexibilidade;<\/p>\n<p>\u2714\u00a0Estimula a circula\u00e7\u00e3o sangu\u00ednea, melhorando o aporte de oxig\u00eanio;<\/p>\n<p>\u2714\u00a0Colabora na recupera\u00e7\u00e3o da fadiga muscular ap\u00f3s exerc\u00edcios f\u00edsicos;<\/p>\n<p>\u2714\u00a0Alcance da musculatura mais profunda, devido \u00e0 utiliza\u00e7\u00e3o do peso do corpo;<\/p>\n<p>\u2714\u00a0Auxilia no al\u00edvio da dor;<\/p>\n<p>\u2714\u00a0Suporta at\u00e9 100kg.<\/p>\n<table class=\"pattern__wrapper\">\n<tbody>\n<tr>\n<td>\n<h2 class=\"subline\">Tamanhos<\/h2>\n<p>Di\u00e2metro aproximado: 33 x 14 cm<\/td>\n<\/tr>\n<tr>\n<td>\n<h2 class=\"subline\">Indica\u00e7\u00f5es<\/h2>\n<p>Libera\u00e7\u00e3o miofascial; Contraturas musculares; Fadiga muscular; Aquecimento (pr\u00e9-treino); Realiza\u00e7\u00e3o de exerc\u00edcios abdominais; Automassagem.<\/td>\n<\/tr>\n<tr>\n<td>\n<h2 class=\"subline\">Composi\u00e7\u00e3o<\/h2>\n<p>EVA + PVC<\/td>\n<\/tr>\n<\/tbody>\n<\/table>","protected":false},"excerpt":{"rendered":"<p>Libera\u00e7\u00e3o miofascial; Contraturas musculares; Fadiga muscular; Aquecimento (pr\u00e9-treino); Realiza\u00e7\u00e3o de exerc\u00edcios abdominais; Automassagem.<\/p>","protected":false},"featured_media":1211,"comment_status":"open","ping_status":"closed","template":"","meta":{"_joinchat":[]},"product_brand":[],"product_cat":[25],"product_tag":[],"class_list":{"0":"post-1210","1":"product","2":"type-product","3":"status-publish","4":"has-post-thumbnail","6":"product_cat-ortopedia","8":"first","9":"instock","10":"shipping-taxable","11":"purchasable","12":"product-type-simple"},"_links":{"self":[{"href":"https:\/\/www.medideal.com.br\/en\/wp-json\/wp\/v2\/product\/1210","targetHints":{"allow":["GET"]}}],"collection":[{"href":"https:\/\/www.medideal.com.br\/en\/wp-json\/wp\/v2\/product"}],"about":[{"href":"https:\/\/www.medideal.com.br\/en\/wp-json\/wp\/v2\/types\/product"}],"replies":[{"embeddable":true,"href":"https:\/\/www.medideal.com.br\/en\/wp-json\/wp\/v2\/comments?post=1210"}],"wp:featuredmedia":[{"embeddable":true,"href":"https:\/\/www.medideal.com.br\/en\/wp-json\/wp\/v2\/media\/1211"}],"wp:attachment":[{"href":"https:\/\/www.medideal.com.br\/en\/wp-json\/wp\/v2\/media?parent=1210"}],"wp:term":[{"taxonomy":"product_brand","embeddable":true,"href":"https:\/\/www.medideal.com.br\/en\/wp-json\/wp\/v2\/product_brand?post=1210"},{"taxonomy":"product_cat","embeddable":true,"href":"https:\/\/www.medideal.com.br\/en\/wp-json\/wp\/v2\/product_cat?post=1210"},{"taxonomy":"product_tag","embeddable":true,"href":"https:\/\/www.medideal.com.br\/en\/wp-json\/wp\/v2\/product_tag?post=1210"}],"curies":[{"name":"wp","href":"https:\/\/api.w.org\/{rel}","templated":true}]}}