{"id":1206,"date":"2023-11-10T10:22:24","date_gmt":"2023-11-10T13:22:24","guid":{"rendered":"https:\/\/www.medideal.com.br\/?post_type=product&#038;p=1206"},"modified":"2024-01-12T15:09:57","modified_gmt":"2024-01-12T18:09:57","slug":"corretor-postural-support-estreito-hidrolight","status":"publish","type":"product","link":"https:\/\/www.medideal.com.br\/en\/corretor-postural-support-estreito-hidrolight\/","title":{"rendered":"Corretor Postural Support Estreito &#8211; Hidrolight"},"content":{"rendered":"<p>A chapa de PVC posicionada entre as esc\u00e1pulas trabalha com as fitas tracionando os ombros a ponto de corrigir a postura durante o uso do produto.<br \/>\nA faixa lombar\/abdominal \u00e9 em neoprene, que \u00e9 um isolante t\u00e9rmico, auxiliando a circula\u00e7\u00e3o e al\u00edvio da dor. Possui tamb\u00e9m duas faixas el\u00e1sticas que intensificam a compress\u00e3o na regi\u00e3o. Na coluna lombar possui 6 hastes flex\u00edveis que promovem sustenta\u00e7\u00e3o. Para ajustar o produto, o Corretor Postural Support possui dois bolsos na frente que facilitam o processo para o usu\u00e1rio conseguir vesti-lo sozinho. Cada tamanho (P, M e G) possui duas vari\u00e1veis de fechamento da circunfer\u00eancia abdominal, estreito e largo.<\/p>\n<table class=\"pattern__wrapper\">\n<tbody>\n<tr>\n<td>\n<h2 class=\"subline\">Indica\u00e7\u00f5es<\/h2>\n<p>Corre\u00e7\u00e3o postural; Preven\u00e7\u00e3o e tratamento de les\u00f5es ocasionadas por uma postura incorreta; Cifose e outras disfun\u00e7\u00f5es da coluna tor\u00e1cica; Aux\u00edlio no tratamento fisioterap\u00eautico.<\/td>\n<\/tr>\n<tr>\n<td>\n<h2 class=\"subline\">Instru\u00e7\u00f5es de Uso<\/h2>\n<p>Abra o produto por completo. Vista o corretor nas costas. Insira as m\u00e3os no bolsos das abas, feche a aba direita sobre a esquerda. Ap\u00f3s, feche a faixa el\u00e1stica esquerda sobre a aba direita e feche a faixa direita sobre a faixa esquerda. Corrija a postura, posicionando os ombros para tr\u00e1s. Puxe as tiras lateralmente e fixe-as no velcro abdominal.<\/td>\n<\/tr>\n<tr>\n<td>\n<h2 class=\"subline\">Composi\u00e7\u00e3o<\/h2>\n<p>45% Poliuretano; 19% Poliamida; 10% Poliester; 10% Elastodieno; 10% PVC; 6% a\u00e7o.<\/td>\n<\/tr>\n<\/tbody>\n<\/table>","protected":false},"excerpt":{"rendered":"<p>Corre\u00e7\u00e3o postural; Preven\u00e7\u00e3o e tratamento de les\u00f5es ocasionadas por uma postura incorreta; Cifose e outras disfun\u00e7\u00f5es da coluna tor\u00e1cica; Aux\u00edlio no tratamento fisioterap\u00eautico.<\/p>","protected":false},"featured_media":1201,"comment_status":"closed","ping_status":"closed","template":"","meta":{"_joinchat":[]},"product_brand":[],"product_cat":[25],"product_tag":[],"class_list":{"0":"post-1206","1":"product","2":"type-product","3":"status-publish","4":"has-post-thumbnail","6":"product_cat-ortopedia","8":"first","9":"instock","10":"shipping-taxable","11":"purchasable","12":"product-type-variable"},"_links":{"self":[{"href":"https:\/\/www.medideal.com.br\/en\/wp-json\/wp\/v2\/product\/1206","targetHints":{"allow":["GET"]}}],"collection":[{"href":"https:\/\/www.medideal.com.br\/en\/wp-json\/wp\/v2\/product"}],"about":[{"href":"https:\/\/www.medideal.com.br\/en\/wp-json\/wp\/v2\/types\/product"}],"replies":[{"embeddable":true,"href":"https:\/\/www.medideal.com.br\/en\/wp-json\/wp\/v2\/comments?post=1206"}],"wp:featuredmedia":[{"embeddable":true,"href":"https:\/\/www.medideal.com.br\/en\/wp-json\/wp\/v2\/media\/1201"}],"wp:attachment":[{"href":"https:\/\/www.medideal.com.br\/en\/wp-json\/wp\/v2\/media?parent=1206"}],"wp:term":[{"taxonomy":"product_brand","embeddable":true,"href":"https:\/\/www.medideal.com.br\/en\/wp-json\/wp\/v2\/product_brand?post=1206"},{"taxonomy":"product_cat","embeddable":true,"href":"https:\/\/www.medideal.com.br\/en\/wp-json\/wp\/v2\/product_cat?post=1206"},{"taxonomy":"product_tag","embeddable":true,"href":"https:\/\/www.medideal.com.br\/en\/wp-json\/wp\/v2\/product_tag?post=1206"}],"curies":[{"name":"wp","href":"https:\/\/api.w.org\/{rel}","templated":true}]}}