{"id":1192,"date":"2023-11-10T10:14:23","date_gmt":"2023-11-10T13:14:23","guid":{"rendered":"https:\/\/www.medideal.com.br\/?post_type=product&#038;p=1192"},"modified":"2024-01-12T14:59:38","modified_gmt":"2024-01-12T17:59:38","slug":"corretor-postural-boost-hidrolight","status":"publish","type":"product","link":"https:\/\/www.medideal.com.br\/en\/corretor-postural-boost-hidrolight\/","title":{"rendered":"Corretor Postural Boost &#8211; Hidrolight"},"content":{"rendered":"<p>\u2714\u00a0Chapa de PVC que auxilia a manter a postura;<\/p>\n<p>\u2714\u00a0Confeccionado em material de alta qualidade;<\/p>\n<p>\u2714\u00a0Design anat\u00f4mico;<\/p>\n<p>\u2714\u00a0Maior prote\u00e7\u00e3o e conforto durante a sua recupera\u00e7\u00e3o;<\/p>\n<p>\u2714\u00a0Ret\u00e9m o calor devido ao material em neoprene;<\/p>\n<p>\u2714\u00a0Auxilia no al\u00edvio da dor.<\/p>\n<table class=\"pattern__wrapper\">\n<tbody>\n<tr>\n<td>\n<h2 class=\"subline\">Tamanhos<\/h2>\n<p>Circunfer\u00eancia Abdominal: P \u2013 de 65 a 74cm | M \u2013 75 a 85cm | G \u2013 86 a 92cm | GG &#8211; 93 a 105cm | XGG &#8211; 106 a 115cm<\/td>\n<\/tr>\n<tr>\n<td>\n<h2 class=\"subline\">Indica\u00e7\u00f5es<\/h2>\n<p>Corre\u00e7\u00e3o postural; Preven\u00e7\u00e3o e tratamento de les\u00f5es ocasionadas por uma postura incorreta; Aux\u00edlio no tratamento de cifose e outras disfun\u00e7\u00f5es da coluna tor\u00e1cica; Aux\u00edlio no tratamento fisioterap\u00eautico.<\/td>\n<\/tr>\n<tr>\n<td>\n<h2 class=\"subline\">Instru\u00e7\u00f5es de Uso<\/h2>\n<p>Certifique-se que as duas tiras superiores estejam frouxas. Solte a aba frontal. Vista o corretor nas costas e feche as abas. Corrija a postura, posicionando os ombros para tr\u00e1s. Puxe as duas tiras para cima simultaneamente e fixe-as nos fechos aderentes.<\/td>\n<\/tr>\n<tr>\n<td>\n<h2 class=\"subline\">Composi\u00e7\u00e3o<\/h2>\n<p>50% espuma de poliuretano, 30% poliamida, 10% poli\u00e9ster e 10% elastodieno.<\/td>\n<\/tr>\n<\/tbody>\n<\/table>","protected":false},"excerpt":{"rendered":"<p>Corre\u00e7\u00e3o postural; Preven\u00e7\u00e3o e tratamento de les\u00f5es ocasionadas por uma postura incorreta; Aux\u00edlio no tratamento de cifose e outras disfun\u00e7\u00f5es da coluna tor\u00e1cica; Aux\u00edlio no tratamento fisioterap\u00eautico.<\/p>","protected":false},"featured_media":1193,"comment_status":"open","ping_status":"closed","template":"","meta":{"_joinchat":[]},"product_brand":[],"product_cat":[25],"product_tag":[],"class_list":{"0":"post-1192","1":"product","2":"type-product","3":"status-publish","4":"has-post-thumbnail","6":"product_cat-ortopedia","8":"first","9":"instock","10":"shipping-taxable","11":"purchasable","12":"product-type-variable"},"_links":{"self":[{"href":"https:\/\/www.medideal.com.br\/en\/wp-json\/wp\/v2\/product\/1192","targetHints":{"allow":["GET"]}}],"collection":[{"href":"https:\/\/www.medideal.com.br\/en\/wp-json\/wp\/v2\/product"}],"about":[{"href":"https:\/\/www.medideal.com.br\/en\/wp-json\/wp\/v2\/types\/product"}],"replies":[{"embeddable":true,"href":"https:\/\/www.medideal.com.br\/en\/wp-json\/wp\/v2\/comments?post=1192"}],"wp:featuredmedia":[{"embeddable":true,"href":"https:\/\/www.medideal.com.br\/en\/wp-json\/wp\/v2\/media\/1193"}],"wp:attachment":[{"href":"https:\/\/www.medideal.com.br\/en\/wp-json\/wp\/v2\/media?parent=1192"}],"wp:term":[{"taxonomy":"product_brand","embeddable":true,"href":"https:\/\/www.medideal.com.br\/en\/wp-json\/wp\/v2\/product_brand?post=1192"},{"taxonomy":"product_cat","embeddable":true,"href":"https:\/\/www.medideal.com.br\/en\/wp-json\/wp\/v2\/product_cat?post=1192"},{"taxonomy":"product_tag","embeddable":true,"href":"https:\/\/www.medideal.com.br\/en\/wp-json\/wp\/v2\/product_tag?post=1192"}],"curies":[{"name":"wp","href":"https:\/\/api.w.org\/{rel}","templated":true}]}}