{"id":1184,"date":"2023-11-10T10:04:14","date_gmt":"2023-11-10T13:04:14","guid":{"rendered":"https:\/\/www.medideal.com.br\/?post_type=product&#038;p=1184"},"modified":"2024-01-12T15:03:53","modified_gmt":"2024-01-12T18:03:53","slug":"cinta-lombar-com-hastes-hidrolight","status":"publish","type":"product","link":"https:\/\/www.medideal.com.br\/en\/cinta-lombar-com-hastes-hidrolight\/","title":{"rendered":"Cinta Lombar com Hastes &#8211; Hidrolight"},"content":{"rendered":"<p>\u2714\u00a0Suporte e compress\u00e3o na regi\u00e3o lombar e abdominal;<\/p>\n<p>\u2714\u00a0Auxilia na corre\u00e7\u00e3o postural;<\/p>\n<p>\u2714\u00a0Hastes de a\u00e7o flex\u00edveis que se adequam ao formato do corpo;<\/p>\n<p>\u2714\u00a0Proporciona conforto e estabilidade;<\/p>\n<p>\u2714\u00a0Duas abas el\u00e1sticas que refor\u00e7am o ajuste e a prote\u00e7\u00e3o;<\/p>\n<p>\u2714\u00a0Ret\u00e9m o calor devido ao material em neoprene;<\/p>\n<p>\u2714\u00a0Auxilia no al\u00edvio da dor.<\/p>\n<table class=\"pattern__wrapper\">\n<tbody>\n<tr>\n<td>\n<h2 class=\"subline\">Indica\u00e7\u00f5es<\/h2>\n<p>Preven\u00e7\u00e3o de les\u00f5es durante atividade f\u00edsica e\/ou laboral; Al\u00edvio de dores agudas e cr\u00f4nicas; Pr\u00e9 e p\u00f3s-operat\u00f3rio; Apoio compressivo; Aux\u00edlio no tratamento fisioterap\u00eautico. CONSULTE UM ESPECIALISTA.<\/td>\n<\/tr>\n<tr>\n<td>\n<h2 class=\"subline\">Instru\u00e7\u00f5es de Uso<\/h2>\n<p>Posicione o produto na regi\u00e3o lombar de forma que as abas fechem na frente do corpo, ajustando atrav\u00e9s das abas de fecho aderente. Aumente a compress\u00e3o ajustando as faixas el\u00e1sticas.<\/td>\n<\/tr>\n<tr>\n<td>\n<h2 class=\"subline\">Composi\u00e7\u00e3o<\/h2>\n<p>Borracha de cloropreno revestida com tecido 100% poliamida.<\/td>\n<\/tr>\n<\/tbody>\n<\/table>","protected":false},"excerpt":{"rendered":"<p>Preven\u00e7\u00e3o de les\u00f5es durante atividade f\u00edsica e\/ou laboral; Al\u00edvio de dores agudas e cr\u00f4nicas; Pr\u00e9 e p\u00f3s-operat\u00f3rio; Apoio compressivo; Aux\u00edlio no tratamento fisioterap\u00eautico.<\/p>","protected":false},"featured_media":1185,"comment_status":"open","ping_status":"closed","template":"","meta":{"_joinchat":[]},"product_brand":[],"product_cat":[25],"product_tag":[],"class_list":{"0":"post-1184","1":"product","2":"type-product","3":"status-publish","4":"has-post-thumbnail","6":"product_cat-ortopedia","8":"first","9":"instock","10":"shipping-taxable","11":"purchasable","12":"product-type-variable"},"_links":{"self":[{"href":"https:\/\/www.medideal.com.br\/en\/wp-json\/wp\/v2\/product\/1184","targetHints":{"allow":["GET"]}}],"collection":[{"href":"https:\/\/www.medideal.com.br\/en\/wp-json\/wp\/v2\/product"}],"about":[{"href":"https:\/\/www.medideal.com.br\/en\/wp-json\/wp\/v2\/types\/product"}],"replies":[{"embeddable":true,"href":"https:\/\/www.medideal.com.br\/en\/wp-json\/wp\/v2\/comments?post=1184"}],"wp:featuredmedia":[{"embeddable":true,"href":"https:\/\/www.medideal.com.br\/en\/wp-json\/wp\/v2\/media\/1185"}],"wp:attachment":[{"href":"https:\/\/www.medideal.com.br\/en\/wp-json\/wp\/v2\/media?parent=1184"}],"wp:term":[{"taxonomy":"product_brand","embeddable":true,"href":"https:\/\/www.medideal.com.br\/en\/wp-json\/wp\/v2\/product_brand?post=1184"},{"taxonomy":"product_cat","embeddable":true,"href":"https:\/\/www.medideal.com.br\/en\/wp-json\/wp\/v2\/product_cat?post=1184"},{"taxonomy":"product_tag","embeddable":true,"href":"https:\/\/www.medideal.com.br\/en\/wp-json\/wp\/v2\/product_tag?post=1184"}],"curies":[{"name":"wp","href":"https:\/\/api.w.org\/{rel}","templated":true}]}}