{"id":1171,"date":"2023-11-09T16:47:25","date_gmt":"2023-11-09T19:47:25","guid":{"rendered":"https:\/\/www.medideal.com.br\/?post_type=product&#038;p=1171"},"modified":"2024-01-12T14:47:01","modified_gmt":"2024-01-12T17:47:01","slug":"corretor-postural-model-estreito-hidrolight","status":"publish","type":"product","link":"https:\/\/www.medideal.com.br\/en\/corretor-postural-model-estreito-hidrolight\/","title":{"rendered":"Corretor Postural Model Estreito &#8211; Hidrolight"},"content":{"rendered":"<p>A chapa de PVC posicionada entre as esc\u00e1pulas trabalha com as fitas tracionando os ombros a ponto de corrigir a postura durante o uso do produto.<br \/>\nA Cinta Abdominal em neoprene modela a cintura e auxilia na circula\u00e7\u00e3o e possui tamb\u00e9m duas faixas el\u00e1sticas que intensificam a compress\u00e3o na regi\u00e3o.<br \/>\nPara ajustar o produto, o Corretor Postural Model possui dois bolsos na frente que facilitam o processo para o usu\u00e1rio conseguir vesti-lo sozinho.<br \/>\nCada tamanho (P, M e G) possui duas vari\u00e1veis de fechamento da circunfer\u00eancia abdominal, estreito e largo.<\/p>\n<p><strong>Altura recomendada do usu\u00e1rio\u00a0 \u00a0 \u00a0 \u00a0 \u00a0 \u00a0 \u00a0 \u00a0 \u00a0 \u00a0 \u00a0 \u00a0 \u00a0 \u00a0 \u00a0 \u00a0 \u00a0 \u00a0 \u00a0 \u00a0 \u00a0Circunfer\u00eancia abdominal<\/strong><\/p>\n<p><strong>\u00a0 \u00a0 \u00a0 \u00a0 \u00a0 \u00a0 P \u2013 de 1,52 a 1,69m\u00a0 \u00a0 \u00a0 \u00a0 \u00a0 \u00a0 \u00a0 \u00a0 \u00a0 \u00a0 \u00a0 \u00a0 \u00a0 \u00a0 \u00a0 \u00a0\u2192\u00a0 \u00a0 \u00a0 \u00a0 \u00a0 \u00a0 \u00a0 \u00a0 \u00a0 \u00a0 \u00a0 \u00a0 \u00a0 \u00a0 \u00a0 \u00a0 (de 65 \u2013 80cm)\u00a0<\/strong><\/p>\n<p><strong>\u00a0 \u00a0 \u00a0 \u00a0 \u00a0 \u00a0 M \u2013 de 1,69 a 1,80m\u00a0 \u00a0 \u00a0 \u00a0 \u00a0 \u00a0 \u00a0 \u00a0 \u00a0 \u00a0 \u00a0 \u00a0 \u00a0 \u00a0 \u00a0\u2192\u00a0 \u00a0 \u00a0 \u00a0 \u00a0 \u00a0 \u00a0 \u00a0 \u00a0 \u00a0 \u00a0 \u00a0 \u00a0 \u00a0 \u00a0 \u00a0 (de 65 \u2013 95cm)\u00a0<\/strong><\/p>\n<p><strong>\u00a0 \u00a0 \u00a0 \u00a0 \u00a0 \u00a0 G \u2013 de 1,79 a 1,95m\u00a0 \u00a0 \u00a0 \u00a0 \u00a0 \u00a0 \u00a0 \u00a0 \u00a0 \u00a0 \u00a0 \u00a0 \u00a0 \u00a0 \u00a0 \u00a0\u2192\u00a0 \u00a0 \u00a0 \u00a0 \u00a0 \u00a0 \u00a0 \u00a0 \u00a0 \u00a0 \u00a0 \u00a0 \u00a0 \u00a0 \u00a0 \u00a0(de 80 \u2013 100cm)<\/strong><\/p>\n<table class=\"pattern__wrapper\">\n<tbody>\n<tr>\n<td>\n<h2 class=\"subline\">Indica\u00e7\u00f5es<\/h2>\n<p>Corre\u00e7\u00e3o postural; Preven\u00e7\u00e3o e tratamento de les\u00f5es ocasionadas por uma postura incorreta; Aux\u00edlio no tratamento de cifose, escoliose, entre outros; Lombalgia; Al\u00edvio de dores agudas e cr\u00f4nicas; Aux\u00edlio no tratamento fisioterap\u00eautico.<\/td>\n<\/tr>\n<tr>\n<td>\n<h2 class=\"subline\">Instru\u00e7\u00f5es de Uso<\/h2>\n<p>Certifique-se que as duas tiras superiores estejam frouxas. Solte as faixas el\u00e1sticas e abra a cinta. Vista o produto e feche as abas. Caso ache necess\u00e1rio, use o el\u00e1stico externo a fim de garantir maior compress\u00e3o. Corrija a postura, posicionando os ombros para tr\u00e1s. Puxe as duas tiras para cima simultaneamente e fixe-as nos fechos aderentes.<\/td>\n<\/tr>\n<tr>\n<td>\n<h2 class=\"subline\">Composi\u00e7\u00e3o<\/h2>\n<p>50% Poliuretano; 20% Poliamida; 20% Poli\u00e9ster; 8% Elastodieno; 2% PVC.<\/td>\n<\/tr>\n<\/tbody>\n<\/table>","protected":false},"excerpt":{"rendered":"<p>Corre\u00e7\u00e3o postural; Preven\u00e7\u00e3o e tratamento de les\u00f5es ocasionadas por uma postura incorreta; Aux\u00edlio no tratamento de cifose, escoliose, entre outros; Lombalgia; Al\u00edvio de dores agudas e cr\u00f4nicas; Aux\u00edlio no tratamento fisioterap\u00eautico.<\/p>","protected":false},"featured_media":1175,"comment_status":"open","ping_status":"closed","template":"","meta":{"_joinchat":[]},"product_brand":[],"product_cat":[25],"product_tag":[],"class_list":{"0":"post-1171","1":"product","2":"type-product","3":"status-publish","4":"has-post-thumbnail","6":"product_cat-ortopedia","8":"first","9":"instock","10":"shipping-taxable","11":"purchasable","12":"product-type-variable"},"_links":{"self":[{"href":"https:\/\/www.medideal.com.br\/en\/wp-json\/wp\/v2\/product\/1171","targetHints":{"allow":["GET"]}}],"collection":[{"href":"https:\/\/www.medideal.com.br\/en\/wp-json\/wp\/v2\/product"}],"about":[{"href":"https:\/\/www.medideal.com.br\/en\/wp-json\/wp\/v2\/types\/product"}],"replies":[{"embeddable":true,"href":"https:\/\/www.medideal.com.br\/en\/wp-json\/wp\/v2\/comments?post=1171"}],"wp:featuredmedia":[{"embeddable":true,"href":"https:\/\/www.medideal.com.br\/en\/wp-json\/wp\/v2\/media\/1175"}],"wp:attachment":[{"href":"https:\/\/www.medideal.com.br\/en\/wp-json\/wp\/v2\/media?parent=1171"}],"wp:term":[{"taxonomy":"product_brand","embeddable":true,"href":"https:\/\/www.medideal.com.br\/en\/wp-json\/wp\/v2\/product_brand?post=1171"},{"taxonomy":"product_cat","embeddable":true,"href":"https:\/\/www.medideal.com.br\/en\/wp-json\/wp\/v2\/product_cat?post=1171"},{"taxonomy":"product_tag","embeddable":true,"href":"https:\/\/www.medideal.com.br\/en\/wp-json\/wp\/v2\/product_tag?post=1171"}],"curies":[{"name":"wp","href":"https:\/\/api.w.org\/{rel}","templated":true}]}}