{"id":1164,"date":"2023-11-09T16:39:49","date_gmt":"2023-11-09T19:39:49","guid":{"rendered":"https:\/\/www.medideal.com.br\/?post_type=product&#038;p=1164"},"modified":"2024-01-12T14:42:37","modified_gmt":"2024-01-12T17:42:37","slug":"corretor-postural-hidrolight","status":"publish","type":"product","link":"https:\/\/www.medideal.com.br\/en\/corretor-postural-hidrolight\/","title":{"rendered":"Corretor Postural &#8211; Hidrolight"},"content":{"rendered":"<p>\u2714\u00a0Auxilia na corre\u00e7\u00e3o postural;<\/p>\n<p>\u2714\u00a0Confeccionado em material de alta qualidade;<\/p>\n<p>\u2714\u00a0Design que facilita a transpira\u00e7\u00e3o.<\/p>\n<table class=\"pattern__wrapper\">\n<tbody>\n<tr>\n<td>\n<h2 class=\"subline\">Tamanhos<\/h2>\n<p>PP 65cm &#8211; 76cm | P 76cm &#8211; 86cm | M 87cm &#8211; 96cm | G 97cm &#8211; 106cm | GG 107cm &#8211; 116cm<\/td>\n<\/tr>\n<tr>\n<td>\n<h2 class=\"subline\">Indica\u00e7\u00f5es<\/h2>\n<p>Corre\u00e7\u00e3o postural; Preven\u00e7\u00e3o e tratamento de les\u00f5es m\u00e9dias ocasionadas por uma postura incorreta; Aux\u00edlio no tratamento de cifose, escoliose, entre outros. CONSULTE UM ESPECIALISTA.<\/td>\n<\/tr>\n<tr>\n<td>\n<h2 class=\"subline\">Instru\u00e7\u00f5es de Uso<\/h2>\n<p>Vista o colete de forma que o estofado fique voltado para o lado interno. Passe as duas extremidade por dentro das argolas e traga para frente do abdome, fornecendo compress\u00e3o adequada atrav\u00e9s do fecho aderente.<\/td>\n<\/tr>\n<tr>\n<td>\n<h2 class=\"subline\">Composi\u00e7\u00e3o<\/h2>\n<p>Tecido: 50% algod\u00e3o e 50% poliamida; Passantes: a\u00e7o inox.; Base interna: polipropileno. Tiras: 100% algod\u00e3o; Fecho: nylon.<\/td>\n<\/tr>\n<\/tbody>\n<\/table>","protected":false},"excerpt":{"rendered":"<p>Corre\u00e7\u00e3o postural; Preven\u00e7\u00e3o e tratamento de les\u00f5es m\u00e9dias ocasionadas por uma postura incorreta; Aux\u00edlio no tratamento de cifose, escoliose, entre outros.<\/p>","protected":false},"featured_media":1170,"comment_status":"open","ping_status":"closed","template":"","meta":{"_joinchat":[]},"product_brand":[],"product_cat":[25],"product_tag":[],"class_list":{"0":"post-1164","1":"product","2":"type-product","3":"status-publish","4":"has-post-thumbnail","6":"product_cat-ortopedia","8":"first","9":"instock","10":"shipping-taxable","11":"purchasable","12":"product-type-variable"},"_links":{"self":[{"href":"https:\/\/www.medideal.com.br\/en\/wp-json\/wp\/v2\/product\/1164","targetHints":{"allow":["GET"]}}],"collection":[{"href":"https:\/\/www.medideal.com.br\/en\/wp-json\/wp\/v2\/product"}],"about":[{"href":"https:\/\/www.medideal.com.br\/en\/wp-json\/wp\/v2\/types\/product"}],"replies":[{"embeddable":true,"href":"https:\/\/www.medideal.com.br\/en\/wp-json\/wp\/v2\/comments?post=1164"}],"wp:featuredmedia":[{"embeddable":true,"href":"https:\/\/www.medideal.com.br\/en\/wp-json\/wp\/v2\/media\/1170"}],"wp:attachment":[{"href":"https:\/\/www.medideal.com.br\/en\/wp-json\/wp\/v2\/media?parent=1164"}],"wp:term":[{"taxonomy":"product_brand","embeddable":true,"href":"https:\/\/www.medideal.com.br\/en\/wp-json\/wp\/v2\/product_brand?post=1164"},{"taxonomy":"product_cat","embeddable":true,"href":"https:\/\/www.medideal.com.br\/en\/wp-json\/wp\/v2\/product_cat?post=1164"},{"taxonomy":"product_tag","embeddable":true,"href":"https:\/\/www.medideal.com.br\/en\/wp-json\/wp\/v2\/product_tag?post=1164"}],"curies":[{"name":"wp","href":"https:\/\/api.w.org\/{rel}","templated":true}]}}