{"id":1161,"date":"2023-11-09T16:19:27","date_gmt":"2023-11-09T19:19:27","guid":{"rendered":"https:\/\/www.medideal.com.br\/?post_type=product&#038;p=1161"},"modified":"2024-01-12T14:43:26","modified_gmt":"2024-01-12T17:43:26","slug":"mini-band-kit-3-pecas-hidrolight","status":"publish","type":"product","link":"https:\/\/www.medideal.com.br\/en\/mini-band-kit-3-pecas-hidrolight\/","title":{"rendered":"Mini Band Kit 3 Pe\u00e7as &#8211; Hidrolight"},"content":{"rendered":"<p>O Kit Mini Band \u00e9 composto por cinco faixas el\u00e1sticas circulares, com tens\u00f5es diferentes, que podem ser utilizadas individualmente ou sobrepostas para aumentar a resist\u00eancia durante os exerc\u00edcios.<\/p>\n<table class=\"pattern__wrapper\">\n<tbody>\n<tr>\n<td>\n<h2 class=\"subline\">Tamanhos<\/h2>\n<p>61 x 5 cm<\/td>\n<\/tr>\n<tr>\n<td>\n<h2 class=\"subline\">Indica\u00e7\u00f5es<\/h2>\n<p>Treinos funcionais, reabilita\u00e7\u00e3o, yoga, pilates e academias.<\/td>\n<\/tr>\n<tr>\n<td>\n<h2 class=\"subline\">Composi\u00e7\u00e3o<\/h2>\n<p>TPE<\/td>\n<\/tr>\n<\/tbody>\n<\/table>","protected":false},"excerpt":{"rendered":"<p>O Kit Mini Band \u00e9 composto por cinco faixas el\u00e1sticas circulares, com tens\u00f5es diferentes, que podem ser utilizadas individualmente ou sobrepostas para aumentar a resist\u00eancia durante os exerc\u00edcios.<\/p>","protected":false},"featured_media":1163,"comment_status":"open","ping_status":"closed","template":"","meta":{"_joinchat":[]},"product_brand":[],"product_cat":[25],"product_tag":[],"class_list":{"0":"post-1161","1":"product","2":"type-product","3":"status-publish","4":"has-post-thumbnail","6":"product_cat-ortopedia","8":"first","9":"instock","10":"shipping-taxable","11":"purchasable","12":"product-type-simple"},"_links":{"self":[{"href":"https:\/\/www.medideal.com.br\/en\/wp-json\/wp\/v2\/product\/1161","targetHints":{"allow":["GET"]}}],"collection":[{"href":"https:\/\/www.medideal.com.br\/en\/wp-json\/wp\/v2\/product"}],"about":[{"href":"https:\/\/www.medideal.com.br\/en\/wp-json\/wp\/v2\/types\/product"}],"replies":[{"embeddable":true,"href":"https:\/\/www.medideal.com.br\/en\/wp-json\/wp\/v2\/comments?post=1161"}],"wp:featuredmedia":[{"embeddable":true,"href":"https:\/\/www.medideal.com.br\/en\/wp-json\/wp\/v2\/media\/1163"}],"wp:attachment":[{"href":"https:\/\/www.medideal.com.br\/en\/wp-json\/wp\/v2\/media?parent=1161"}],"wp:term":[{"taxonomy":"product_brand","embeddable":true,"href":"https:\/\/www.medideal.com.br\/en\/wp-json\/wp\/v2\/product_brand?post=1161"},{"taxonomy":"product_cat","embeddable":true,"href":"https:\/\/www.medideal.com.br\/en\/wp-json\/wp\/v2\/product_cat?post=1161"},{"taxonomy":"product_tag","embeddable":true,"href":"https:\/\/www.medideal.com.br\/en\/wp-json\/wp\/v2\/product_tag?post=1161"}],"curies":[{"name":"wp","href":"https:\/\/api.w.org\/{rel}","templated":true}]}}