{"id":1159,"date":"2023-11-09T16:08:21","date_gmt":"2023-11-09T19:08:21","guid":{"rendered":"https:\/\/www.medideal.com.br\/?post_type=product&#038;p=1159"},"modified":"2024-01-12T14:35:32","modified_gmt":"2024-01-12T17:35:32","slug":"bola-de-exercicios-20cm-hidrolight","status":"publish","type":"product","link":"https:\/\/www.medideal.com.br\/en\/bola-de-exercicios-20cm-hidrolight\/","title":{"rendered":"Bola de Exerc\u00edcios 20cm &#8211; Hidrolight"},"content":{"rendered":"<p>\u2714\u00a0Melhora a consci\u00eancia corporal, a coordena\u00e7\u00e3o e o equil\u00edbrio;<\/p>\n<p>\u2714\u00a0Tonifica os m\u00fasculos;<\/p>\n<p>\u2714\u00a0Complementa e intensifica os exerc\u00edcios;<\/p>\n<p>\u2714\u00a0Leve e f\u00e1cil de transportar;<\/p>\n<p>\u2714\u00a0Acompanha soprador de enchimento.<\/p>\n<table class=\"pattern__wrapper\">\n<tbody>\n<tr>\n<td>\n<h2 class=\"subline\">Tamanhos<\/h2>\n<p>20cm<\/td>\n<\/tr>\n<tr>\n<td>\n<h2 class=\"subline\">Indica\u00e7\u00f5es<\/h2>\n<p>Pr\u00e1tica de yoga e pilates; Alongamento muscular; Reabilita\u00e7\u00e3o; Treinamento funcional.<\/td>\n<\/tr>\n<tr>\n<td>\n<h2 class=\"subline\">Composi\u00e7\u00e3o<\/h2>\n<p>PVC<\/td>\n<\/tr>\n<\/tbody>\n<\/table>","protected":false},"excerpt":{"rendered":"<p>Pr\u00e1tica de yoga e pilates; Alongamento muscular; Reabilita\u00e7\u00e3o; Treinamento funcional.<\/p>","protected":false},"featured_media":1160,"comment_status":"open","ping_status":"closed","template":"","meta":{"_joinchat":[]},"product_brand":[],"product_cat":[114],"product_tag":[],"class_list":{"0":"post-1159","1":"product","2":"type-product","3":"status-publish","4":"has-post-thumbnail","6":"product_cat-fisioterapia-fitness","8":"first","9":"instock","10":"shipping-taxable","11":"purchasable","12":"product-type-simple"},"_links":{"self":[{"href":"https:\/\/www.medideal.com.br\/en\/wp-json\/wp\/v2\/product\/1159","targetHints":{"allow":["GET"]}}],"collection":[{"href":"https:\/\/www.medideal.com.br\/en\/wp-json\/wp\/v2\/product"}],"about":[{"href":"https:\/\/www.medideal.com.br\/en\/wp-json\/wp\/v2\/types\/product"}],"replies":[{"embeddable":true,"href":"https:\/\/www.medideal.com.br\/en\/wp-json\/wp\/v2\/comments?post=1159"}],"wp:featuredmedia":[{"embeddable":true,"href":"https:\/\/www.medideal.com.br\/en\/wp-json\/wp\/v2\/media\/1160"}],"wp:attachment":[{"href":"https:\/\/www.medideal.com.br\/en\/wp-json\/wp\/v2\/media?parent=1159"}],"wp:term":[{"taxonomy":"product_brand","embeddable":true,"href":"https:\/\/www.medideal.com.br\/en\/wp-json\/wp\/v2\/product_brand?post=1159"},{"taxonomy":"product_cat","embeddable":true,"href":"https:\/\/www.medideal.com.br\/en\/wp-json\/wp\/v2\/product_cat?post=1159"},{"taxonomy":"product_tag","embeddable":true,"href":"https:\/\/www.medideal.com.br\/en\/wp-json\/wp\/v2\/product_tag?post=1159"}],"curies":[{"name":"wp","href":"https:\/\/api.w.org\/{rel}","templated":true}]}}