{"id":1148,"date":"2023-11-09T15:22:23","date_gmt":"2023-11-09T18:22:23","guid":{"rendered":"https:\/\/www.medideal.com.br\/?post_type=product&#038;p=1148"},"modified":"2023-11-09T15:24:57","modified_gmt":"2023-11-09T18:24:57","slug":"imobilizador-de-joelho-fixo-estreito-udine","status":"publish","type":"product","link":"https:\/\/www.medideal.com.br\/en\/imobilizador-de-joelho-fixo-estreito-udine\/","title":{"rendered":"Imobilizador de Joelho Fixo (Estreito) &#8211; Udine"},"content":{"rendered":"<p>Indicado em casos de afec\u00e7\u00f5es no joelho, promovendo a imobiliza\u00e7\u00e3o da regi\u00e3o.<\/p>\n<p>Confeccionado em tecido e espuma, com barbatanas de duralum\u00ednio e PVC, cinta el\u00e1stica e fechos em velcro.<\/p>\n<p><strong>Armazenagem<\/strong><\/p>\n<p>Manter em temperatura ambiente e local fresco arejado.<\/p>\n<p><strong>Caracter\u00edsticas<\/strong><\/p>\n<ul>\n<li>Confort\u00e1vel<\/li>\n<li>Alta durabilidade<\/li>\n<li>Fecho em velcro<\/li>\n<\/ul>","protected":false},"excerpt":{"rendered":"<p>Indicado em casos de afec\u00e7\u00f5es no joelho, promovendo a imobiliza\u00e7\u00e3o da regi\u00e3o.<\/p>","protected":false},"featured_media":1044,"comment_status":"closed","ping_status":"closed","template":"","meta":{"_joinchat":[]},"product_brand":[],"product_cat":[25],"product_tag":[],"class_list":{"0":"post-1148","1":"product","2":"type-product","3":"status-publish","4":"has-post-thumbnail","6":"product_cat-ortopedia","8":"first","9":"outofstock","10":"shipping-taxable","11":"purchasable","12":"product-type-variable"},"_links":{"self":[{"href":"https:\/\/www.medideal.com.br\/en\/wp-json\/wp\/v2\/product\/1148","targetHints":{"allow":["GET"]}}],"collection":[{"href":"https:\/\/www.medideal.com.br\/en\/wp-json\/wp\/v2\/product"}],"about":[{"href":"https:\/\/www.medideal.com.br\/en\/wp-json\/wp\/v2\/types\/product"}],"replies":[{"embeddable":true,"href":"https:\/\/www.medideal.com.br\/en\/wp-json\/wp\/v2\/comments?post=1148"}],"wp:featuredmedia":[{"embeddable":true,"href":"https:\/\/www.medideal.com.br\/en\/wp-json\/wp\/v2\/media\/1044"}],"wp:attachment":[{"href":"https:\/\/www.medideal.com.br\/en\/wp-json\/wp\/v2\/media?parent=1148"}],"wp:term":[{"taxonomy":"product_brand","embeddable":true,"href":"https:\/\/www.medideal.com.br\/en\/wp-json\/wp\/v2\/product_brand?post=1148"},{"taxonomy":"product_cat","embeddable":true,"href":"https:\/\/www.medideal.com.br\/en\/wp-json\/wp\/v2\/product_cat?post=1148"},{"taxonomy":"product_tag","embeddable":true,"href":"https:\/\/www.medideal.com.br\/en\/wp-json\/wp\/v2\/product_tag?post=1148"}],"curies":[{"name":"wp","href":"https:\/\/api.w.org\/{rel}","templated":true}]}}