{"id":1134,"date":"2023-11-09T15:14:57","date_gmt":"2023-11-09T18:14:57","guid":{"rendered":"https:\/\/www.medideal.com.br\/?post_type=product&#038;p=1134"},"modified":"2023-11-09T15:14:57","modified_gmt":"2023-11-09T18:14:57","slug":"tipoia-velpeau-udine","status":"publish","type":"product","link":"https:\/\/www.medideal.com.br\/en\/tipoia-velpeau-udine\/","title":{"rendered":"Tip\u00f3ia Velpeau &#8211; Udine"},"content":{"rendered":"<p>Sustenta e imobiliza os membros superiores em contus\u00f5es, luxa\u00e7\u00f5es e bursites.<\/p>\n<p>Confeccionada em brim, fecho de pl\u00e1stico e velcro.<\/p>\n<table class=\"table table-bordered table-striped\" style=\"height: 114px\" width=\"400\">\n<tbody>\n<tr>\n<th>Tamanho<\/th>\n<th>Medida<\/th>\n<\/tr>\n<tr>\n<th>PP<\/th>\n<td align=\"center\">31 \u2013 33<\/td>\n<\/tr>\n<tr>\n<th>P<\/th>\n<td align=\"center\">34 \u2013 36<\/td>\n<\/tr>\n<tr>\n<th>M<\/th>\n<td align=\"center\">37 \u2013 39<\/td>\n<\/tr>\n<tr>\n<th>G<\/th>\n<td align=\"center\">40 \u2013 42<\/td>\n<\/tr>\n<tr>\n<th>GG<\/th>\n<td align=\"center\">43 \u2013 45<\/td>\n<\/tr>\n<\/tbody>\n<\/table>\n<p><strong>Armazenagem<\/strong><\/p>\n<p>Manter em temperatura ambiente e local fresco arejado.<\/p>\n<p><strong>Caracter\u00edsticas<\/strong><\/p>\n<ul>\n<li>Confeccionada em brim<\/li>\n<li>Fecho pl\u00e1stico<\/li>\n<li>Confort\u00e1vel<\/li>\n<li>Ajust\u00e1vel<\/li>\n<\/ul>","protected":false},"excerpt":{"rendered":"<p>Sustenta e imobiliza os membros superiores em contus\u00f5es, luxa\u00e7\u00f5es e bursites.<\/p>","protected":false},"featured_media":1135,"comment_status":"open","ping_status":"closed","template":"","meta":{"_joinchat":[]},"product_brand":[],"product_cat":[25],"product_tag":[],"class_list":{"0":"post-1134","1":"product","2":"type-product","3":"status-publish","4":"has-post-thumbnail","6":"product_cat-ortopedia","8":"first","9":"outofstock","10":"shipping-taxable","11":"purchasable","12":"product-type-variable"},"_links":{"self":[{"href":"https:\/\/www.medideal.com.br\/en\/wp-json\/wp\/v2\/product\/1134","targetHints":{"allow":["GET"]}}],"collection":[{"href":"https:\/\/www.medideal.com.br\/en\/wp-json\/wp\/v2\/product"}],"about":[{"href":"https:\/\/www.medideal.com.br\/en\/wp-json\/wp\/v2\/types\/product"}],"replies":[{"embeddable":true,"href":"https:\/\/www.medideal.com.br\/en\/wp-json\/wp\/v2\/comments?post=1134"}],"wp:featuredmedia":[{"embeddable":true,"href":"https:\/\/www.medideal.com.br\/en\/wp-json\/wp\/v2\/media\/1135"}],"wp:attachment":[{"href":"https:\/\/www.medideal.com.br\/en\/wp-json\/wp\/v2\/media?parent=1134"}],"wp:term":[{"taxonomy":"product_brand","embeddable":true,"href":"https:\/\/www.medideal.com.br\/en\/wp-json\/wp\/v2\/product_brand?post=1134"},{"taxonomy":"product_cat","embeddable":true,"href":"https:\/\/www.medideal.com.br\/en\/wp-json\/wp\/v2\/product_cat?post=1134"},{"taxonomy":"product_tag","embeddable":true,"href":"https:\/\/www.medideal.com.br\/en\/wp-json\/wp\/v2\/product_tag?post=1134"}],"curies":[{"name":"wp","href":"https:\/\/api.w.org\/{rel}","templated":true}]}}