{"id":1129,"date":"2023-11-09T15:05:31","date_gmt":"2023-11-09T18:05:31","guid":{"rendered":"https:\/\/www.medideal.com.br\/?post_type=product&#038;p=1129"},"modified":"2024-01-26T19:02:47","modified_gmt":"2024-01-26T22:02:47","slug":"muleta-axilar-de-aluminio-udine","status":"publish","type":"product","link":"https:\/\/www.medideal.com.br\/en\/muleta-axilar-de-aluminio-udine\/","title":{"rendered":"Muleta Axilar de Alum\u00ednio &#8211; Udine"},"content":{"rendered":"<p>Indicado para descarga dos membros inferiores.<\/p>\n<p>Confeccionada em alum\u00ednio com apoio axilar e de m\u00e3os anat\u00f4mico de poliuretano, e regulagem de altura.<\/p>\n<table class=\"table table-bordered table-striped\" style=\"height: 76px\" width=\"600\">\n<tbody>\n<tr>\n<th>Tamanho<\/th>\n<\/tr>\n<tr>\n<td align=\"center\">\u00a0 \u00a0 \u00a0 \u00a0 \u00a0P\u00a0 \u00a0 \u00a0 \u00a0Usu\u00e1rios com altura entre 1,37m a 1,57m<\/td>\n<\/tr>\n<tr>\n<td align=\"center\">\u00a0 \u00a0 \u00a0 \u00a0 \u00a0M\u00a0 \u00a0 \u00a0 \u00a0Usu\u00e1rios com altura entre 1,57m a 1,78m<\/td>\n<\/tr>\n<tr>\n<td align=\"center\">\u00a0 \u00a0 \u00a0 \u00a0 \u00a0G\u00a0 \u00a0 \u00a0 \u00a0Usu\u00e1rios com altura entre 1,78m a 1,98m<\/td>\n<\/tr>\n<\/tbody>\n<\/table>\n<p><strong>Armazenagem<\/strong><\/p>\n<p>Manter em temperatura ambiente e local fresco arejado.<\/p>\n<p><strong>Caracter\u00edsticas<\/strong><\/p>\n<ul>\n<li>Poliuretano<\/li>\n<li>Alum\u00ednio<\/li>\n<li>Regul\u00e1vel<\/li>\n<\/ul>","protected":false},"excerpt":{"rendered":"<p>Confeccionada em alum\u00ednio com apoio axilar e de m\u00e3os anat\u00f4mico de poliuretano, e regulagem de altura.<\/p>","protected":false},"featured_media":1130,"comment_status":"open","ping_status":"closed","template":"","meta":{"_joinchat":[]},"product_brand":[],"product_cat":[118,25],"product_tag":[],"class_list":{"0":"post-1129","1":"product","2":"type-product","3":"status-publish","4":"has-post-thumbnail","6":"product_cat-ofertas","7":"product_cat-ortopedia","9":"first","10":"instock","11":"shipping-taxable","12":"purchasable","13":"product-type-variable"},"_links":{"self":[{"href":"https:\/\/www.medideal.com.br\/en\/wp-json\/wp\/v2\/product\/1129","targetHints":{"allow":["GET"]}}],"collection":[{"href":"https:\/\/www.medideal.com.br\/en\/wp-json\/wp\/v2\/product"}],"about":[{"href":"https:\/\/www.medideal.com.br\/en\/wp-json\/wp\/v2\/types\/product"}],"replies":[{"embeddable":true,"href":"https:\/\/www.medideal.com.br\/en\/wp-json\/wp\/v2\/comments?post=1129"}],"wp:featuredmedia":[{"embeddable":true,"href":"https:\/\/www.medideal.com.br\/en\/wp-json\/wp\/v2\/media\/1130"}],"wp:attachment":[{"href":"https:\/\/www.medideal.com.br\/en\/wp-json\/wp\/v2\/media?parent=1129"}],"wp:term":[{"taxonomy":"product_brand","embeddable":true,"href":"https:\/\/www.medideal.com.br\/en\/wp-json\/wp\/v2\/product_brand?post=1129"},{"taxonomy":"product_cat","embeddable":true,"href":"https:\/\/www.medideal.com.br\/en\/wp-json\/wp\/v2\/product_cat?post=1129"},{"taxonomy":"product_tag","embeddable":true,"href":"https:\/\/www.medideal.com.br\/en\/wp-json\/wp\/v2\/product_tag?post=1129"}],"curies":[{"name":"wp","href":"https:\/\/api.w.org\/{rel}","templated":true}]}}