{"id":1120,"date":"2023-11-09T14:57:07","date_gmt":"2023-11-09T17:57:07","guid":{"rendered":"https:\/\/www.medideal.com.br\/?post_type=product&#038;p=1120"},"modified":"2024-01-12T11:50:45","modified_gmt":"2024-01-12T14:50:45","slug":"bota-imobilizadora-longa-udine","status":"publish","type":"product","link":"https:\/\/www.medideal.com.br\/en\/bota-imobilizadora-longa-udine\/","title":{"rendered":"Bota Imobilizadora (Longa) &#8211; Udine"},"content":{"rendered":"<p>Indicado em casos de fraturas est\u00e1veis, luxa\u00e7\u00f5es e entorses.<\/p>\n<p>Substitui o gesso com maior conforto.<\/p>\n<table class=\"table table-bordered table-striped\" style=\"height: 34px\" width=\"406\">\n<tbody>\n<tr>\n<th>Tamanho<\/th>\n<th>Medida<\/th>\n<\/tr>\n<tr>\n<th>P<\/th>\n<td align=\"center\">33 \u2013 35<\/td>\n<\/tr>\n<tr>\n<th>M<\/th>\n<td align=\"center\">36 \u2013 39<\/td>\n<\/tr>\n<tr>\n<th>G<\/th>\n<td align=\"center\">40 \u2013 43<\/td>\n<\/tr>\n<\/tbody>\n<\/table>\n<p><strong>Armazenagem<\/strong><\/p>\n<p>Manter em temperatura ambiente e local fresco arejado.<\/p>\n<p><strong>Caracter\u00edsticas<\/strong><\/p>\n<ul>\n<li>Forro interno<\/li>\n<li>Refor\u00e7o lateral<\/li>\n<li>Cintas de ajuste<\/li>\n<li>Solado resistente<\/li>\n<\/ul>","protected":false},"excerpt":{"rendered":"<p>Indicado em casos de fraturas est\u00e1veis, luxa\u00e7\u00f5es e entorses.<\/p>","protected":false},"featured_media":1121,"comment_status":"open","ping_status":"closed","template":"","meta":{"_joinchat":[]},"product_brand":[],"product_cat":[25],"product_tag":[],"class_list":{"0":"post-1120","1":"product","2":"type-product","3":"status-publish","4":"has-post-thumbnail","6":"product_cat-ortopedia","8":"first","9":"instock","10":"shipping-taxable","11":"purchasable","12":"product-type-variable"},"_links":{"self":[{"href":"https:\/\/www.medideal.com.br\/en\/wp-json\/wp\/v2\/product\/1120","targetHints":{"allow":["GET"]}}],"collection":[{"href":"https:\/\/www.medideal.com.br\/en\/wp-json\/wp\/v2\/product"}],"about":[{"href":"https:\/\/www.medideal.com.br\/en\/wp-json\/wp\/v2\/types\/product"}],"replies":[{"embeddable":true,"href":"https:\/\/www.medideal.com.br\/en\/wp-json\/wp\/v2\/comments?post=1120"}],"wp:featuredmedia":[{"embeddable":true,"href":"https:\/\/www.medideal.com.br\/en\/wp-json\/wp\/v2\/media\/1121"}],"wp:attachment":[{"href":"https:\/\/www.medideal.com.br\/en\/wp-json\/wp\/v2\/media?parent=1120"}],"wp:term":[{"taxonomy":"product_brand","embeddable":true,"href":"https:\/\/www.medideal.com.br\/en\/wp-json\/wp\/v2\/product_brand?post=1120"},{"taxonomy":"product_cat","embeddable":true,"href":"https:\/\/www.medideal.com.br\/en\/wp-json\/wp\/v2\/product_cat?post=1120"},{"taxonomy":"product_tag","embeddable":true,"href":"https:\/\/www.medideal.com.br\/en\/wp-json\/wp\/v2\/product_tag?post=1120"}],"curies":[{"name":"wp","href":"https:\/\/api.w.org\/{rel}","templated":true}]}}