{"id":1101,"date":"2023-11-09T13:39:45","date_gmt":"2023-11-09T16:39:45","guid":{"rendered":"https:\/\/www.medideal.com.br\/?post_type=product&#038;p=1101"},"modified":"2024-01-12T11:37:00","modified_gmt":"2024-01-12T14:37:00","slug":"colete-de-jewett-udine","status":"publish","type":"product","link":"https:\/\/www.medideal.com.br\/en\/colete-de-jewett-udine\/","title":{"rendered":"Colete de Jewett &#8211; Udine"},"content":{"rendered":"<p>Indicado em casos de postura cif\u00f3tica ou portadores de fraturas da coluna tor\u00e1cica, recupera\u00e7\u00e3o e tratamento de fratura de compress\u00e3o.<\/p>\n<p>Confeccionado em PVC e fecho em velcro.<\/p>\n<table class=\"table table-bordered table-striped\" style=\"height: 110px\" width=\"404\">\n<tbody>\n<tr>\n<th>amanho<\/th>\n<th>Medida<\/th>\n<th>Altura<\/th>\n<th>Largura<\/th>\n<\/tr>\n<tr>\n<th>P<\/th>\n<td align=\"center\">80 \u2013 110<\/td>\n<td align=\"center\">36 \u2013 44<\/td>\n<td align=\"center\">36 \u2013 42<\/td>\n<\/tr>\n<tr>\n<th>M<\/th>\n<td align=\"center\">85 \u2013 115<\/td>\n<td align=\"center\">46 \u2013 50<\/td>\n<td align=\"center\">40 \u2013 45<\/td>\n<\/tr>\n<tr>\n<th>G<\/th>\n<td align=\"center\">110 \u2013 130<\/td>\n<td align=\"center\">41 \u2013 55<\/td>\n<td align=\"center\">43 \u2013 51<\/td>\n<\/tr>\n<\/tbody>\n<\/table>\n<p><strong>Armazenagem<\/strong><\/p>\n<p>Manter em temperatura ambiente e local fresco arejado.<\/p>\n<p><strong>Caracter\u00edsticas<\/strong><\/p>\n<ul>\n<li>PVC<\/li>\n<li>Ajust\u00e1vel<\/li>\n<li>Fecho em velcro<\/li>\n<li>Alta durabilidade<\/li>\n<li>Almofada revestida com espuma<\/li>\n<\/ul>","protected":false},"excerpt":{"rendered":"<p>Indicado em casos de postura cif\u00f3tica ou portadores de fraturas da coluna tor\u00e1cica, recupera\u00e7\u00e3o e tratamento de fratura de compress\u00e3o.<\/p>","protected":false},"featured_media":1102,"comment_status":"open","ping_status":"closed","template":"","meta":{"_joinchat":[]},"product_brand":[],"product_cat":[25],"product_tag":[],"class_list":{"0":"post-1101","1":"product","2":"type-product","3":"status-publish","4":"has-post-thumbnail","6":"product_cat-ortopedia","8":"first","9":"instock","10":"shipping-taxable","11":"purchasable","12":"product-type-variable"},"_links":{"self":[{"href":"https:\/\/www.medideal.com.br\/en\/wp-json\/wp\/v2\/product\/1101","targetHints":{"allow":["GET"]}}],"collection":[{"href":"https:\/\/www.medideal.com.br\/en\/wp-json\/wp\/v2\/product"}],"about":[{"href":"https:\/\/www.medideal.com.br\/en\/wp-json\/wp\/v2\/types\/product"}],"replies":[{"embeddable":true,"href":"https:\/\/www.medideal.com.br\/en\/wp-json\/wp\/v2\/comments?post=1101"}],"wp:featuredmedia":[{"embeddable":true,"href":"https:\/\/www.medideal.com.br\/en\/wp-json\/wp\/v2\/media\/1102"}],"wp:attachment":[{"href":"https:\/\/www.medideal.com.br\/en\/wp-json\/wp\/v2\/media?parent=1101"}],"wp:term":[{"taxonomy":"product_brand","embeddable":true,"href":"https:\/\/www.medideal.com.br\/en\/wp-json\/wp\/v2\/product_brand?post=1101"},{"taxonomy":"product_cat","embeddable":true,"href":"https:\/\/www.medideal.com.br\/en\/wp-json\/wp\/v2\/product_cat?post=1101"},{"taxonomy":"product_tag","embeddable":true,"href":"https:\/\/www.medideal.com.br\/en\/wp-json\/wp\/v2\/product_tag?post=1101"}],"curies":[{"name":"wp","href":"https:\/\/api.w.org\/{rel}","templated":true}]}}