{"id":1067,"date":"2023-11-09T13:01:18","date_gmt":"2023-11-09T16:01:18","guid":{"rendered":"https:\/\/www.medideal.com.br\/?post_type=product&#038;p=1067"},"modified":"2024-01-12T11:28:37","modified_gmt":"2024-01-12T14:28:37","slug":"aparelho-elastico-para-rotacao-dos-membros-inferiores-sling-udine","status":"publish","type":"product","link":"https:\/\/www.medideal.com.br\/en\/aparelho-elastico-para-rotacao-dos-membros-inferiores-sling-udine\/","title":{"rendered":"Aparelho El\u00e1stico para Rota\u00e7\u00e3o dos Membros Inferiores (Sling) &#8211; Udine"},"content":{"rendered":"<p>Indicado para corre\u00e7\u00e3o das rota\u00e7\u00f5es dos membros inferiores.<\/p>\n<p>Confeccionado em el\u00e1stico resistente, ajust\u00e1vel na cintura e no comprimento.<\/p>\n<table class=\"table table-bordered table-striped\" style=\"height: 85px\" width=\"404\">\n<tbody>\n<tr>\n<th>Tamanho<\/th>\n<th>Medida<\/th>\n<\/tr>\n<tr>\n<th>PP<\/th>\n<td align=\"center\">42 \u2013 47<\/td>\n<\/tr>\n<tr>\n<th>P<\/th>\n<td align=\"center\">48 \u2013 53<\/td>\n<\/tr>\n<tr>\n<th>M<\/th>\n<td align=\"center\">54 \u2013 59<\/td>\n<\/tr>\n<tr>\n<th>G<\/th>\n<td align=\"center\">60 \u2013 65<\/td>\n<\/tr>\n<tr>\n<th>GG<\/th>\n<td align=\"center\">66 \u2013 72<\/td>\n<\/tr>\n<\/tbody>\n<\/table>\n<p><strong>Armazenagem<\/strong><\/p>\n<p>Manter em temperatura ambiente e local fresco arejado.<\/p>\n<p><strong>Caracter\u00edsticas<\/strong><\/p>\n<ul>\n<li>Ajust\u00e1vel<\/li>\n<li>Alta durabilidade<\/li>\n<li>El\u00e1stico resistente<\/li>\n<li>Passantes met\u00e1licos<\/li>\n<\/ul>","protected":false},"excerpt":{"rendered":"<p>Indicado para corre\u00e7\u00e3o das rota\u00e7\u00f5es dos membros inferiores.<\/p>","protected":false},"featured_media":1068,"comment_status":"open","ping_status":"closed","template":"","meta":{"_joinchat":[]},"product_brand":[],"product_cat":[25],"product_tag":[],"class_list":{"0":"post-1067","1":"product","2":"type-product","3":"status-publish","4":"has-post-thumbnail","6":"product_cat-ortopedia","8":"first","9":"instock","10":"shipping-taxable","11":"purchasable","12":"product-type-variable"},"_links":{"self":[{"href":"https:\/\/www.medideal.com.br\/en\/wp-json\/wp\/v2\/product\/1067","targetHints":{"allow":["GET"]}}],"collection":[{"href":"https:\/\/www.medideal.com.br\/en\/wp-json\/wp\/v2\/product"}],"about":[{"href":"https:\/\/www.medideal.com.br\/en\/wp-json\/wp\/v2\/types\/product"}],"replies":[{"embeddable":true,"href":"https:\/\/www.medideal.com.br\/en\/wp-json\/wp\/v2\/comments?post=1067"}],"wp:featuredmedia":[{"embeddable":true,"href":"https:\/\/www.medideal.com.br\/en\/wp-json\/wp\/v2\/media\/1068"}],"wp:attachment":[{"href":"https:\/\/www.medideal.com.br\/en\/wp-json\/wp\/v2\/media?parent=1067"}],"wp:term":[{"taxonomy":"product_brand","embeddable":true,"href":"https:\/\/www.medideal.com.br\/en\/wp-json\/wp\/v2\/product_brand?post=1067"},{"taxonomy":"product_cat","embeddable":true,"href":"https:\/\/www.medideal.com.br\/en\/wp-json\/wp\/v2\/product_cat?post=1067"},{"taxonomy":"product_tag","embeddable":true,"href":"https:\/\/www.medideal.com.br\/en\/wp-json\/wp\/v2\/product_tag?post=1067"}],"curies":[{"name":"wp","href":"https:\/\/api.w.org\/{rel}","templated":true}]}}