{"id":1049,"date":"2023-11-09T12:41:06","date_gmt":"2023-11-09T15:41:06","guid":{"rendered":"https:\/\/www.medideal.com.br\/?post_type=product&#038;p=1049"},"modified":"2024-01-25T10:17:57","modified_gmt":"2024-01-25T13:17:57","slug":"assento-estofado-para-cadeira-higienica-udine","status":"publish","type":"product","link":"https:\/\/www.medideal.com.br\/en\/assento-estofado-para-cadeira-higienica-udine\/","title":{"rendered":"Assento Estofado para Cadeira Higi\u00eanica &#8211; Udine"},"content":{"rendered":"<p>Indicado para proporcionar conforto e possibilitar ao paciente o uso na cadeira de banho ou em outros ambientes.<\/p>\n<p>Confeccionado em courvin e enchimento em poli\u00e9ster.<\/p>\n<p><strong>Armazenagem<\/strong><\/p>\n<p>Manter em temperatura ambiente e local fresco arejado.<\/p>\n<p><strong>Caracter\u00edsticas<\/strong><\/p>\n<ul>\n<li>Courvin<\/li>\n<li>Use \u00e1gua e sab\u00e3o ou \u00e1lcool para higienizar o assento<\/li>\n<li>Alta Durabilidade<\/li>\n<\/ul>","protected":false},"excerpt":{"rendered":"<p>Indicado para proporcionar conforto e possibilitar ao paciente o uso na cadeira de banho ou em outros ambientes.<\/p>","protected":false},"featured_media":1050,"comment_status":"open","ping_status":"closed","template":"","meta":{"_joinchat":[]},"product_brand":[],"product_cat":[31],"product_tag":[],"class_list":{"0":"post-1049","1":"product","2":"type-product","3":"status-publish","4":"has-post-thumbnail","6":"product_cat-cadeira-de-rodas","8":"first","9":"outofstock","10":"shipping-taxable","11":"purchasable","12":"product-type-simple"},"_links":{"self":[{"href":"https:\/\/www.medideal.com.br\/en\/wp-json\/wp\/v2\/product\/1049","targetHints":{"allow":["GET"]}}],"collection":[{"href":"https:\/\/www.medideal.com.br\/en\/wp-json\/wp\/v2\/product"}],"about":[{"href":"https:\/\/www.medideal.com.br\/en\/wp-json\/wp\/v2\/types\/product"}],"replies":[{"embeddable":true,"href":"https:\/\/www.medideal.com.br\/en\/wp-json\/wp\/v2\/comments?post=1049"}],"wp:featuredmedia":[{"embeddable":true,"href":"https:\/\/www.medideal.com.br\/en\/wp-json\/wp\/v2\/media\/1050"}],"wp:attachment":[{"href":"https:\/\/www.medideal.com.br\/en\/wp-json\/wp\/v2\/media?parent=1049"}],"wp:term":[{"taxonomy":"product_brand","embeddable":true,"href":"https:\/\/www.medideal.com.br\/en\/wp-json\/wp\/v2\/product_brand?post=1049"},{"taxonomy":"product_cat","embeddable":true,"href":"https:\/\/www.medideal.com.br\/en\/wp-json\/wp\/v2\/product_cat?post=1049"},{"taxonomy":"product_tag","embeddable":true,"href":"https:\/\/www.medideal.com.br\/en\/wp-json\/wp\/v2\/product_tag?post=1049"}],"curies":[{"name":"wp","href":"https:\/\/api.w.org\/{rel}","templated":true}]}}