{"id":1036,"date":"2023-11-09T12:29:38","date_gmt":"2023-11-09T15:29:38","guid":{"rendered":"https:\/\/www.medideal.com.br\/?post_type=product&#038;p=1036"},"modified":"2024-01-11T16:53:57","modified_gmt":"2024-01-11T19:53:57","slug":"sandalia-baruk-udine","status":"publish","type":"product","link":"https:\/\/www.medideal.com.br\/en\/sandalia-baruk-udine\/","title":{"rendered":"Sand\u00e1lia Baruk &#8211; Udine"},"content":{"rendered":"<p>Indicado para o p\u00f3s-operat\u00f3rio da joanete.<\/p>\n<p>Confeccionado em lona de algod\u00e3o e fecho em velcro.<\/p>\n<table class=\"table table-bordered table-striped\" style=\"height: 100px\" width=\"401\">\n<tbody>\n<tr>\n<th>Tamanho<\/th>\n<th>Medida<\/th>\n<\/tr>\n<tr>\n<th>PP<\/th>\n<td align=\"center\">29 \u2013 32<\/td>\n<\/tr>\n<tr>\n<th>P<\/th>\n<td align=\"center\">33 \u2013 35<\/td>\n<\/tr>\n<tr>\n<th>M<\/th>\n<td align=\"center\">36 \u2013 39<\/td>\n<\/tr>\n<tr>\n<th>G<\/th>\n<td align=\"center\">40 \u2013 43<\/td>\n<\/tr>\n<tr>\n<th>GG<\/th>\n<td align=\"center\">44 \u2013 46<\/td>\n<\/tr>\n<\/tbody>\n<\/table>\n<p><strong>Armazenagem<\/strong><\/p>\n<p>Manter em temperatura ambiente e local fresco arejado.<\/p>\n<p><strong>Caracter\u00edsticas<\/strong><\/p>\n<ul>\n<li>Confort\u00e1vel<\/li>\n<li>Lona de algod\u00e3o<\/li>\n<li>Fecho em velcro<\/li>\n<li>Solado resistente<\/li>\n<\/ul>","protected":false},"excerpt":{"rendered":"<p>Indicado para o p\u00f3s-operat\u00f3rio da joanete.<\/p>","protected":false},"featured_media":1037,"comment_status":"open","ping_status":"closed","template":"","meta":{"_joinchat":[]},"product_brand":[],"product_cat":[25],"product_tag":[],"class_list":{"0":"post-1036","1":"product","2":"type-product","3":"status-publish","4":"has-post-thumbnail","6":"product_cat-ortopedia","8":"first","9":"instock","10":"shipping-taxable","11":"purchasable","12":"product-type-variable"},"_links":{"self":[{"href":"https:\/\/www.medideal.com.br\/en\/wp-json\/wp\/v2\/product\/1036","targetHints":{"allow":["GET"]}}],"collection":[{"href":"https:\/\/www.medideal.com.br\/en\/wp-json\/wp\/v2\/product"}],"about":[{"href":"https:\/\/www.medideal.com.br\/en\/wp-json\/wp\/v2\/types\/product"}],"replies":[{"embeddable":true,"href":"https:\/\/www.medideal.com.br\/en\/wp-json\/wp\/v2\/comments?post=1036"}],"wp:featuredmedia":[{"embeddable":true,"href":"https:\/\/www.medideal.com.br\/en\/wp-json\/wp\/v2\/media\/1037"}],"wp:attachment":[{"href":"https:\/\/www.medideal.com.br\/en\/wp-json\/wp\/v2\/media?parent=1036"}],"wp:term":[{"taxonomy":"product_brand","embeddable":true,"href":"https:\/\/www.medideal.com.br\/en\/wp-json\/wp\/v2\/product_brand?post=1036"},{"taxonomy":"product_cat","embeddable":true,"href":"https:\/\/www.medideal.com.br\/en\/wp-json\/wp\/v2\/product_cat?post=1036"},{"taxonomy":"product_tag","embeddable":true,"href":"https:\/\/www.medideal.com.br\/en\/wp-json\/wp\/v2\/product_tag?post=1036"}],"curies":[{"name":"wp","href":"https:\/\/api.w.org\/{rel}","templated":true}]}}