{"id":1014,"date":"2023-11-09T11:48:15","date_gmt":"2023-11-09T14:48:15","guid":{"rendered":"https:\/\/www.medideal.com.br\/?post_type=product&#038;p=1014"},"modified":"2024-01-11T16:48:45","modified_gmt":"2024-01-11T19:48:45","slug":"tutor-de-umero-direito-udine","status":"publish","type":"product","link":"https:\/\/www.medideal.com.br\/en\/tutor-de-umero-direito-udine\/","title":{"rendered":"Tutor de \u00damero Direito &#8211; Udine"},"content":{"rendered":"<p>Indicado para auxiliar a estabiliza\u00e7\u00e3o e tratamento funcional de fraturas.<\/p>\n<p>Confeccionado em PVC semi r\u00edgido e velcro.<\/p>\n<table class=\"table table-bordered table-striped\" style=\"height: 98px\" width=\"396\">\n<tbody>\n<tr>\n<th colspan=\"2\">Circunfer\u00eancia<\/th>\n<th>Altura<\/th>\n<\/tr>\n<tr>\n<th>P<\/th>\n<td align=\"center\">22 \u2013 26<\/td>\n<td align=\"center\">25 CM<\/td>\n<\/tr>\n<tr>\n<th>M<\/th>\n<td align=\"center\">26 \u2013 32<\/td>\n<td align=\"center\">28 CM<\/td>\n<\/tr>\n<tr>\n<th>G<\/th>\n<td align=\"center\">32 \u2013 40<\/td>\n<td align=\"center\">30 CM<\/td>\n<\/tr>\n<\/tbody>\n<\/table>\n<p><strong>Armazenagem<\/strong><\/p>\n<p>Manter em temperatura ambiente e local fresco arejado.<\/p>\n<p><strong>Caracter\u00edsticas<\/strong><\/p>\n<ul>\n<li>PVC com malha de algod\u00e3o<\/li>\n<li>Alta durabilidade<\/li>\n<li>Ajust\u00e1vel<\/li>\n<\/ul>","protected":false},"excerpt":{"rendered":"<p>Indicado para auxiliar a estabiliza\u00e7\u00e3o e tratamento funcional de fraturas.<\/p>","protected":false},"featured_media":1018,"comment_status":"open","ping_status":"closed","template":"","meta":{"_joinchat":[]},"product_brand":[],"product_cat":[25],"product_tag":[],"class_list":{"0":"post-1014","1":"product","2":"type-product","3":"status-publish","4":"has-post-thumbnail","6":"product_cat-ortopedia","8":"first","9":"instock","10":"shipping-taxable","11":"purchasable","12":"product-type-variable"},"_links":{"self":[{"href":"https:\/\/www.medideal.com.br\/en\/wp-json\/wp\/v2\/product\/1014","targetHints":{"allow":["GET"]}}],"collection":[{"href":"https:\/\/www.medideal.com.br\/en\/wp-json\/wp\/v2\/product"}],"about":[{"href":"https:\/\/www.medideal.com.br\/en\/wp-json\/wp\/v2\/types\/product"}],"replies":[{"embeddable":true,"href":"https:\/\/www.medideal.com.br\/en\/wp-json\/wp\/v2\/comments?post=1014"}],"wp:featuredmedia":[{"embeddable":true,"href":"https:\/\/www.medideal.com.br\/en\/wp-json\/wp\/v2\/media\/1018"}],"wp:attachment":[{"href":"https:\/\/www.medideal.com.br\/en\/wp-json\/wp\/v2\/media?parent=1014"}],"wp:term":[{"taxonomy":"product_brand","embeddable":true,"href":"https:\/\/www.medideal.com.br\/en\/wp-json\/wp\/v2\/product_brand?post=1014"},{"taxonomy":"product_cat","embeddable":true,"href":"https:\/\/www.medideal.com.br\/en\/wp-json\/wp\/v2\/product_cat?post=1014"},{"taxonomy":"product_tag","embeddable":true,"href":"https:\/\/www.medideal.com.br\/en\/wp-json\/wp\/v2\/product_tag?post=1014"}],"curies":[{"name":"wp","href":"https:\/\/api.w.org\/{rel}","templated":true}]}}