{"id":1001,"date":"2023-11-09T11:30:07","date_gmt":"2023-11-09T14:30:07","guid":{"rendered":"https:\/\/www.medideal.com.br\/?post_type=product&#038;p=1001"},"modified":"2024-01-25T11:01:16","modified_gmt":"2024-01-25T14:01:16","slug":"cinta-para-gestante-chantal","status":"publish","type":"product","link":"https:\/\/www.medideal.com.br\/en\/cinta-para-gestante-chantal\/","title":{"rendered":"Cinta Para Gestante &#8211; Chantal"},"content":{"rendered":"<p><span class=\"TextRun BCX0 SCXW170970676\" lang=\"PT-BR\" xml:lang=\"PT-BR\" data-contrast=\"auto\"><span class=\"NormalTextRun BCX0 SCXW170970676\">Indicada para proporcionar s<\/span><\/span>uporte e sustenta\u00e7\u00e3o da barriga durante ao quarto e nono m\u00eas de gesta\u00e7\u00e3o.<\/p>\n<h6><strong>Caracter\u00edsticas\u00a0<\/strong><\/h6>\n<p>Confeccionada em tecido felpado com espuma para promover conforto sem comprimir o abd\u00f4men. A Cinta para Gestante proporciona suporte e sustenta\u00e7\u00e3o da barriga reduzindo a dor na regi\u00e3o lombar durante o per\u00edodo gestacional. Fecho em Velcro\u00ae favorece ajuste perfeito ao corpo da gestante. Produto lav\u00e1vel.<\/p>\n<table style=\"height: 53px\" width=\"401\">\n<tbody>\n<tr>\n<td>Tamanho<\/td>\n<td>Medida (cm)<\/td>\n<\/tr>\n<tr>\n<td>\u00danico<\/td>\n<td>85-130<\/td>\n<\/tr>\n<\/tbody>\n<\/table>\n<p>&nbsp;<\/p>","protected":false},"excerpt":{"rendered":"<p><span class=\"TextRun BCX0 SCXW170970676\" lang=\"PT-BR\" xml:lang=\"PT-BR\" data-contrast=\"auto\"><span class=\"NormalTextRun BCX0 SCXW170970676\">Indicada para proporcionar s<\/span><\/span>uporte e sustenta\u00e7\u00e3o da barriga durante ao quarto e nono m\u00eas de gesta\u00e7\u00e3o.<\/p>","protected":false},"featured_media":1002,"comment_status":"open","ping_status":"closed","template":"","meta":{"_joinchat":[]},"product_brand":[],"product_cat":[117],"product_tag":[],"class_list":{"0":"post-1001","1":"product","2":"type-product","3":"status-publish","4":"has-post-thumbnail","6":"product_cat-faixa-elastica","8":"first","9":"instock","10":"shipping-taxable","11":"purchasable","12":"product-type-simple"},"_links":{"self":[{"href":"https:\/\/www.medideal.com.br\/en\/wp-json\/wp\/v2\/product\/1001","targetHints":{"allow":["GET"]}}],"collection":[{"href":"https:\/\/www.medideal.com.br\/en\/wp-json\/wp\/v2\/product"}],"about":[{"href":"https:\/\/www.medideal.com.br\/en\/wp-json\/wp\/v2\/types\/product"}],"replies":[{"embeddable":true,"href":"https:\/\/www.medideal.com.br\/en\/wp-json\/wp\/v2\/comments?post=1001"}],"wp:featuredmedia":[{"embeddable":true,"href":"https:\/\/www.medideal.com.br\/en\/wp-json\/wp\/v2\/media\/1002"}],"wp:attachment":[{"href":"https:\/\/www.medideal.com.br\/en\/wp-json\/wp\/v2\/media?parent=1001"}],"wp:term":[{"taxonomy":"product_brand","embeddable":true,"href":"https:\/\/www.medideal.com.br\/en\/wp-json\/wp\/v2\/product_brand?post=1001"},{"taxonomy":"product_cat","embeddable":true,"href":"https:\/\/www.medideal.com.br\/en\/wp-json\/wp\/v2\/product_cat?post=1001"},{"taxonomy":"product_tag","embeddable":true,"href":"https:\/\/www.medideal.com.br\/en\/wp-json\/wp\/v2\/product_tag?post=1001"}],"curies":[{"name":"wp","href":"https:\/\/api.w.org\/{rel}","templated":true}]}}