{"id":407,"date":"2023-09-12T10:31:30","date_gmt":"2023-09-12T13:31:30","guid":{"rendered":"https:\/\/www.medideal.com.br\/?page_id=407"},"modified":"2026-04-27T17:18:44","modified_gmt":"2026-04-27T20:18:44","slug":"fale-conosco","status":"publish","type":"page","link":"https:\/\/www.medideal.com.br\/en\/fale-conosco\/","title":{"rendered":"Fale Conosco"},"content":{"rendered":"<div data-elementor-type=\"wp-page\" data-elementor-id=\"407\" class=\"elementor elementor-407\" data-elementor-post-type=\"page\">\n\t\t\t\t<div class=\"elementor-element elementor-element-e9b5400 e-con-full elementor-hidden-mobile e-flex e-con e-parent\" data-id=\"e9b5400\" data-element_type=\"container\" data-e-type=\"container\">\n\t\t\t\t<div class=\"elementor-element elementor-element-f522883 elementor-widget-divider--view-line elementor-widget elementor-widget-divider\" data-id=\"f522883\" data-element_type=\"widget\" data-e-type=\"widget\" data-widget_type=\"divider.default\">\n\t\t\t\t<div class=\"elementor-widget-container\">\n\t\t\t\t\t\t\t<div class=\"elementor-divider\">\n\t\t\t<span class=\"elementor-divider-separator\">\n\t\t\t\t\t\t<\/span>\n\t\t<\/div>\n\t\t\t\t\t\t<\/div>\n\t\t\t\t<\/div>\n\t\t\t\t<\/div>\n\t\t<div class=\"elementor-element elementor-element-32027fd e-flex e-con-boxed e-con e-parent\" data-id=\"32027fd\" data-element_type=\"container\" data-e-type=\"container\">\n\t\t\t\t\t<div class=\"e-con-inner\">\n\t\t\t\t<div class=\"elementor-element elementor-element-a6bdf53 elementor-widget-divider--view-line_icon elementor-view-default elementor-widget-divider--element-align-center elementor-widget elementor-widget-divider\" data-id=\"a6bdf53\" data-element_type=\"widget\" data-e-type=\"widget\" data-widget_type=\"divider.default\">\n\t\t\t\t<div class=\"elementor-widget-container\">\n\t\t\t\t\t\t\t<div class=\"elementor-divider\">\n\t\t\t<span class=\"elementor-divider-separator\">\n\t\t\t\t\t\t\t<div class=\"elementor-icon elementor-divider__element\">\n\t\t\t\t\t<i aria-hidden=\"true\" class=\"fas fa-angle-down\"><\/i><\/div>\n\t\t\t\t\t\t<\/span>\n\t\t<\/div>\n\t\t\t\t\t\t<\/div>\n\t\t\t\t<\/div>\n\t\t\t\t\t<\/div>\n\t\t\t\t<\/div>\n\t\t<div class=\"elementor-element elementor-element-9b87773 e-flex e-con-boxed e-con e-parent\" data-id=\"9b87773\" data-element_type=\"container\" data-e-type=\"container\">\n\t\t\t\t\t<div class=\"e-con-inner\">\n\t\t<div class=\"elementor-element elementor-element-6c7ad85 e-con-full e-flex e-con e-child\" data-id=\"6c7ad85\" data-element_type=\"container\" data-e-type=\"container\">\n\t\t\t\t<div class=\"elementor-element elementor-element-90fb2ba elementor-widget elementor-widget-heading\" data-id=\"90fb2ba\" data-element_type=\"widget\" data-e-type=\"widget\" data-widget_type=\"heading.default\">\n\t\t\t\t<div class=\"elementor-widget-container\">\n\t\t\t\t\t<h2 class=\"elementor-heading-title elementor-size-default\">Formul\u00e1rio de contato<\/h2>\t\t\t\t<\/div>\n\t\t\t\t<\/div>\n\t\t\t\t<div class=\"elementor-element elementor-element-cee0047 elementor-widget elementor-widget-text-editor\" data-id=\"cee0047\" data-element_type=\"widget\" data-e-type=\"widget\" data-widget_type=\"text-editor.default\">\n\t\t\t\t<div class=\"elementor-widget-container\">\n\t\t\t\t\t\t\t\t\t<p>Por favor, preencha corretamente os campos abaixo, para que sua solicita\u00e7\u00e3o seja enviada com sucesso!<\/p><p><strong>*Aten\u00e7\u00e3o<\/strong>: <span style=\"color: #ff0000;\">Todos os campos s\u00e3o de preenchimento obrigat\u00f3rio<\/span>!<\/p>\t\t\t\t\t\t\t\t<\/div>\n\t\t\t\t<\/div>\n\t\t\t\t<div class=\"elementor-element elementor-element-3402429 elementor-widget elementor-widget-html\" data-id=\"3402429\" data-element_type=\"widget\" data-e-type=\"widget\" data-widget_type=\"html.default\">\n\t\t\t\t<div class=\"elementor-widget-container\">\n\t\t\t\t\t<script>\n\njQuery(document).ready(function(){\n\n    var btn = 'form[name=F1] button';      \/*INFORME O SELETOR DO BOT\u00c3O*\/\n    var checkbox = '#form-field-aceite';  \/*INFORME O NOME DO ID DO CHECKBOX*\/\n    \n    jQuery(btn).attr('disabled', 'disabled').css(\"opacity\", \"0.6\");\n   \n    jQuery(checkbox).click(function(){\n      \n        if(jQuery(this).is(':checked')){\n            \n            jQuery(btn).removeAttr('disabled').css(\"opacity\", \"1\");\n        \n        }else{\n            \n            jQuery(btn).attr('disabled', 'disabled').css(\"opacity\", \"0.6\");\n            \n        }\n        \n    });\n});\n<\/script>\t\t\t\t<\/div>\n\t\t\t\t<\/div>\n\t\t\t\t<div class=\"elementor-element elementor-element-5143d8e elementor-widget elementor-widget-form\" data-id=\"5143d8e\" data-element_type=\"widget\" data-e-type=\"widget\" data-settings=\"{&quot;step_next_label&quot;:&quot;Next&quot;,&quot;step_previous_label&quot;:&quot;Previous&quot;,&quot;button_width&quot;:&quot;100&quot;,&quot;step_type&quot;:&quot;number_text&quot;,&quot;step_icon_shape&quot;:&quot;circle&quot;}\" data-widget_type=\"form.default\">\n\t\t\t\t<div class=\"elementor-widget-container\">\n\t\t\t\t\t\t\t<form class=\"elementor-form\" method=\"post\" name=\"F1\" aria-label=\"F1\" action=\"\">\n\t\t\t<input type=\"hidden\" name=\"post_id\" value=\"407\"\/>\n\t\t\t<input type=\"hidden\" name=\"form_id\" value=\"5143d8e\"\/>\n\t\t\t<input type=\"hidden\" name=\"referer_title\" value=\"Fale Conosco\" \/>\n\n\t\t\t\t\t\t\t<input type=\"hidden\" name=\"queried_id\" value=\"407\"\/>\n\t\t\t\n\t\t\t<div class=\"elementor-form-fields-wrapper elementor-labels-\">\n\t\t\t\t\t\t\t\t<div class=\"elementor-field-type-text elementor-field-group elementor-column elementor-field-group-nome elementor-col-100 elementor-field-required\">\n\t\t\t\t\t\t\t\t\t\t\t\t<label for=\"form-field-nome\" class=\"elementor-field-label elementor-screen-only\">\n\t\t\t\t\t\t\t\tNome\t\t\t\t\t\t\t<\/label>\n\t\t\t\t\t\t\t\t\t\t\t\t\t\t<input size=\"1\" type=\"text\" name=\"form_fields[nome]\" id=\"form-field-nome\" class=\"elementor-field elementor-size-sm  elementor-field-textual\" placeholder=\"Nome Completo\" required=\"required\">\n\t\t\t\t\t\t\t\t\t\t\t<\/div>\n\t\t\t\t\t\t\t\t<div class=\"elementor-field-type-email elementor-field-group elementor-column elementor-field-group-email elementor-col-100 elementor-field-required\">\n\t\t\t\t\t\t\t\t\t\t\t\t<label for=\"form-field-email\" class=\"elementor-field-label elementor-screen-only\">\n\t\t\t\t\t\t\t\tEmail\t\t\t\t\t\t\t<\/label>\n\t\t\t\t\t\t\t\t\t\t\t\t\t\t<input size=\"1\" type=\"email\" name=\"form_fields[email]\" id=\"form-field-email\" class=\"elementor-field elementor-size-sm  elementor-field-textual\" placeholder=\"Email\" required=\"required\">\n\t\t\t\t\t\t\t\t\t\t\t<\/div>\n\t\t\t\t\t\t\t\t<div class=\"elementor-field-type-maskphone_with_ddd elementor-field-group elementor-column elementor-field-group-fone elementor-col-40 elementor-field-required\">\n\t\t\t\t\t\t\t\t\t\t\t\t<label for=\"form-field-fone\" class=\"elementor-field-label elementor-screen-only\">\n\t\t\t\t\t\t\t\tTelefone com DDD\t\t\t\t\t\t\t<\/label>\n\t\t\t\t\t\t<input size=\"1\" type=\"tel\" name=\"form_fields[fone]\" id=\"form-field-fone\" class=\"elementor-field elementor-size-sm  elementor-field-textual phone_with_ddd\" required=\"required\" placeholder=\"Telefone com DDD\">\t\t\t\t<\/div>\n\t\t\t\t\t\t\t\t<div class=\"elementor-field-type-text elementor-field-group elementor-column elementor-field-group-assunto elementor-col-60 elementor-field-required\">\n\t\t\t\t\t\t\t\t\t\t\t\t<label for=\"form-field-assunto\" class=\"elementor-field-label elementor-screen-only\">\n\t\t\t\t\t\t\t\tAssunto\t\t\t\t\t\t\t<\/label>\n\t\t\t\t\t\t\t\t\t\t\t\t\t\t<input size=\"1\" type=\"text\" name=\"form_fields[assunto]\" id=\"form-field-assunto\" class=\"elementor-field elementor-size-sm  elementor-field-textual\" placeholder=\"Assunto\" required=\"required\">\n\t\t\t\t\t\t\t\t\t\t\t<\/div>\n\t\t\t\t\t\t\t\t<div class=\"elementor-field-type-textarea elementor-field-group elementor-column elementor-field-group-msg elementor-col-100\">\n\t\t\t\t\t\t\t\t\t\t\t\t<label for=\"form-field-msg\" class=\"elementor-field-label elementor-screen-only\">\n\t\t\t\t\t\t\t\tMensagem\t\t\t\t\t\t\t<\/label>\n\t\t\t\t\t\t<textarea class=\"elementor-field-textual elementor-field  elementor-size-sm\" name=\"form_fields[msg]\" id=\"form-field-msg\" rows=\"5\" placeholder=\"Mensagem \/ Coment\u00e1rio\"><\/textarea>\t\t\t\t<\/div>\n\t\t\t\t\t\t\t\t<div class=\"elementor-field-type-acceptance elementor-field-group elementor-column elementor-field-group-aceite elementor-col-100 elementor-field-required\">\n\t\t\t\t\t\t\t\t\t\t\t\t<label for=\"form-field-aceite\" class=\"elementor-field-label elementor-screen-only\">\n\t\t\t\t\t\t\t\tTermos\t\t\t\t\t\t\t<\/label>\n\t\t\t\t\t\t\t\t<div class=\"elementor-field-subgroup\">\n\t\t\t<span class=\"elementor-field-option\">\n\t\t\t\t<input type=\"checkbox\" name=\"form_fields[aceite]\" id=\"form-field-aceite\" class=\"elementor-field elementor-size-sm  elementor-acceptance-field\" required=\"required\">\n\t\t\t\t<label for=\"form-field-aceite\">Por favor, aceite os termos marcando essa caixa<\/label>\t\t\t<\/span>\n\t\t<\/div>\n\t\t\t\t\t\t<\/div>\n\t\t\t\t\t\t\t\t<div class=\"elementor-field-group elementor-column elementor-field-type-submit elementor-col-100 e-form__buttons\">\n\t\t\t\t\t<button class=\"elementor-button elementor-size-xs\" type=\"submit\">\n\t\t\t\t\t\t<span class=\"elementor-button-content-wrapper\">\n\t\t\t\t\t\t\t\t\t\t\t\t\t\t\t\t\t\t\t\t\t\t<span class=\"elementor-button-text\">Enviar<\/span>\n\t\t\t\t\t\t\t\t\t\t\t\t\t<\/span>\n\t\t\t\t\t<\/button>\n\t\t\t\t<\/div>\n\t\t\t<\/div>\n\t\t<input type=\"hidden\" name=\"trp-form-language\" value=\"en\"\/><\/form>\n\t\t\t\t\t\t<\/div>\n\t\t\t\t<\/div>\n\t\t\t\t<\/div>\n\t\t<div class=\"elementor-element elementor-element-f56e77a e-con-full e-flex e-con e-child\" data-id=\"f56e77a\" data-element_type=\"container\" data-e-type=\"container\">\n\t\t\t\t<div class=\"elementor-element elementor-element-5bf667a elementor-hidden-tablet img-contato elementor-widget elementor-widget-image\" data-id=\"5bf667a\" data-element_type=\"widget\" data-e-type=\"widget\" data-widget_type=\"image.default\">\n\t\t\t\t<div class=\"elementor-widget-container\">\n\t\t\t\t\t\t\t\t\t\t\t\t\t\t\t<img fetchpriority=\"high\" decoding=\"async\" width=\"800\" height=\"727\" src=\"https:\/\/www.medideal.com.br\/wp-content\/uploads\/2023\/09\/fale-conosco-1024x930.jpg\" class=\"attachment-large size-large wp-image-430\" alt=\"\" srcset=\"https:\/\/www.medideal.com.br\/wp-content\/uploads\/2023\/09\/fale-conosco-1024x930.jpg 1024w, https:\/\/www.medideal.com.br\/wp-content\/uploads\/2023\/09\/fale-conosco-300x272.jpg 300w, https:\/\/www.medideal.com.br\/wp-content\/uploads\/2023\/09\/fale-conosco-768x697.jpg 768w, https:\/\/www.medideal.com.br\/wp-content\/uploads\/2023\/09\/fale-conosco-1536x1395.jpg 1536w, https:\/\/www.medideal.com.br\/wp-content\/uploads\/2023\/09\/fale-conosco-600x545.jpg 600w, https:\/\/www.medideal.com.br\/wp-content\/uploads\/2023\/09\/fale-conosco-64x58.jpg 64w, https:\/\/www.medideal.com.br\/wp-content\/uploads\/2023\/09\/fale-conosco.jpg 1753w\" sizes=\"(max-width: 800px) 100vw, 800px\" \/>\t\t\t\t\t\t\t\t\t\t\t\t\t\t\t<\/div>\n\t\t\t\t<\/div>\n\t\t\t\t<div class=\"elementor-element elementor-element-4dc60d3 elementor-widget elementor-widget-text-editor\" data-id=\"4dc60d3\" data-element_type=\"widget\" data-e-type=\"widget\" data-widget_type=\"text-editor.default\">\n\t\t\t\t<div class=\"elementor-widget-container\">\n\t\t\t\t\t\t\t\t\t<p><span style=\"color: #008096;\"><strong>Ideal Med &#8211; Produtos Cir\u00fargicos e Ortop\u00e9dicos<\/strong><\/span><\/p><p><strong>Telefones (WhatsApp)<\/strong><br \/><a href=\"https:\/\/wa.me\/5511960431280?text=Ol%C3%A1.%20Bem%20vindo%20a%20Ideal%20Med.%20Como%20podemos%20lhe%20ajudar?\" target=\"_blank\" rel=\"noopener\">(11) 96043-1280<\/a><\/p><p><strong>Email<\/strong><br \/><a href=\"mailto:atendimento@medideal.com.br\">atendimento@medideal.com.br<\/a><\/p>\t\t\t\t\t\t\t\t<\/div>\n\t\t\t\t<\/div>\n\t\t\t\t<\/div>\n\t\t\t\t\t<\/div>\n\t\t\t\t<\/div>\n\t\t\t\t<\/div>","protected":false},"excerpt":{"rendered":"<p>Formul\u00e1rio de contato Por favor, preencha corretamente os campos abaixo, para que sua solicita\u00e7\u00e3o seja enviada com sucesso! *Aten\u00e7\u00e3o: Todos os campos s\u00e3o de preenchimento obrigat\u00f3rio! Ideal Med &#8211; Produtos Cir\u00fargicos e Ortop\u00e9dicos Telefones (WhatsApp)(11) 96043-1280 Emailatendimento@medideal.com.br<\/p>","protected":false},"author":1,"featured_media":0,"parent":0,"menu_order":0,"comment_status":"closed","ping_status":"closed","template":"elementor_header_footer","meta":{"_joinchat":[],"footnotes":""},"class_list":["post-407","page","type-page","status-publish","hentry"],"_links":{"self":[{"href":"https:\/\/www.medideal.com.br\/en\/wp-json\/wp\/v2\/pages\/407","targetHints":{"allow":["GET"]}}],"collection":[{"href":"https:\/\/www.medideal.com.br\/en\/wp-json\/wp\/v2\/pages"}],"about":[{"href":"https:\/\/www.medideal.com.br\/en\/wp-json\/wp\/v2\/types\/page"}],"author":[{"embeddable":true,"href":"https:\/\/www.medideal.com.br\/en\/wp-json\/wp\/v2\/users\/1"}],"replies":[{"embeddable":true,"href":"https:\/\/www.medideal.com.br\/en\/wp-json\/wp\/v2\/comments?post=407"}],"version-history":[{"count":82,"href":"https:\/\/www.medideal.com.br\/en\/wp-json\/wp\/v2\/pages\/407\/revisions"}],"predecessor-version":[{"id":3839,"href":"https:\/\/www.medideal.com.br\/en\/wp-json\/wp\/v2\/pages\/407\/revisions\/3839"}],"wp:attachment":[{"href":"https:\/\/www.medideal.com.br\/en\/wp-json\/wp\/v2\/media?parent=407"}],"curies":[{"name":"wp","href":"https:\/\/api.w.org\/{rel}","templated":true}]}}